{"id":15607,"date":"2025-04-14T16:55:18","date_gmt":"2025-04-14T15:55:18","guid":{"rendered":"https:\/\/tremunpiercing.com\/?post_type=product&#038;p=15607"},"modified":"2026-03-23T12:17:17","modified_gmt":"2026-03-23T11:17:17","slug":"septum-clicker-tina-emerald","status":"publish","type":"product","link":"https:\/\/tremunpiercing.com\/es\/product\/septum-clicker-tina-emerald\/","title":{"rendered":"Septum Clicker Tina Esmeralda"},"content":{"rendered":"<p>El Tina Emerald Septum Clicker es un elegante anillo clicker hecho para profesionales del piercing, estudios y distribuidores mayoristas. Hecho de titanio F-136 grado implante, es hipoalerg\u00e9nico para la seguridad durante toda la vida de la perforaci\u00f3n, y va a durar m\u00e1s tiempo sin ning\u00fan riesgo de corrosi\u00f3n, por lo que es la opci\u00f3n ideal para los clientes con piel sensible.el Tina Esmeralda tiene un di\u00e1metro de 10 mm, un calibre 16G, una longitud clicker 7 mm, y se aloja con una gema de circonio c\u00fabico esmeralda 4 mm.<\/p>\n<p>La forma se asemeja a dos ramas semicirculares formando un eslab\u00f3n. Es un b\u00e1sico para el uso profesional, tiene un sistema de cierre acreditado y ser\u00e1 una buena pieza para el d\u00eda a d\u00eda. La vitalidad de la gema de circonita esmeralda no pasar\u00e1 desapercibida, creando un bonito estallido de color que atrae las miradas. Septum Clicker es un favorito entre los clientes que prefieren opciones m\u00e1s llamativas y elegantes, y no les decepcionar\u00e1.<\/p>","protected":false},"excerpt":{"rendered":"<ul>\n<li>Anillo Clicker<\/li>\n<li>Material: Titanio F-136 para implantes<\/li>\n<li>Di\u00e1metro: 10 mm<\/li>\n<li>Galga: 16G<\/li>\n<li>Longitud del clicker: 7 mm<\/li>\n<li>Gema: Circonita c\u00fabica<\/li>\n<\/ul>","protected":false},"featured_media":16177,"comment_status":"closed","ping_status":"closed","template":"","meta":{"_acf_changed":false},"product_brand":[],"product_cat":[341,340],"product_tag":[192,193,202,179,180,194,188,189,195,196,226,190,183,184,197,198],"class_list":{"0":"post-15607","1":"product","2":"type-product","3":"status-publish","4":"has-post-thumbnail","6":"product_cat-rings-titanium-jewelry","7":"product_cat-titanium-jewelry","8":"product_tag-anillo","9":"product_tag-argolla","10":"product_tag-clicker","11":"product_tag-cristal","12":"product_tag-cz","13":"product_tag-daith","14":"product_tag-ear","15":"product_tag-helix","16":"product_tag-hinged-ring","17":"product_tag-nariz","18":"product_tag-opal","19":"product_tag-oreja","20":"product_tag-perforacion","21":"product_tag-piercing","22":"product_tag-ring","23":"product_tag-septum","25":"first","26":"instock","27":"taxable","28":"shipping-taxable","29":"purchasable","30":"product-type-simple"},"acf":[],"gallery_images":[27787,27788],"_links":{"self":[{"href":"https:\/\/tremunpiercing.com\/es\/wp-json\/wp\/v2\/product\/15607","targetHints":{"allow":["GET"]}}],"collection":[{"href":"https:\/\/tremunpiercing.com\/es\/wp-json\/wp\/v2\/product"}],"about":[{"href":"https:\/\/tremunpiercing.com\/es\/wp-json\/wp\/v2\/types\/product"}],"replies":[{"embeddable":true,"href":"https:\/\/tremunpiercing.com\/es\/wp-json\/wp\/v2\/comments?post=15607"}],"version-history":[{"count":1,"href":"https:\/\/tremunpiercing.com\/es\/wp-json\/wp\/v2\/product\/15607\/revisions"}],"predecessor-version":[{"id":27789,"href":"https:\/\/tremunpiercing.com\/es\/wp-json\/wp\/v2\/product\/15607\/revisions\/27789"}],"wp:featuredmedia":[{"embeddable":true,"href":"https:\/\/tremunpiercing.com\/es\/wp-json\/wp\/v2\/media\/16177"}],"wp:attachment":[{"href":"https:\/\/tremunpiercing.com\/es\/wp-json\/wp\/v2\/media?parent=15607"}],"wp:term":[{"taxonomy":"product_brand","embeddable":true,"href":"https:\/\/tremunpiercing.com\/es\/wp-json\/wp\/v2\/product_brand?post=15607"},{"taxonomy":"product_cat","embeddable":true,"href":"https:\/\/tremunpiercing.com\/es\/wp-json\/wp\/v2\/product_cat?post=15607"},{"taxonomy":"product_tag","embeddable":true,"href":"https:\/\/tremunpiercing.com\/es\/wp-json\/wp\/v2\/product_tag?post=15607"}],"curies":[{"name":"wp","href":"https:\/\/api.w.org\/{rel}","templated":true}]}}