{"id":15619,"date":"2025-04-14T17:37:25","date_gmt":"2025-04-14T16:37:25","guid":{"rendered":"https:\/\/tremunpiercing.com\/?post_type=product&#038;p=15619"},"modified":"2026-03-19T15:43:32","modified_gmt":"2026-03-19T14:43:32","slug":"athena-pink-cz","status":"publish","type":"product","link":"https:\/\/tremunpiercing.com\/es\/product\/athena-pink-cz\/","title":{"rendered":"Atenea CZ rosa"},"content":{"rendered":"<p>El Athena Pink CZ ofrece un pop \u00fanico y femenino y ofrecer\u00e1 variedad a cualquier colecci\u00f3n de joyas piercing. Fabricado con titanio F-136 para implantes, esta pieza con rosca interna garantiza seguridad, hipoalergenicidad y durabilidad, y es apta para su uso en un entorno de piercing profesional. Cuando decimos que esta brillante gema de circonita rosa llama la atenci\u00f3n, \u00a1lo decimos en serio!<\/p>\n<p>Con un calibre 16G y 16,12 mm de longitud, esta pieza proporciona un ajuste seguro y c\u00f3modo para muchos piercings. Si usted est\u00e1 tratando de fuente segura y elegante de grado m\u00e9dico piercing joyer\u00eda al por mayor, el Athena Pink CZ es la elecci\u00f3n correcta. Compre su joyer\u00eda piercing en l\u00ednea de un fabricante de confianza.<\/p>","protected":false},"excerpt":{"rendered":"<ul>\n<li>Rosca interna<\/li>\n<li>Material: Titanio F-136 para implantes<\/li>\n<li>Galga: 16G<\/li>\n<li>Gema: Circonita c\u00fabica<\/li>\n<li>Longitud: 16,12 mm<\/li>\n<\/ul>","protected":false},"featured_media":15620,"comment_status":"closed","ping_status":"closed","template":"","meta":{"_acf_changed":false},"product_brand":[],"product_cat":[340,343],"product_tag":[187,188,209,189,205,206,190,183,184,207],"class_list":{"0":"post-15619","1":"product","2":"type-product","3":"status-publish","4":"has-post-thumbnail","6":"product_cat-titanium-jewelry","7":"product_cat-tops-titanium-jewelry","8":"product_tag-conch","9":"product_tag-ear","10":"product_tag-faux-rook","11":"product_tag-helix","12":"product_tag-lobe","13":"product_tag-lobulo","14":"product_tag-oreja","15":"product_tag-perforacion","16":"product_tag-piercing","17":"product_tag-tragus","19":"first","20":"instock","21":"taxable","22":"shipping-taxable","23":"purchasable","24":"product-type-simple"},"acf":[],"gallery_images":[27656,27657],"_links":{"self":[{"href":"https:\/\/tremunpiercing.com\/es\/wp-json\/wp\/v2\/product\/15619","targetHints":{"allow":["GET"]}}],"collection":[{"href":"https:\/\/tremunpiercing.com\/es\/wp-json\/wp\/v2\/product"}],"about":[{"href":"https:\/\/tremunpiercing.com\/es\/wp-json\/wp\/v2\/types\/product"}],"replies":[{"embeddable":true,"href":"https:\/\/tremunpiercing.com\/es\/wp-json\/wp\/v2\/comments?post=15619"}],"version-history":[{"count":1,"href":"https:\/\/tremunpiercing.com\/es\/wp-json\/wp\/v2\/product\/15619\/revisions"}],"predecessor-version":[{"id":27658,"href":"https:\/\/tremunpiercing.com\/es\/wp-json\/wp\/v2\/product\/15619\/revisions\/27658"}],"wp:featuredmedia":[{"embeddable":true,"href":"https:\/\/tremunpiercing.com\/es\/wp-json\/wp\/v2\/media\/15620"}],"wp:attachment":[{"href":"https:\/\/tremunpiercing.com\/es\/wp-json\/wp\/v2\/media?parent=15619"}],"wp:term":[{"taxonomy":"product_brand","embeddable":true,"href":"https:\/\/tremunpiercing.com\/es\/wp-json\/wp\/v2\/product_brand?post=15619"},{"taxonomy":"product_cat","embeddable":true,"href":"https:\/\/tremunpiercing.com\/es\/wp-json\/wp\/v2\/product_cat?post=15619"},{"taxonomy":"product_tag","embeddable":true,"href":"https:\/\/tremunpiercing.com\/es\/wp-json\/wp\/v2\/product_tag?post=15619"}],"curies":[{"name":"wp","href":"https:\/\/api.w.org\/{rel}","templated":true}]}}