{"id":15621,"date":"2025-04-14T17:39:55","date_gmt":"2025-04-14T16:39:55","guid":{"rendered":"https:\/\/tremunpiercing.com\/?post_type=product&#038;p=15621"},"modified":"2026-04-08T10:54:24","modified_gmt":"2026-04-08T09:54:24","slug":"athena-amethyst-cz","status":"publish","type":"product","link":"https:\/\/tremunpiercing.com\/es\/product\/athena-amethyst-cz\/","title":{"rendered":"Athena Amatista CZ"},"content":{"rendered":"<p>El Athena Amethyst CZ es una opci\u00f3n de alta gama para profesionales del piercing que buscan proporcionar a sus clientes una pieza de joyer\u00eda segura, a la moda y duradera. Esta joya con rosca interna est\u00e1 fabricada con titanio F-136 de grado de implante, por lo que puede confiar en su uso y durabilidad hipoalerg\u00e9nicos. Con su preciosa gema de circonita c\u00fabica amatista, proporciona una sensaci\u00f3n de riqueza y lujo que los clientes esperan en cada piercing. En calibre 16G y longitud de 16,12 mm, se obtiene comodidad, seguridad y facilidad de uso, todo ello como modo de facilidad para el perforador profesional. Proporcione a los clientes joyas corporales seguras al por mayor con las que puedan sentirse bien de un fabricante de confianza.<\/p>","protected":false},"excerpt":{"rendered":"<ul>\n<li>Rosca interna<\/li>\n<li>Material: Titanio F-136 para implantes<\/li>\n<li>Galga: 16G<\/li>\n<li>Gema: Circonita c\u00fabica<\/li>\n<li>Longitud: 16,12 mm<\/li>\n<\/ul>","protected":false},"featured_media":15622,"comment_status":"closed","ping_status":"closed","template":"","meta":{"_acf_changed":false},"product_brand":[],"product_cat":[340,343],"product_tag":[187,188,209,189,205,206,190,183,184,207],"class_list":{"0":"post-15621","1":"product","2":"type-product","3":"status-publish","4":"has-post-thumbnail","6":"product_cat-titanium-jewelry","7":"product_cat-tops-titanium-jewelry","8":"product_tag-conch","9":"product_tag-ear","10":"product_tag-faux-rook","11":"product_tag-helix","12":"product_tag-lobe","13":"product_tag-lobulo","14":"product_tag-oreja","15":"product_tag-perforacion","16":"product_tag-piercing","17":"product_tag-tragus","19":"first","20":"instock","21":"taxable","22":"shipping-taxable","23":"purchasable","24":"product-type-simple"},"acf":[],"gallery_images":[27648,27649],"_links":{"self":[{"href":"https:\/\/tremunpiercing.com\/es\/wp-json\/wp\/v2\/product\/15621","targetHints":{"allow":["GET"]}}],"collection":[{"href":"https:\/\/tremunpiercing.com\/es\/wp-json\/wp\/v2\/product"}],"about":[{"href":"https:\/\/tremunpiercing.com\/es\/wp-json\/wp\/v2\/types\/product"}],"replies":[{"embeddable":true,"href":"https:\/\/tremunpiercing.com\/es\/wp-json\/wp\/v2\/comments?post=15621"}],"version-history":[{"count":1,"href":"https:\/\/tremunpiercing.com\/es\/wp-json\/wp\/v2\/product\/15621\/revisions"}],"predecessor-version":[{"id":27650,"href":"https:\/\/tremunpiercing.com\/es\/wp-json\/wp\/v2\/product\/15621\/revisions\/27650"}],"wp:featuredmedia":[{"embeddable":true,"href":"https:\/\/tremunpiercing.com\/es\/wp-json\/wp\/v2\/media\/15622"}],"wp:attachment":[{"href":"https:\/\/tremunpiercing.com\/es\/wp-json\/wp\/v2\/media?parent=15621"}],"wp:term":[{"taxonomy":"product_brand","embeddable":true,"href":"https:\/\/tremunpiercing.com\/es\/wp-json\/wp\/v2\/product_brand?post=15621"},{"taxonomy":"product_cat","embeddable":true,"href":"https:\/\/tremunpiercing.com\/es\/wp-json\/wp\/v2\/product_cat?post=15621"},{"taxonomy":"product_tag","embeddable":true,"href":"https:\/\/tremunpiercing.com\/es\/wp-json\/wp\/v2\/product_tag?post=15621"}],"curies":[{"name":"wp","href":"https:\/\/api.w.org\/{rel}","templated":true}]}}