{"id":15623,"date":"2025-04-14T17:41:50","date_gmt":"2025-04-14T16:41:50","guid":{"rendered":"https:\/\/tremunpiercing.com\/?post_type=product&#038;p=15623"},"modified":"2026-04-18T13:47:23","modified_gmt":"2026-04-18T12:47:23","slug":"athena-lavander-cz","status":"publish","type":"product","link":"https:\/\/tremunpiercing.com\/es\/product\/athena-lavander-cz\/","title":{"rendered":"Athena Lavanda CZ"},"content":{"rendered":"<p>El Athena Lavender CZ es una pieza de joyer\u00eda elegante y de alta calidad pensada para el piercing profesional. Fabricada con titanio F-136 de grado de implante, esta joya de perforaci\u00f3n profesional con rosca interna tiene en cuenta la seguridad con una comodidad hipoalerg\u00e9nica superior y una durabilidad prolongada. La gema de circonita lavanda est\u00e1 delicadamente tallada para a\u00f1adir una suave elegancia y brillo, perfecta para los clientes que buscan una opci\u00f3n encantadora pero sutil. Con un calibre 16G y una longitud de 16,12 mm, el accesorio es seguro y est\u00e1 dise\u00f1ado profesionalmente para piercers, estudios y minoristas. Se trata de una pieza imprescindible para tu colecci\u00f3n. estudios para almacenar fondos de piercing de buen rendimiento.<\/p>","protected":false},"excerpt":{"rendered":"<ul>\n<li>Rosca interna<\/li>\n<li>Material: Titanio F-136 para implantes<\/li>\n<li>Galga: 16G<\/li>\n<li>Gema: Circonita c\u00fabica<\/li>\n<li>Longitud: 16,12 mm<\/li>\n<\/ul>","protected":false},"featured_media":15624,"comment_status":"closed","ping_status":"closed","template":"","meta":{"_acf_changed":false},"product_brand":[],"product_cat":[340,343],"product_tag":[187,188,209,189,205,206,190,183,184,207],"class_list":{"0":"post-15623","1":"product","2":"type-product","3":"status-publish","4":"has-post-thumbnail","6":"product_cat-titanium-jewelry","7":"product_cat-tops-titanium-jewelry","8":"product_tag-conch","9":"product_tag-ear","10":"product_tag-faux-rook","11":"product_tag-helix","12":"product_tag-lobe","13":"product_tag-lobulo","14":"product_tag-oreja","15":"product_tag-perforacion","16":"product_tag-piercing","17":"product_tag-tragus","19":"first","20":"instock","21":"taxable","22":"shipping-taxable","23":"purchasable","24":"product-type-simple"},"acf":[],"gallery_images":[27645,27644],"_links":{"self":[{"href":"https:\/\/tremunpiercing.com\/es\/wp-json\/wp\/v2\/product\/15623","targetHints":{"allow":["GET"]}}],"collection":[{"href":"https:\/\/tremunpiercing.com\/es\/wp-json\/wp\/v2\/product"}],"about":[{"href":"https:\/\/tremunpiercing.com\/es\/wp-json\/wp\/v2\/types\/product"}],"replies":[{"embeddable":true,"href":"https:\/\/tremunpiercing.com\/es\/wp-json\/wp\/v2\/comments?post=15623"}],"version-history":[{"count":1,"href":"https:\/\/tremunpiercing.com\/es\/wp-json\/wp\/v2\/product\/15623\/revisions"}],"predecessor-version":[{"id":27647,"href":"https:\/\/tremunpiercing.com\/es\/wp-json\/wp\/v2\/product\/15623\/revisions\/27647"}],"wp:featuredmedia":[{"embeddable":true,"href":"https:\/\/tremunpiercing.com\/es\/wp-json\/wp\/v2\/media\/15624"}],"wp:attachment":[{"href":"https:\/\/tremunpiercing.com\/es\/wp-json\/wp\/v2\/media?parent=15623"}],"wp:term":[{"taxonomy":"product_brand","embeddable":true,"href":"https:\/\/tremunpiercing.com\/es\/wp-json\/wp\/v2\/product_brand?post=15623"},{"taxonomy":"product_cat","embeddable":true,"href":"https:\/\/tremunpiercing.com\/es\/wp-json\/wp\/v2\/product_cat?post=15623"},{"taxonomy":"product_tag","embeddable":true,"href":"https:\/\/tremunpiercing.com\/es\/wp-json\/wp\/v2\/product_tag?post=15623"}],"curies":[{"name":"wp","href":"https:\/\/api.w.org\/{rel}","templated":true}]}}