{"id":15625,"date":"2025-04-14T17:44:37","date_gmt":"2025-04-14T16:44:37","guid":{"rendered":"https:\/\/tremunpiercing.com\/?post_type=product&#038;p=15625"},"modified":"2026-03-29T20:29:20","modified_gmt":"2026-03-29T19:29:20","slug":"athena-black-cz","status":"publish","type":"product","link":"https:\/\/tremunpiercing.com\/es\/product\/athena-black-cz\/","title":{"rendered":"Athena CZ negro"},"content":{"rendered":"<p>El Athena Black CZ combina elegancia y seguridad de grado profesional, que es esencial para las tiendas de piercing o tiendas de tatuajes. Joyer\u00eda de titanio con rosca interna, implante de titanio F-136, se ha utilizado para la joyer\u00eda de titanio avanzado, basado en el rendimiento durante a\u00f1os y proporcionar\u00e1 durabilidad, desgaste hipoalerg\u00e9nico, y el m\u00e1ximo confort para los clientes con piel sensible.<\/p>\n<p>Una atrevida gema negra de circonita c\u00fabica proporciona el toque moderno y vanguardista que se suele ver en las colecciones de piercings de venta al por menor. Esta pieza proporciona piercers con un 16G (calibre) y una longitud de 16, 12 mm, y es un seguro visualmente seguro y f\u00e1cil de usar para cualquier piercer profesional. Compre joyas de piercing profesionales en l\u00ednea a un mayorista o distribuidor de confianza para a\u00f1adirlas a su colecci\u00f3n profesional.<\/p>","protected":false},"excerpt":{"rendered":"<ul>\n<li>Rosca interna<\/li>\n<li>Material: Titanio F-136 para implantes<\/li>\n<li>Galga: 16G<\/li>\n<li>Gema: Circonita c\u00fabica<\/li>\n<li>Longitud: 16,12 mm<\/li>\n<\/ul>","protected":false},"featured_media":15626,"comment_status":"closed","ping_status":"closed","template":"","meta":{"_acf_changed":false},"product_brand":[],"product_cat":[340,343],"product_tag":[187,188,209,189,205,206,190,183,184,207],"class_list":{"0":"post-15625","1":"product","2":"type-product","3":"status-publish","4":"has-post-thumbnail","6":"product_cat-titanium-jewelry","7":"product_cat-tops-titanium-jewelry","8":"product_tag-conch","9":"product_tag-ear","10":"product_tag-faux-rook","11":"product_tag-helix","12":"product_tag-lobe","13":"product_tag-lobulo","14":"product_tag-oreja","15":"product_tag-perforacion","16":"product_tag-piercing","17":"product_tag-tragus","19":"first","20":"instock","21":"taxable","22":"shipping-taxable","23":"purchasable","24":"product-type-simple"},"acf":[],"gallery_images":[27642,27643],"_links":{"self":[{"href":"https:\/\/tremunpiercing.com\/es\/wp-json\/wp\/v2\/product\/15625","targetHints":{"allow":["GET"]}}],"collection":[{"href":"https:\/\/tremunpiercing.com\/es\/wp-json\/wp\/v2\/product"}],"about":[{"href":"https:\/\/tremunpiercing.com\/es\/wp-json\/wp\/v2\/types\/product"}],"replies":[{"embeddable":true,"href":"https:\/\/tremunpiercing.com\/es\/wp-json\/wp\/v2\/comments?post=15625"}],"version-history":[{"count":1,"href":"https:\/\/tremunpiercing.com\/es\/wp-json\/wp\/v2\/product\/15625\/revisions"}],"predecessor-version":[{"id":27646,"href":"https:\/\/tremunpiercing.com\/es\/wp-json\/wp\/v2\/product\/15625\/revisions\/27646"}],"wp:featuredmedia":[{"embeddable":true,"href":"https:\/\/tremunpiercing.com\/es\/wp-json\/wp\/v2\/media\/15626"}],"wp:attachment":[{"href":"https:\/\/tremunpiercing.com\/es\/wp-json\/wp\/v2\/media?parent=15625"}],"wp:term":[{"taxonomy":"product_brand","embeddable":true,"href":"https:\/\/tremunpiercing.com\/es\/wp-json\/wp\/v2\/product_brand?post=15625"},{"taxonomy":"product_cat","embeddable":true,"href":"https:\/\/tremunpiercing.com\/es\/wp-json\/wp\/v2\/product_cat?post=15625"},{"taxonomy":"product_tag","embeddable":true,"href":"https:\/\/tremunpiercing.com\/es\/wp-json\/wp\/v2\/product_tag?post=15625"}],"curies":[{"name":"wp","href":"https:\/\/api.w.org\/{rel}","templated":true}]}}