{"id":15643,"date":"2025-04-14T18:02:20","date_gmt":"2025-04-14T17:02:20","guid":{"rendered":"https:\/\/tremunpiercing.com\/?post_type=product&#038;p=15643"},"modified":"2026-04-13T09:11:58","modified_gmt":"2026-04-13T08:11:58","slug":"lilbit-push-pin-topaz-blue","status":"publish","type":"product","link":"https:\/\/tremunpiercing.com\/es\/product\/lilbit-push-pin-topaz-blue\/","title":{"rendered":"Pasador Lilbit Topacio Azul"},"content":{"rendered":"<p>El Lilbit Topaz Blue Push Pin alegrar\u00e1 su colecci\u00f3n de joyas piercing con un pop de color. Este pasador hecho de titanio F-136 de grado de implante, est\u00e1 dise\u00f1ado para la comodidad, la seguridad, y un brillo brillante de larga duraci\u00f3n. La deslumbrante gema de circonita azul topacio a\u00f1ade un color fresco y un acento visible que encantar\u00e1 a sus clientes.<\/p>\n<p>Este producto viene en di\u00e1metros de 1,5 mm a 3 mm y s\u00f3lo es compatible con el pasador de empuje <a href=\"https:\/\/tremunpiercing.com\/product-category\/titanium-jewelry\/labret-titanium-jeawelry\/\">labrets<\/a>. As\u00ed, sus clientes podr\u00e1n llevarlo de forma segura y profesional. El Lilbit Push Pin Topaz Azul es perfecto para proveedores de joyer\u00eda de piercing, estudios de tatuaje y distribuidores mayoristas de joyer\u00eda corporal. A los revendedores les encantar\u00e1 tener la posibilidad de ofrecer opciones de joyer\u00eda hipoalerg\u00e9nica de alta calidad a sus clientes.<\/p>","protected":false},"excerpt":{"rendered":"<ul>\n<li>Accesorio pasador<\/li>\n<li>Campatible s\u00f3lo con labrets de pasador a presi\u00f3n<\/li>\n<li>Material: Titanio F-136 para implantes<\/li>\n<li>Calibre: 25G<\/li>\n<li>Di\u00e1metros: 1,5mm - 2mm - 2,5mm - 3mm<\/li>\n<li>Gema: Circonita c\u00fabica<\/li>\n<\/ul>","protected":false},"featured_media":15648,"comment_status":"closed","ping_status":"closed","template":"","meta":{"_acf_changed":false},"product_brand":[],"product_cat":[340,343],"product_tag":[218,295,296,187,188,189,205,206,212,190,183,213,184,297,294,207],"class_list":{"0":"post-15643","1":"product","2":"type-product","3":"status-publish","4":"has-post-thumbnail","6":"product_cat-titanium-jewelry","7":"product_cat-tops-titanium-jewelry","8":"product_tag-ball","9":"product_tag-bola","10":"product_tag-bolita","11":"product_tag-conch","12":"product_tag-ear","13":"product_tag-helix","14":"product_tag-lobe","15":"product_tag-lobulo","16":"product_tag-medusa","17":"product_tag-oreja","18":"product_tag-perforacion","19":"product_tag-philtrum","20":"product_tag-piercing","21":"product_tag-repuesto","22":"product_tag-spare","23":"product_tag-tragus","25":"first","26":"instock","27":"taxable","28":"shipping-taxable","29":"purchasable","30":"product-type-variable"},"acf":[],"gallery_images":[27767,27768],"_links":{"self":[{"href":"https:\/\/tremunpiercing.com\/es\/wp-json\/wp\/v2\/product\/15643","targetHints":{"allow":["GET"]}}],"collection":[{"href":"https:\/\/tremunpiercing.com\/es\/wp-json\/wp\/v2\/product"}],"about":[{"href":"https:\/\/tremunpiercing.com\/es\/wp-json\/wp\/v2\/types\/product"}],"replies":[{"embeddable":true,"href":"https:\/\/tremunpiercing.com\/es\/wp-json\/wp\/v2\/comments?post=15643"}],"version-history":[{"count":1,"href":"https:\/\/tremunpiercing.com\/es\/wp-json\/wp\/v2\/product\/15643\/revisions"}],"predecessor-version":[{"id":27773,"href":"https:\/\/tremunpiercing.com\/es\/wp-json\/wp\/v2\/product\/15643\/revisions\/27773"}],"wp:featuredmedia":[{"embeddable":true,"href":"https:\/\/tremunpiercing.com\/es\/wp-json\/wp\/v2\/media\/15648"}],"wp:attachment":[{"href":"https:\/\/tremunpiercing.com\/es\/wp-json\/wp\/v2\/media?parent=15643"}],"wp:term":[{"taxonomy":"product_brand","embeddable":true,"href":"https:\/\/tremunpiercing.com\/es\/wp-json\/wp\/v2\/product_brand?post=15643"},{"taxonomy":"product_cat","embeddable":true,"href":"https:\/\/tremunpiercing.com\/es\/wp-json\/wp\/v2\/product_cat?post=15643"},{"taxonomy":"product_tag","embeddable":true,"href":"https:\/\/tremunpiercing.com\/es\/wp-json\/wp\/v2\/product_tag?post=15643"}],"curies":[{"name":"wp","href":"https:\/\/api.w.org\/{rel}","templated":true}]}}