{"id":15655,"date":"2025-04-14T18:13:13","date_gmt":"2025-04-14T17:13:13","guid":{"rendered":"https:\/\/tremunpiercing.com\/?post_type=product&#038;p=15655"},"modified":"2026-04-16T15:34:03","modified_gmt":"2026-04-16T14:34:03","slug":"lilbit-push-pin-lavander","status":"publish","type":"product","link":"https:\/\/tremunpiercing.com\/es\/product\/lilbit-push-pin-lavander\/","title":{"rendered":"Lilbit Push Pin Lavanda"},"content":{"rendered":"<p>El Lilbit Push Pin Lavender es un accesorio de calidad hecho espec\u00edficamente para piercers profesionales y estudios. Este pasador hipoalerg\u00e9nico est\u00e1 hecho con titanio F-136 de grado de implante, lo que garantiza la mayor seguridad y comodidad (y probablemente la mejor opci\u00f3n si usted tiene un cliente con piel sensible). Esto hace que este accesorio sea f\u00e1cil de llevar todos los d\u00edas y proporciona una peque\u00f1a y bonita mejora a cualquier perforaci\u00f3n de oreja.<\/p>\n<p>Disponible en varios di\u00e1metros diferentes (1,5 mm-3 mm), este pasador de empuje se puede personalizar para todos los diferentes tipos de piercings, incluyendo una s\u00f3lida inmersi\u00f3n de ajuste seguro con pasador de empuje <a href=\"https:\/\/tremunpiercing.com\/product-category\/titanium-jewelry\/labret-titanium-jeawelry\/\">labrets<\/a>. A\u00f1ada esta gema de lavanda a su colecci\u00f3n y ofrezca a sus clientes joyas seguras y de calidad m\u00e9dica de uno de los mejores proveedores mayoristas.<\/p>","protected":false},"excerpt":{"rendered":"<ul>\n<li>Accesorio pasador<\/li>\n<li>Campatible s\u00f3lo con labrets de pasador a presi\u00f3n<\/li>\n<li>Material: Titanio F-136 para implantes<\/li>\n<li>Calibre: 25G<\/li>\n<li>Di\u00e1metros: 1,5mm - 2mm - 2,5mm - 3mm<\/li>\n<li>Gema: Circonita c\u00fabica<\/li>\n<\/ul>","protected":false},"featured_media":15660,"comment_status":"closed","ping_status":"closed","template":"","meta":{"_acf_changed":false},"product_brand":[],"product_cat":[340,343],"product_tag":[218,295,296,187,188,189,205,206,212,190,183,213,184,297,294,207],"class_list":{"0":"post-15655","1":"product","2":"type-product","3":"status-publish","4":"has-post-thumbnail","6":"product_cat-titanium-jewelry","7":"product_cat-tops-titanium-jewelry","8":"product_tag-ball","9":"product_tag-bola","10":"product_tag-bolita","11":"product_tag-conch","12":"product_tag-ear","13":"product_tag-helix","14":"product_tag-lobe","15":"product_tag-lobulo","16":"product_tag-medusa","17":"product_tag-oreja","18":"product_tag-perforacion","19":"product_tag-philtrum","20":"product_tag-piercing","21":"product_tag-repuesto","22":"product_tag-spare","23":"product_tag-tragus","25":"first","26":"instock","27":"taxable","28":"shipping-taxable","29":"purchasable","30":"product-type-variable"},"acf":[],"gallery_images":[27759,27758],"_links":{"self":[{"href":"https:\/\/tremunpiercing.com\/es\/wp-json\/wp\/v2\/product\/15655","targetHints":{"allow":["GET"]}}],"collection":[{"href":"https:\/\/tremunpiercing.com\/es\/wp-json\/wp\/v2\/product"}],"about":[{"href":"https:\/\/tremunpiercing.com\/es\/wp-json\/wp\/v2\/types\/product"}],"replies":[{"embeddable":true,"href":"https:\/\/tremunpiercing.com\/es\/wp-json\/wp\/v2\/comments?post=15655"}],"version-history":[{"count":1,"href":"https:\/\/tremunpiercing.com\/es\/wp-json\/wp\/v2\/product\/15655\/revisions"}],"predecessor-version":[{"id":27764,"href":"https:\/\/tremunpiercing.com\/es\/wp-json\/wp\/v2\/product\/15655\/revisions\/27764"}],"wp:featuredmedia":[{"embeddable":true,"href":"https:\/\/tremunpiercing.com\/es\/wp-json\/wp\/v2\/media\/15660"}],"wp:attachment":[{"href":"https:\/\/tremunpiercing.com\/es\/wp-json\/wp\/v2\/media?parent=15655"}],"wp:term":[{"taxonomy":"product_brand","embeddable":true,"href":"https:\/\/tremunpiercing.com\/es\/wp-json\/wp\/v2\/product_brand?post=15655"},{"taxonomy":"product_cat","embeddable":true,"href":"https:\/\/tremunpiercing.com\/es\/wp-json\/wp\/v2\/product_cat?post=15655"},{"taxonomy":"product_tag","embeddable":true,"href":"https:\/\/tremunpiercing.com\/es\/wp-json\/wp\/v2\/product_tag?post=15655"}],"curies":[{"name":"wp","href":"https:\/\/api.w.org\/{rel}","templated":true}]}}