{"id":15667,"date":"2025-04-14T18:17:57","date_gmt":"2025-04-14T17:17:57","guid":{"rendered":"https:\/\/tremunpiercing.com\/?post_type=product&#038;p=15667"},"modified":"2026-04-13T09:11:58","modified_gmt":"2026-04-13T08:11:58","slug":"lilbit-push-pin-emerald","status":"publish","type":"product","link":"https:\/\/tremunpiercing.com\/es\/product\/lilbit-push-pin-emerald\/","title":{"rendered":"Pasador Lilbit Esmeralda"},"content":{"rendered":"<h2>Alfiler de titanio verde esmeralda con gema CZ<\/h2>\n<p>El Lilbit Push Pin Emerald aporta el lujo de un acabado de piedra preciosa a la joyer\u00eda de piercing sin hilo de la m\u00e1s alta calidad. Hecho de titanio de grado de implante F-136, est\u00e1 garantizado para ser hipoalerg\u00e9nico, seguro y duradero, por lo que es digno de confianza para piercers y profesionales de la perforaci\u00f3n. Dise\u00f1ado y fabricado espec\u00edficamente para 25G push pin labrets estudiados, los tama\u00f1os disponibles son 1,5 mm, 2 mm, 2,5 mm, y 3 mm, por lo que es incre\u00edblemente flexible para m\u00faltiples tipos de piercings.<\/p>\n<p>La zirconia c\u00fabica verde esmeralda le da un aspecto de lujo llamativo para los clientes que desean perforar joyas corporales de piedras preciosas de alta calidad. Aseg\u00farese de que su tienda dispone de este impresionante alfiler de empuje, ya que el alfiler de empuje esmeralda viene con todas las necesidades de seguridad profesional mientras que da a sus clientes una est\u00e9tica impresionante.<\/p>","protected":false},"excerpt":{"rendered":"<ul>\n<li>Accesorio pasador<\/li>\n<li>Campatible s\u00f3lo con labrets de pasador a presi\u00f3n<\/li>\n<li>Material: Titanio F-136 para implantes<\/li>\n<li>Calibre: 25G<\/li>\n<li>Di\u00e1metros: 1,5mm - 2mm - 2,5mm - 3mm<\/li>\n<li>Gema: Circonita c\u00fabica<\/li>\n<\/ul>","protected":false},"featured_media":15672,"comment_status":"closed","ping_status":"closed","template":"","meta":{"_acf_changed":false},"product_brand":[],"product_cat":[340,343],"product_tag":[218,295,296,187,188,189,205,206,212,190,183,213,184,297,294,207],"class_list":{"0":"post-15667","1":"product","2":"type-product","3":"status-publish","4":"has-post-thumbnail","6":"product_cat-titanium-jewelry","7":"product_cat-tops-titanium-jewelry","8":"product_tag-ball","9":"product_tag-bola","10":"product_tag-bolita","11":"product_tag-conch","12":"product_tag-ear","13":"product_tag-helix","14":"product_tag-lobe","15":"product_tag-lobulo","16":"product_tag-medusa","17":"product_tag-oreja","18":"product_tag-perforacion","19":"product_tag-philtrum","20":"product_tag-piercing","21":"product_tag-repuesto","22":"product_tag-spare","23":"product_tag-tragus","25":"first","26":"instock","27":"taxable","28":"shipping-taxable","29":"purchasable","30":"product-type-variable"},"acf":[],"gallery_images":[27761,27760],"_links":{"self":[{"href":"https:\/\/tremunpiercing.com\/es\/wp-json\/wp\/v2\/product\/15667","targetHints":{"allow":["GET"]}}],"collection":[{"href":"https:\/\/tremunpiercing.com\/es\/wp-json\/wp\/v2\/product"}],"about":[{"href":"https:\/\/tremunpiercing.com\/es\/wp-json\/wp\/v2\/types\/product"}],"replies":[{"embeddable":true,"href":"https:\/\/tremunpiercing.com\/es\/wp-json\/wp\/v2\/comments?post=15667"}],"version-history":[{"count":1,"href":"https:\/\/tremunpiercing.com\/es\/wp-json\/wp\/v2\/product\/15667\/revisions"}],"predecessor-version":[{"id":27765,"href":"https:\/\/tremunpiercing.com\/es\/wp-json\/wp\/v2\/product\/15667\/revisions\/27765"}],"wp:featuredmedia":[{"embeddable":true,"href":"https:\/\/tremunpiercing.com\/es\/wp-json\/wp\/v2\/media\/15672"}],"wp:attachment":[{"href":"https:\/\/tremunpiercing.com\/es\/wp-json\/wp\/v2\/media?parent=15667"}],"wp:term":[{"taxonomy":"product_brand","embeddable":true,"href":"https:\/\/tremunpiercing.com\/es\/wp-json\/wp\/v2\/product_brand?post=15667"},{"taxonomy":"product_cat","embeddable":true,"href":"https:\/\/tremunpiercing.com\/es\/wp-json\/wp\/v2\/product_cat?post=15667"},{"taxonomy":"product_tag","embeddable":true,"href":"https:\/\/tremunpiercing.com\/es\/wp-json\/wp\/v2\/product_tag?post=15667"}],"curies":[{"name":"wp","href":"https:\/\/api.w.org\/{rel}","templated":true}]}}