{"id":15673,"date":"2025-04-14T18:19:31","date_gmt":"2025-04-14T17:19:31","guid":{"rendered":"https:\/\/tremunpiercing.com\/?post_type=product&#038;p=15673"},"modified":"2026-04-18T10:25:48","modified_gmt":"2026-04-18T09:25:48","slug":"lilbit-push-pin-sapphire-blue","status":"publish","type":"product","link":"https:\/\/tremunpiercing.com\/es\/product\/lilbit-push-pin-sapphire-blue\/","title":{"rendered":"Lilbit Push Pin Azul zafiro"},"content":{"rendered":"<p>El Lilbit Push Pin Sapphire Blue es un peque\u00f1o pero colorido piercing sin rosca adecuado para uso profesional. Esta pieza de piercing sin rosca est\u00e1 hecha de titanio de grado de implante F-136 y muestra los tres atributos de la gran joyer\u00eda del cuerpo: es ligero, duradero de la era espacial, y 100% hipoalerg\u00e9nico.<\/p>\n<p>El pasador Lilbit Push Pin Sapphire Blue s\u00f3lo puede llevarse con labreles push pin de calibre 25 y est\u00e1 disponible en 1,5 mm, 2 mm, 2,5 mm o 3 mm de di\u00e1metro, lo que permite una gran variedad de colocaciones. La pieza resalta una impresionante, brillante y centelleante gema de circonita c\u00fabica azul zafiro, que permite un brillo colorido y audaz para todos los cart\u00edlagos, l\u00f3bulos o l\u00f3bulos. <a href=\"https:\/\/tremunpiercing.com\/product-category\/titanium-jewelry\/nose-titanium-jewelry\/\">piercings en la nariz<\/a>.<\/p>\n<p>Por suerte, nuestros clientes de estudios de piercing y tatuajes de toda Europa conf\u00edan en nuestro suministro seguro de joyer\u00eda corporal y fabricaci\u00f3n de joyas para piercing. Estamos orgullosos de ser proveedores de joyer\u00eda de piercing al por mayor de grado m\u00e9dico en los EE.UU., el Reino Unido y Espa\u00f1a. Si pide el Push Pin Lilbit azul zafiro y lo a\u00f1ade a su colecci\u00f3n de joyer\u00eda corporal al por mayor, estar\u00e1 proporcionando a sus clientes una opci\u00f3n de moda relativamente segura que encarna tanto la calidad como la profesionalidad.<\/p>","protected":false},"excerpt":{"rendered":"<ul>\n<li>Accesorio pasador<\/li>\n<li>Campatible s\u00f3lo con labrets de pasador a presi\u00f3n<\/li>\n<li>Material: Titanio F-136 para implantes<\/li>\n<li>Calibre: 25G<\/li>\n<li>Di\u00e1metros: 1,5mm - 2mm - 2,5mm - 3mm<\/li>\n<li>Gema: Circonita c\u00fabica<\/li>\n<\/ul>","protected":false},"featured_media":15678,"comment_status":"closed","ping_status":"closed","template":"","meta":{"_acf_changed":false},"product_brand":[],"product_cat":[340,343],"product_tag":[218,295,296,187,188,189,205,206,212,190,183,213,184,297,294,207],"class_list":{"0":"post-15673","1":"product","2":"type-product","3":"status-publish","4":"has-post-thumbnail","6":"product_cat-titanium-jewelry","7":"product_cat-tops-titanium-jewelry","8":"product_tag-ball","9":"product_tag-bola","10":"product_tag-bolita","11":"product_tag-conch","12":"product_tag-ear","13":"product_tag-helix","14":"product_tag-lobe","15":"product_tag-lobulo","16":"product_tag-medusa","17":"product_tag-oreja","18":"product_tag-perforacion","19":"product_tag-philtrum","20":"product_tag-piercing","21":"product_tag-repuesto","22":"product_tag-spare","23":"product_tag-tragus","25":"first","26":"instock","27":"taxable","28":"shipping-taxable","29":"purchasable","30":"product-type-variable"},"acf":[],"gallery_images":[27736,27737],"_links":{"self":[{"href":"https:\/\/tremunpiercing.com\/es\/wp-json\/wp\/v2\/product\/15673","targetHints":{"allow":["GET"]}}],"collection":[{"href":"https:\/\/tremunpiercing.com\/es\/wp-json\/wp\/v2\/product"}],"about":[{"href":"https:\/\/tremunpiercing.com\/es\/wp-json\/wp\/v2\/types\/product"}],"replies":[{"embeddable":true,"href":"https:\/\/tremunpiercing.com\/es\/wp-json\/wp\/v2\/comments?post=15673"}],"version-history":[{"count":1,"href":"https:\/\/tremunpiercing.com\/es\/wp-json\/wp\/v2\/product\/15673\/revisions"}],"predecessor-version":[{"id":27738,"href":"https:\/\/tremunpiercing.com\/es\/wp-json\/wp\/v2\/product\/15673\/revisions\/27738"}],"wp:featuredmedia":[{"embeddable":true,"href":"https:\/\/tremunpiercing.com\/es\/wp-json\/wp\/v2\/media\/15678"}],"wp:attachment":[{"href":"https:\/\/tremunpiercing.com\/es\/wp-json\/wp\/v2\/media?parent=15673"}],"wp:term":[{"taxonomy":"product_brand","embeddable":true,"href":"https:\/\/tremunpiercing.com\/es\/wp-json\/wp\/v2\/product_brand?post=15673"},{"taxonomy":"product_cat","embeddable":true,"href":"https:\/\/tremunpiercing.com\/es\/wp-json\/wp\/v2\/product_cat?post=15673"},{"taxonomy":"product_tag","embeddable":true,"href":"https:\/\/tremunpiercing.com\/es\/wp-json\/wp\/v2\/product_tag?post=15673"}],"curies":[{"name":"wp","href":"https:\/\/api.w.org\/{rel}","templated":true}]}}