{"id":15862,"date":"2025-04-15T22:09:47","date_gmt":"2025-04-15T21:09:47","guid":{"rendered":"https:\/\/tremunpiercing.com\/?post_type=product&#038;p=15862"},"modified":"2026-04-17T17:06:28","modified_gmt":"2026-04-17T16:06:28","slug":"dermal-top-sw-crystal-light-peach","status":"publish","type":"product","link":"https:\/\/tremunpiercing.com\/es\/product\/dermal-top-sw-crystal-light-peach\/","title":{"rendered":"Dermal Top - SW Cristal Melocot\u00f3n Claro"},"content":{"rendered":"<p>El Dermal Top SW Crystal Light Peach a\u00f1ade un poco de sofisticaci\u00f3n y suavidad a las l\u00edneas de joyer\u00eda de piercing profesional. Hecho de titanio F-136 de grado de implante, este top d\u00e9rmico est\u00e1 roscado internamente y construido para ser seguro, hipoalerg\u00e9nico, y usado a largo plazo. Este tope d\u00e9rmico est\u00e1 disponible en di\u00e1metros de 2,5 mm, 3 mm, 4 mm o 5 mm y en calibres de 16G a 14G, lo que permite llevarlo de forma c\u00f3moda y segura en una gran variedad de colocaciones. El cristal SW Light Peach ofrece un brillo suave que es elegante pero discreto, una petici\u00f3n com\u00fan de nuestros clientes que prefieren tonos de gemas menos obvios. La adici\u00f3n de un <a href=\"https:\/\/tremunpiercing.com\/product-category\/titanium-jewelry\/tops-titanium-jewelry\/\">top<\/a> a su tienda mayorista de joyer\u00eda corporal proporcionar\u00e1 a los clientes un nivel a\u00f1adido de seguridad y belleza, fusionados en una pieza de joyer\u00eda profesional.<\/p>\n<p>&nbsp;<\/p>","protected":false},"excerpt":{"rendered":"<ul>\n<li>Rosca interna<\/li>\n<li>Material: Titanio F-136 para implantes<\/li>\n<li>Di\u00e1metro: 2,5 mm - 3 mm - 4 mm - 5 mm<\/li>\n<li>Calibre: 16G - 14G<\/li>\n<\/ul>","protected":false},"featured_media":15870,"comment_status":"closed","ping_status":"closed","template":"","meta":{"_acf_changed":false},"product_brand":[],"product_cat":[442,340,343],"product_tag":[187,215,216,188,189,210,211,212,190,183,213,184,207],"class_list":{"0":"post-15862","1":"product","2":"type-product","3":"status-publish","4":"has-post-thumbnail","6":"product_cat-sw","7":"product_cat-titanium-jewelry","8":"product_cat-tops-titanium-jewelry","9":"product_tag-conch","10":"product_tag-dermal-top","11":"product_tag-disc","12":"product_tag-ear","13":"product_tag-helix","14":"product_tag-labret","15":"product_tag-lip","16":"product_tag-medusa","17":"product_tag-oreja","18":"product_tag-perforacion","19":"product_tag-philtrum","20":"product_tag-piercing","21":"product_tag-tragus","23":"first","24":"instock","25":"taxable","26":"shipping-taxable","27":"purchasable","28":"product-type-variable"},"acf":[],"gallery_images":[27706,27705],"_links":{"self":[{"href":"https:\/\/tremunpiercing.com\/es\/wp-json\/wp\/v2\/product\/15862","targetHints":{"allow":["GET"]}}],"collection":[{"href":"https:\/\/tremunpiercing.com\/es\/wp-json\/wp\/v2\/product"}],"about":[{"href":"https:\/\/tremunpiercing.com\/es\/wp-json\/wp\/v2\/types\/product"}],"replies":[{"embeddable":true,"href":"https:\/\/tremunpiercing.com\/es\/wp-json\/wp\/v2\/comments?post=15862"}],"version-history":[{"count":1,"href":"https:\/\/tremunpiercing.com\/es\/wp-json\/wp\/v2\/product\/15862\/revisions"}],"predecessor-version":[{"id":27709,"href":"https:\/\/tremunpiercing.com\/es\/wp-json\/wp\/v2\/product\/15862\/revisions\/27709"}],"wp:featuredmedia":[{"embeddable":true,"href":"https:\/\/tremunpiercing.com\/es\/wp-json\/wp\/v2\/media\/15870"}],"wp:attachment":[{"href":"https:\/\/tremunpiercing.com\/es\/wp-json\/wp\/v2\/media?parent=15862"}],"wp:term":[{"taxonomy":"product_brand","embeddable":true,"href":"https:\/\/tremunpiercing.com\/es\/wp-json\/wp\/v2\/product_brand?post=15862"},{"taxonomy":"product_cat","embeddable":true,"href":"https:\/\/tremunpiercing.com\/es\/wp-json\/wp\/v2\/product_cat?post=15862"},{"taxonomy":"product_tag","embeddable":true,"href":"https:\/\/tremunpiercing.com\/es\/wp-json\/wp\/v2\/product_tag?post=15862"}],"curies":[{"name":"wp","href":"https:\/\/api.w.org\/{rel}","templated":true}]}}