{"id":15871,"date":"2025-04-15T22:24:55","date_gmt":"2025-04-15T21:24:55","guid":{"rendered":"https:\/\/tremunpiercing.com\/?post_type=product&#038;p=15871"},"modified":"2026-04-20T18:01:42","modified_gmt":"2026-04-20T17:01:42","slug":"dermal-top-sw-crystal-jet","status":"publish","type":"product","link":"https:\/\/tremunpiercing.com\/es\/product\/dermal-top-sw-crystal-jet\/","title":{"rendered":"Dermal Top - SW Crystal Jet"},"content":{"rendered":"<p data-pm-slice=\"1 1 []\">El Dermal Top - SW Crystal Jet es un elegante accesorio dermal top de calidad profesional para piercers y estudios. Fabricado con material de titanio F-136 de grado para implantes, este <a href=\"https:\/\/tremunpiercing.com\/product-category\/titanium-jewelry\/tops-titanium-jewelry\/\">top<\/a> utiliza un dise\u00f1o de rosca interna para las opciones m\u00e1s seguras, hipoalerg\u00e9nicas y duraderas disponibles. Disponible en tama\u00f1os de 2,5 mm, 3 mm, 4 mm y 5 mm, junto con calibres de 16G - 14G, le ofrece flexibilidad para la colocaci\u00f3n del piercing para conseguir una selecci\u00f3n de art\u00edculos personalizada. Una gema SW Crystal Jet de color negro intenso a\u00f1ade un aspecto vanguardista y elegante que sin duda complacer\u00e1 a sus clientes que desean joyas modernas y llamativas. Si usted es un perforador o ejecutar un estudio o tienda de tatuajes, perfeccionar su colecci\u00f3n de joyer\u00eda de perforaci\u00f3n al por mayor requiere esta tapa d\u00e9rmica para completar su colecci\u00f3n.<\/p>","protected":false},"excerpt":{"rendered":"<ul>\n<li>Rosca interna<\/li>\n<li>Material: Titanio F-136 para implantes<\/li>\n<li>Di\u00e1metro: 2,5 mm - 3 mm - 4 mm - 5 mm<\/li>\n<li>Calibre: 16G - 14G<\/li>\n<\/ul>","protected":false},"featured_media":15879,"comment_status":"closed","ping_status":"closed","template":"","meta":{"_acf_changed":false},"product_brand":[],"product_cat":[442,340,343],"product_tag":[187,215,216,188,189,210,211,212,190,183,213,184,207],"class_list":{"0":"post-15871","1":"product","2":"type-product","3":"status-publish","4":"has-post-thumbnail","6":"product_cat-sw","7":"product_cat-titanium-jewelry","8":"product_cat-tops-titanium-jewelry","9":"product_tag-conch","10":"product_tag-dermal-top","11":"product_tag-disc","12":"product_tag-ear","13":"product_tag-helix","14":"product_tag-labret","15":"product_tag-lip","16":"product_tag-medusa","17":"product_tag-oreja","18":"product_tag-perforacion","19":"product_tag-philtrum","20":"product_tag-piercing","21":"product_tag-tragus","23":"first","24":"instock","25":"taxable","26":"shipping-taxable","27":"purchasable","28":"product-type-variable"},"acf":[],"gallery_images":[27702,27703],"_links":{"self":[{"href":"https:\/\/tremunpiercing.com\/es\/wp-json\/wp\/v2\/product\/15871","targetHints":{"allow":["GET"]}}],"collection":[{"href":"https:\/\/tremunpiercing.com\/es\/wp-json\/wp\/v2\/product"}],"about":[{"href":"https:\/\/tremunpiercing.com\/es\/wp-json\/wp\/v2\/types\/product"}],"replies":[{"embeddable":true,"href":"https:\/\/tremunpiercing.com\/es\/wp-json\/wp\/v2\/comments?post=15871"}],"version-history":[{"count":1,"href":"https:\/\/tremunpiercing.com\/es\/wp-json\/wp\/v2\/product\/15871\/revisions"}],"predecessor-version":[{"id":27704,"href":"https:\/\/tremunpiercing.com\/es\/wp-json\/wp\/v2\/product\/15871\/revisions\/27704"}],"wp:featuredmedia":[{"embeddable":true,"href":"https:\/\/tremunpiercing.com\/es\/wp-json\/wp\/v2\/media\/15879"}],"wp:attachment":[{"href":"https:\/\/tremunpiercing.com\/es\/wp-json\/wp\/v2\/media?parent=15871"}],"wp:term":[{"taxonomy":"product_brand","embeddable":true,"href":"https:\/\/tremunpiercing.com\/es\/wp-json\/wp\/v2\/product_brand?post=15871"},{"taxonomy":"product_cat","embeddable":true,"href":"https:\/\/tremunpiercing.com\/es\/wp-json\/wp\/v2\/product_cat?post=15871"},{"taxonomy":"product_tag","embeddable":true,"href":"https:\/\/tremunpiercing.com\/es\/wp-json\/wp\/v2\/product_tag?post=15871"}],"curies":[{"name":"wp","href":"https:\/\/api.w.org\/{rel}","templated":true}]}}