{"id":16219,"date":"2025-04-22T19:19:26","date_gmt":"2025-04-22T18:19:26","guid":{"rendered":"https:\/\/tremunpiercing.com\/?post_type=product&#038;p=16219"},"modified":"2026-04-19T22:08:39","modified_gmt":"2026-04-19T21:08:39","slug":"circular-barbell-big-gauge","status":"publish","type":"product","link":"https:\/\/tremunpiercing.com\/es\/product\/circular-barbell-big-gauge\/","title":{"rendered":"Barbell Circular Calibre Grande"},"content":{"rendered":"<p data-pm-slice=\"1 1 []\">El Circular Barbell Big Gauge est\u00e1 fabricado con titanio de grado de implante F-136, que ofrece la mejor resistencia, la mejor seguridad y las mejores propiedades hipoalerg\u00e9nicas para los profesionales que est\u00e1n dando forma a nuestra industria en todo el mundo. Cada pieza est\u00e1 fabricada con roscado interno, lo que garantiza una inserci\u00f3n suave. Joyer\u00eda de acero inoxidable disponible en 10G - 8G - 6G - 4G con 14 mm - 16 mm - 18 mm de di\u00e1metro y tama\u00f1os de bola de 5 mm - 8 mm. Perfecto para piercings estirados y looks atrevidos. Los estudios de piercing, las tiendas de tatuajes y los proveedores profesionales de joyer\u00eda corporal de Europa conf\u00edan en esta barra.<\/p>","protected":false},"excerpt":{"rendered":"<ul>\n<li>Rosca interior<\/li>\n<li>Material: Titanio F-136 para implantes<\/li>\n<li>Calibre: 10G - 8G - 6G - 4G<\/li>\n<li>Di\u00e1metro: 14 mm - 16 mm - 18 mm<\/li>\n<li>Tama\u00f1o de la bola: 5 mm - 6 mm - 8 mm<\/li>\n<\/ul>","protected":false},"featured_media":16296,"comment_status":"open","ping_status":"closed","template":"","meta":{"_acf_changed":false},"product_brand":[],"product_cat":[340,448],"product_tag":[224,194,188,189,210,211,190,183,184,197,198],"class_list":{"0":"post-16219","1":"product","2":"type-product","3":"status-publish","4":"has-post-thumbnail","6":"product_cat-titanium-jewelry","7":"product_cat-big-gauges","8":"product_tag-captive-ring","9":"product_tag-daith","10":"product_tag-ear","11":"product_tag-helix","12":"product_tag-labret","13":"product_tag-lip","14":"product_tag-oreja","15":"product_tag-perforacion","16":"product_tag-piercing","17":"product_tag-ring","18":"product_tag-septum","20":"first","21":"instock","22":"taxable","23":"shipping-taxable","24":"purchasable","25":"product-type-variable"},"acf":[],"gallery_images":[27733,27734],"_links":{"self":[{"href":"https:\/\/tremunpiercing.com\/es\/wp-json\/wp\/v2\/product\/16219","targetHints":{"allow":["GET"]}}],"collection":[{"href":"https:\/\/tremunpiercing.com\/es\/wp-json\/wp\/v2\/product"}],"about":[{"href":"https:\/\/tremunpiercing.com\/es\/wp-json\/wp\/v2\/types\/product"}],"replies":[{"embeddable":true,"href":"https:\/\/tremunpiercing.com\/es\/wp-json\/wp\/v2\/comments?post=16219"}],"version-history":[{"count":1,"href":"https:\/\/tremunpiercing.com\/es\/wp-json\/wp\/v2\/product\/16219\/revisions"}],"predecessor-version":[{"id":27735,"href":"https:\/\/tremunpiercing.com\/es\/wp-json\/wp\/v2\/product\/16219\/revisions\/27735"}],"wp:featuredmedia":[{"embeddable":true,"href":"https:\/\/tremunpiercing.com\/es\/wp-json\/wp\/v2\/media\/16296"}],"wp:attachment":[{"href":"https:\/\/tremunpiercing.com\/es\/wp-json\/wp\/v2\/media?parent=16219"}],"wp:term":[{"taxonomy":"product_brand","embeddable":true,"href":"https:\/\/tremunpiercing.com\/es\/wp-json\/wp\/v2\/product_brand?post=16219"},{"taxonomy":"product_cat","embeddable":true,"href":"https:\/\/tremunpiercing.com\/es\/wp-json\/wp\/v2\/product_cat?post=16219"},{"taxonomy":"product_tag","embeddable":true,"href":"https:\/\/tremunpiercing.com\/es\/wp-json\/wp\/v2\/product_tag?post=16219"}],"curies":[{"name":"wp","href":"https:\/\/api.w.org\/{rel}","templated":true}]}}