{"id":16247,"date":"2025-04-23T16:12:20","date_gmt":"2025-04-23T15:12:20","guid":{"rendered":"https:\/\/tremunpiercing.com\/?post_type=product&#038;p=16247"},"modified":"2026-04-17T15:14:21","modified_gmt":"2026-04-17T14:14:21","slug":"clap-luxury-horizontal-double-base","status":"publish","type":"product","link":"https:\/\/tremunpiercing.com\/es\/product\/clap-luxury-horizontal-double-base\/","title":{"rendered":"\u00a1Clap! Lujo - Base doble horizontal"},"content":{"rendered":"<p>\u00a1El Clap! Luxury-Horizontal Base Doble ofrece flexibilidad y sofisticaci\u00f3n para el estudio de piercing profesional o el minorista de joyer\u00eda corporal. Fabricada con materiales de primera calidad, la base horizontal tiene unas medidas de 25 cm x 5 cm x 3,4 cm y se puede personalizar para adaptarla a sus preferencias de presentaci\u00f3n. La base horizontal es ideal para presentar varios estilos -anillos para la nariz al por mayor, barbells, anillos para el ombligo o anillos para los labios- y puede exhibir su colecci\u00f3n de joyas de forma ventajosa. Tenga en cuenta que la base es s\u00f3lo para la venta; las tapas se venden por separado para una m\u00e1xima flexibilidad y adecuaci\u00f3n. Nuestros expositores dar\u00e1n credibilidad a su marca a la vez que hacen juego con las joyas corporales de alta calidad.<\/p>\n<p>&nbsp;<\/p>","protected":false},"excerpt":{"rendered":"<ul>\n<li>Aplauso Base horizontal<\/li>\n<li>Expositor personalizable para joyas de piercing<\/li>\n<li>S\u00f3lo base<\/li>\n<li>Tama\u00f1o: 25 cm x 5 cm x 3,4 cm<\/li>\n<li>For 2 lids<\/li>\n<li>Las tapas se venden por separado<\/li>\n<\/ul>","protected":false},"featured_media":16248,"comment_status":"closed","ping_status":"closed","template":"","meta":{"_acf_changed":false},"product_brand":[],"product_cat":[328,415,457],"product_tag":[],"class_list":{"0":"post-16247","1":"product","2":"type-product","3":"status-publish","4":"has-post-thumbnail","6":"product_cat-supplies","7":"product_cat-clap","8":"product_cat-clap-luxury","10":"first","11":"instock","12":"taxable","13":"shipping-taxable","14":"purchasable","15":"product-type-simple"},"acf":[],"gallery_images":[16249],"_links":{"self":[{"href":"https:\/\/tremunpiercing.com\/es\/wp-json\/wp\/v2\/product\/16247","targetHints":{"allow":["GET"]}}],"collection":[{"href":"https:\/\/tremunpiercing.com\/es\/wp-json\/wp\/v2\/product"}],"about":[{"href":"https:\/\/tremunpiercing.com\/es\/wp-json\/wp\/v2\/types\/product"}],"replies":[{"embeddable":true,"href":"https:\/\/tremunpiercing.com\/es\/wp-json\/wp\/v2\/comments?post=16247"}],"version-history":[{"count":1,"href":"https:\/\/tremunpiercing.com\/es\/wp-json\/wp\/v2\/product\/16247\/revisions"}],"predecessor-version":[{"id":28511,"href":"https:\/\/tremunpiercing.com\/es\/wp-json\/wp\/v2\/product\/16247\/revisions\/28511"}],"wp:featuredmedia":[{"embeddable":true,"href":"https:\/\/tremunpiercing.com\/es\/wp-json\/wp\/v2\/media\/16248"}],"wp:attachment":[{"href":"https:\/\/tremunpiercing.com\/es\/wp-json\/wp\/v2\/media?parent=16247"}],"wp:term":[{"taxonomy":"product_brand","embeddable":true,"href":"https:\/\/tremunpiercing.com\/es\/wp-json\/wp\/v2\/product_brand?post=16247"},{"taxonomy":"product_cat","embeddable":true,"href":"https:\/\/tremunpiercing.com\/es\/wp-json\/wp\/v2\/product_cat?post=16247"},{"taxonomy":"product_tag","embeddable":true,"href":"https:\/\/tremunpiercing.com\/es\/wp-json\/wp\/v2\/product_tag?post=16247"}],"curies":[{"name":"wp","href":"https:\/\/api.w.org\/{rel}","templated":true}]}}