{"id":17798,"date":"2025-06-05T17:32:26","date_gmt":"2025-06-05T16:32:26","guid":{"rendered":"https:\/\/tremunpiercing.com\/?post_type=product&#038;p=17798"},"modified":"2026-04-15T20:44:10","modified_gmt":"2026-04-15T19:44:10","slug":"sunstone-cabochon","status":"publish","type":"product","link":"https:\/\/tremunpiercing.com\/es\/product\/sunstone-cabochon\/","title":{"rendered":"Cabuj\u00f3n de piedra solar"},"content":{"rendered":"<p>Descubra la belleza natural en su inventario de piercings con el cabuj\u00f3n Sunstone, fabricado con titanio F-136 de grado de implante para maximizar la seguridad y la durabilidad. Disponible en tama\u00f1os de 3 a 6 mm y en calibres de 16G a 14G, esta pieza est\u00e1 pensada para perforadores profesionales que dan prioridad a la calidad. Con una c\u00e1lida y brillante gema de piedra solar que emite un hermoso resplandor, esta gema encajar\u00e1 bien tanto con dise\u00f1os de piercing sutiles como de gran tama\u00f1o.<\/p>\n<p>Tremun Piercing garantiza que cada pieza de joyer\u00eda de piercing que suministramos es hipoalerg\u00e9nica, con rosca interna y adecuada para su uso a largo plazo. Tremun Piercing se vende a estudios de piercing, tiendas de tatuajes y distribuidores de joyas de todo el mundo. La especificidad de la forma del cabuj\u00f3n funcionar\u00e1 muy bien para cada pedido al por mayor, y Tremun Piercing agradece el apoyo de los minoristas de joyer\u00eda corporal y los vendedores de toda Europa, los EE.UU. y el Reino Unido que buscan suministrar a sus clientes con la joyer\u00eda de piercing de piedras preciosas de calidad. Aseg\u00farese de abastecerse con seguridad, <strong>joyer\u00eda corporal de grado m\u00e9dico al por mayor<\/strong> y proporcione a sus clientes una gema que destaque por su estilo cl\u00e1sico. <a href=\"https:\/\/tremunpiercing.com\/registration\/\">Resister como perforador profesional<\/a><\/p>","protected":false},"excerpt":{"rendered":"<ul>\n<li>Rosca interna<\/li>\n<li>Material: Titanio F-136 para implantes<\/li>\n<li>Di\u00e1metro: 3 mm - 4 mm - 5 mm - 6 mm<\/li>\n<li>Calibre: 16G - 14G<\/li>\n<li>Gema Piedra solar<\/li>\n<\/ul>","protected":false},"featured_media":17805,"comment_status":"closed","ping_status":"closed","template":"","meta":{"_acf_changed":false},"product_brand":[],"product_cat":[340,343],"product_tag":[192,193,202,179,180,194,188,189,195,196,226,190,183,184,197,198],"class_list":{"0":"post-17798","1":"product","2":"type-product","3":"status-publish","4":"has-post-thumbnail","6":"product_cat-titanium-jewelry","7":"product_cat-tops-titanium-jewelry","8":"product_tag-anillo","9":"product_tag-argolla","10":"product_tag-clicker","11":"product_tag-cristal","12":"product_tag-cz","13":"product_tag-daith","14":"product_tag-ear","15":"product_tag-helix","16":"product_tag-hinged-ring","17":"product_tag-nariz","18":"product_tag-opal","19":"product_tag-oreja","20":"product_tag-perforacion","21":"product_tag-piercing","22":"product_tag-ring","23":"product_tag-septum","25":"first","26":"instock","27":"taxable","28":"shipping-taxable","29":"purchasable","30":"product-type-variable"},"acf":[],"gallery_images":[17804,27666,27667],"_links":{"self":[{"href":"https:\/\/tremunpiercing.com\/es\/wp-json\/wp\/v2\/product\/17798","targetHints":{"allow":["GET"]}}],"collection":[{"href":"https:\/\/tremunpiercing.com\/es\/wp-json\/wp\/v2\/product"}],"about":[{"href":"https:\/\/tremunpiercing.com\/es\/wp-json\/wp\/v2\/types\/product"}],"replies":[{"embeddable":true,"href":"https:\/\/tremunpiercing.com\/es\/wp-json\/wp\/v2\/comments?post=17798"}],"version-history":[{"count":2,"href":"https:\/\/tremunpiercing.com\/es\/wp-json\/wp\/v2\/product\/17798\/revisions"}],"predecessor-version":[{"id":27668,"href":"https:\/\/tremunpiercing.com\/es\/wp-json\/wp\/v2\/product\/17798\/revisions\/27668"}],"wp:featuredmedia":[{"embeddable":true,"href":"https:\/\/tremunpiercing.com\/es\/wp-json\/wp\/v2\/media\/17805"}],"wp:attachment":[{"href":"https:\/\/tremunpiercing.com\/es\/wp-json\/wp\/v2\/media?parent=17798"}],"wp:term":[{"taxonomy":"product_brand","embeddable":true,"href":"https:\/\/tremunpiercing.com\/es\/wp-json\/wp\/v2\/product_brand?post=17798"},{"taxonomy":"product_cat","embeddable":true,"href":"https:\/\/tremunpiercing.com\/es\/wp-json\/wp\/v2\/product_cat?post=17798"},{"taxonomy":"product_tag","embeddable":true,"href":"https:\/\/tremunpiercing.com\/es\/wp-json\/wp\/v2\/product_tag?post=17798"}],"curies":[{"name":"wp","href":"https:\/\/api.w.org\/{rel}","templated":true}]}}