{"id":20546,"date":"2025-08-29T20:59:22","date_gmt":"2025-08-29T19:59:22","guid":{"rendered":"https:\/\/tremunpiercing.com\/?post_type=product&#038;p=20546"},"modified":"2026-04-09T15:51:59","modified_gmt":"2026-04-09T14:51:59","slug":"becky-mercury-mist-topaz","status":"publish","type":"product","link":"https:\/\/tremunpiercing.com\/es\/product\/becky-mercury-mist-topaz\/","title":{"rendered":"Becky Mercurio Niebla Topacio"},"content":{"rendered":"<p>El charm Becky Mercury Mist Topaz hipnotiza con su resplandeciente transformaci\u00f3n de color de suaves tonos pastel a brillantes reflejos de luz. Fabricado en oro amarillo macizo de 14 quilates, este accesorio (25G) es estable y f\u00e1cil de llevar. Dise\u00f1ado para facilitar su uso en piercings de fosa nasal, h\u00e9lix y tragus, este dije es una pieza que puede aportar brillo y lujo a las colecciones profesionales. Los perforadores est\u00e1n encantados con su versatilidad y fiabilidad, a los clientes les encanta su brillo iridiscente, y el topacio Becky Mercury Mist es realmente el sue\u00f1o del dise\u00f1ador de combinar arte y lujo a un precio asequible.<\/p>\n<p>&nbsp;<\/p>","protected":false},"excerpt":{"rendered":"<ul>\n<li>Accesorio pasador<\/li>\n<li>Calibre: 25G<\/li>\n<li>Material: Oro amarillo 14k<\/li>\n<li>Gema Topacio Niebla de Mercurio<\/li>\n<\/ul>","protected":false},"featured_media":20564,"comment_status":"closed","ping_status":"closed","template":"","meta":{"_acf_changed":false},"product_brand":[],"product_cat":[400,337,463],"product_tag":[187,188,189,205,206,190,183,184,207],"class_list":{"0":"post-20546","1":"product","2":"type-product","3":"status-publish","4":"has-post-thumbnail","6":"product_cat-tremun","7":"product_cat-gold-jewelry","8":"product_cat-tops-gold-tremun","9":"product_tag-conch","10":"product_tag-ear","11":"product_tag-helix","12":"product_tag-lobe","13":"product_tag-lobulo","14":"product_tag-oreja","15":"product_tag-perforacion","16":"product_tag-piercing","17":"product_tag-tragus","19":"first","20":"instock","21":"taxable","22":"shipping-taxable","23":"purchasable","24":"product-type-simple"},"acf":[],"gallery_images":[29314,29315],"_links":{"self":[{"href":"https:\/\/tremunpiercing.com\/es\/wp-json\/wp\/v2\/product\/20546","targetHints":{"allow":["GET"]}}],"collection":[{"href":"https:\/\/tremunpiercing.com\/es\/wp-json\/wp\/v2\/product"}],"about":[{"href":"https:\/\/tremunpiercing.com\/es\/wp-json\/wp\/v2\/types\/product"}],"replies":[{"embeddable":true,"href":"https:\/\/tremunpiercing.com\/es\/wp-json\/wp\/v2\/comments?post=20546"}],"version-history":[{"count":1,"href":"https:\/\/tremunpiercing.com\/es\/wp-json\/wp\/v2\/product\/20546\/revisions"}],"predecessor-version":[{"id":29317,"href":"https:\/\/tremunpiercing.com\/es\/wp-json\/wp\/v2\/product\/20546\/revisions\/29317"}],"wp:featuredmedia":[{"embeddable":true,"href":"https:\/\/tremunpiercing.com\/es\/wp-json\/wp\/v2\/media\/20564"}],"wp:attachment":[{"href":"https:\/\/tremunpiercing.com\/es\/wp-json\/wp\/v2\/media?parent=20546"}],"wp:term":[{"taxonomy":"product_brand","embeddable":true,"href":"https:\/\/tremunpiercing.com\/es\/wp-json\/wp\/v2\/product_brand?post=20546"},{"taxonomy":"product_cat","embeddable":true,"href":"https:\/\/tremunpiercing.com\/es\/wp-json\/wp\/v2\/product_cat?post=20546"},{"taxonomy":"product_tag","embeddable":true,"href":"https:\/\/tremunpiercing.com\/es\/wp-json\/wp\/v2\/product_tag?post=20546"}],"curies":[{"name":"wp","href":"https:\/\/api.w.org\/{rel}","templated":true}]}}