{"id":20578,"date":"2025-08-29T22:40:24","date_gmt":"2025-08-29T21:40:24","guid":{"rendered":"https:\/\/tremunpiercing.com\/?post_type=product&#038;p=20578"},"modified":"2026-04-09T14:57:54","modified_gmt":"2026-04-09T13:57:54","slug":"katia-moissanite-sapphire-blue","status":"publish","type":"product","link":"https:\/\/tremunpiercing.com\/es\/product\/katia-moissanite-sapphire-blue\/","title":{"rendered":"Katia Moissanite Zafiro Azul"},"content":{"rendered":"<p>El Katia Moissanite Sapphire Blue ofrece un profundo brillo oce\u00e1nico en un sofisticado acabado en bruto de oro amarillo de 14k. Esta pieza de 14G con rosca interna incorpora una gema de moissanita azul zafiro que refracta la luz con un brillo encantador. La forma de la pieza est\u00e1 dise\u00f1ada para piercings helicoidales, de concha o planos, ofreciendo una forma f\u00e1cil de asegurar e insertar a la vez que es igualmente impresionante y c\u00f3moda de llevar.<\/p>\n<p>Con un di\u00e1metro de 7 mm, la pieza es el equilibrio perfecto entre elegancia y utilidad para los perforadores profesionales. La pieza es duradera para la clientela que desea el tono rico con sofisticaci\u00f3n, y sin duda destacar\u00e1. Ideal para estudios de piercing y joyer\u00edas, la Katia Moissanite Sapphire Blue ofrece una mezcla \u00fanica de belleza artesanal y lujo moderno que combina bien y destaca en cualquier colecci\u00f3n.<\/p>","protected":false},"excerpt":{"rendered":"<ul>\n<li>Rosca interna<\/li>\n<li>Calibre: 14G<\/li>\n<li>Di\u00e1metro: 7 mm<\/li>\n<li>Material: Oro amarillo 14k<\/li>\n<li>Gema: Moissanita Zafiro Azul<\/li>\n<\/ul>","protected":false},"featured_media":20579,"comment_status":"closed","ping_status":"closed","template":"","meta":{"_acf_changed":false},"product_brand":[],"product_cat":[400,337,463],"product_tag":[187,188,189,205,206,190,183,184,207],"class_list":{"0":"post-20578","1":"product","2":"type-product","3":"status-publish","4":"has-post-thumbnail","6":"product_cat-tremun","7":"product_cat-gold-jewelry","8":"product_cat-tops-gold-tremun","9":"product_tag-conch","10":"product_tag-ear","11":"product_tag-helix","12":"product_tag-lobe","13":"product_tag-lobulo","14":"product_tag-oreja","15":"product_tag-perforacion","16":"product_tag-piercing","17":"product_tag-tragus","19":"first","20":"instock","21":"taxable","22":"shipping-taxable","23":"purchasable","24":"product-type-simple"},"acf":[],"gallery_images":[29298,29297],"_links":{"self":[{"href":"https:\/\/tremunpiercing.com\/es\/wp-json\/wp\/v2\/product\/20578","targetHints":{"allow":["GET"]}}],"collection":[{"href":"https:\/\/tremunpiercing.com\/es\/wp-json\/wp\/v2\/product"}],"about":[{"href":"https:\/\/tremunpiercing.com\/es\/wp-json\/wp\/v2\/types\/product"}],"replies":[{"embeddable":true,"href":"https:\/\/tremunpiercing.com\/es\/wp-json\/wp\/v2\/comments?post=20578"}],"version-history":[{"count":1,"href":"https:\/\/tremunpiercing.com\/es\/wp-json\/wp\/v2\/product\/20578\/revisions"}],"predecessor-version":[{"id":29300,"href":"https:\/\/tremunpiercing.com\/es\/wp-json\/wp\/v2\/product\/20578\/revisions\/29300"}],"wp:featuredmedia":[{"embeddable":true,"href":"https:\/\/tremunpiercing.com\/es\/wp-json\/wp\/v2\/media\/20579"}],"wp:attachment":[{"href":"https:\/\/tremunpiercing.com\/es\/wp-json\/wp\/v2\/media?parent=20578"}],"wp:term":[{"taxonomy":"product_brand","embeddable":true,"href":"https:\/\/tremunpiercing.com\/es\/wp-json\/wp\/v2\/product_brand?post=20578"},{"taxonomy":"product_cat","embeddable":true,"href":"https:\/\/tremunpiercing.com\/es\/wp-json\/wp\/v2\/product_cat?post=20578"},{"taxonomy":"product_tag","embeddable":true,"href":"https:\/\/tremunpiercing.com\/es\/wp-json\/wp\/v2\/product_tag?post=20578"}],"curies":[{"name":"wp","href":"https:\/\/api.w.org\/{rel}","templated":true}]}}