{"id":21283,"date":"2025-09-08T15:31:52","date_gmt":"2025-09-08T14:31:52","guid":{"rendered":"https:\/\/tremunpiercing.com\/?post_type=product&#038;p=21283"},"modified":"2026-04-16T14:18:59","modified_gmt":"2026-04-16T13:18:59","slug":"margot-amethyst","status":"publish","type":"product","link":"https:\/\/tremunpiercing.com\/es\/product\/margot-amethyst\/","title":{"rendered":"Margot - Amatista"},"content":{"rendered":"<p>El accesorio Margot Amethyst Push Pin es una sorprendente combinaci\u00f3n de artesan\u00eda de calidad y belleza de piedras preciosas naturales. Esta pieza segura, elaborada en oro amarillo de 14k, luce una amatista de intenso color, una gema de color p\u00farpura intenso asociada a la calma y la creatividad. Bellamente complementada con dos piedras blancas de Swarovski para darle un toque de chispa y brillo, la amatista brilla a\u00fan m\u00e1s contra la piedra blanca sin dejar de parecer natural. Las piezas est\u00e1n fabricadas de forma muy segura con un calibre 25G y un dise\u00f1o de punta de aguja para una colocaci\u00f3n de precisi\u00f3n y comodidad, lo que las hace ideales para perforadores profesionales.<\/p>\n<p>El cierre de pasador a presi\u00f3n bien dise\u00f1ado es duradero, c\u00f3modo, f\u00e1cil de insertar y quitar, y est\u00e1 pensado para todas las necesidades del perforador y de los clientes. Varios consideran que este accesorio es uno de sus favoritos para proyectos de orejas curadas, lo que lo convierte en una opci\u00f3n interesante pero lujosa y significativa de piedras preciosas para la pr\u00f3xima pieza de joyer\u00eda. El accesorio Push Pin es una maravillosa adici\u00f3n a la colecci\u00f3n de joyer\u00eda de cualquier perforador, pero tambi\u00e9n es un accesorio perfecto para un minorista de joyer\u00eda corporal. Se convertir\u00e1 en un elemento b\u00e1sico para cualquier colecci\u00f3n de piercing, por lo que es una pieza vers\u00e1til, segura y de alta calidad de la joyer\u00eda del cuerpo que elevar\u00e1 cada colecci\u00f3n de piercing.<\/p>","protected":false},"excerpt":{"rendered":"<ul>\n<li>Accesorio pasador<\/li>\n<li>Calibre: 25G<\/li>\n<li>Material: Oro amarillo 14k<\/li>\n<li>Gema: Amatista + SW Blanco<\/li>\n<\/ul>","protected":false},"featured_media":21284,"comment_status":"closed","ping_status":"closed","template":"","meta":{"_acf_changed":false},"product_brand":[],"product_cat":[400,337,463],"product_tag":[187,188,189,205,206,190,183,184,207],"class_list":{"0":"post-21283","1":"product","2":"type-product","3":"status-publish","4":"has-post-thumbnail","6":"product_cat-tremun","7":"product_cat-gold-jewelry","8":"product_cat-tops-gold-tremun","9":"product_tag-conch","10":"product_tag-ear","11":"product_tag-helix","12":"product_tag-lobe","13":"product_tag-lobulo","14":"product_tag-oreja","15":"product_tag-perforacion","16":"product_tag-piercing","17":"product_tag-tragus","19":"first","20":"instock","21":"taxable","22":"shipping-taxable","23":"purchasable","24":"product-type-simple"},"acf":[],"gallery_images":[29216,29217],"_links":{"self":[{"href":"https:\/\/tremunpiercing.com\/es\/wp-json\/wp\/v2\/product\/21283","targetHints":{"allow":["GET"]}}],"collection":[{"href":"https:\/\/tremunpiercing.com\/es\/wp-json\/wp\/v2\/product"}],"about":[{"href":"https:\/\/tremunpiercing.com\/es\/wp-json\/wp\/v2\/types\/product"}],"replies":[{"embeddable":true,"href":"https:\/\/tremunpiercing.com\/es\/wp-json\/wp\/v2\/comments?post=21283"}],"version-history":[{"count":1,"href":"https:\/\/tremunpiercing.com\/es\/wp-json\/wp\/v2\/product\/21283\/revisions"}],"predecessor-version":[{"id":29218,"href":"https:\/\/tremunpiercing.com\/es\/wp-json\/wp\/v2\/product\/21283\/revisions\/29218"}],"wp:featuredmedia":[{"embeddable":true,"href":"https:\/\/tremunpiercing.com\/es\/wp-json\/wp\/v2\/media\/21284"}],"wp:attachment":[{"href":"https:\/\/tremunpiercing.com\/es\/wp-json\/wp\/v2\/media?parent=21283"}],"wp:term":[{"taxonomy":"product_brand","embeddable":true,"href":"https:\/\/tremunpiercing.com\/es\/wp-json\/wp\/v2\/product_brand?post=21283"},{"taxonomy":"product_cat","embeddable":true,"href":"https:\/\/tremunpiercing.com\/es\/wp-json\/wp\/v2\/product_cat?post=21283"},{"taxonomy":"product_tag","embeddable":true,"href":"https:\/\/tremunpiercing.com\/es\/wp-json\/wp\/v2\/product_tag?post=21283"}],"curies":[{"name":"wp","href":"https:\/\/api.w.org\/{rel}","templated":true}]}}