{"id":21286,"date":"2025-09-08T15:37:04","date_gmt":"2025-09-08T14:37:04","guid":{"rendered":"https:\/\/tremunpiercing.com\/?post_type=product&#038;p=21286"},"modified":"2026-04-09T10:36:23","modified_gmt":"2026-04-09T09:36:23","slug":"margot-swiss-blue-topaz","status":"publish","type":"product","link":"https:\/\/tremunpiercing.com\/es\/product\/margot-swiss-blue-topaz\/","title":{"rendered":"Margot - Topacio azul suizo"},"content":{"rendered":"<h2 data-start=\"5461\" data-end=\"5516\">Margot Swiss Blue Topaz (Accesorio pasador)<\/h2>\n<p>El accesorio Margot Swiss Blue Topaz Push Pin a\u00f1ade belleza a su colecci\u00f3n de piercings profesionales. La pieza est\u00e1 compuesta de oro amarillo de 14 quilates y muestra la espectacular claridad del topacio azul suizo, y Swarovski blanco a\u00f1ade un sofisticado brillo junto a la piedra. El cl\u00e1sico color azul es una elecci\u00f3n atemporal, moderna, y puede mezclarse y combinarse f\u00e1cilmente en una oreja dise\u00f1ada y cuidada.<\/p>\n<p>El accesorio es 25G, se ajusta bien, y sirve como un pasador de empuje, dando una pieza segura para piercers con la facilidad de poder instalar. Esto es ideal para su estudio o proveedor de joyer\u00eda para ofrecer un ciclo de vida de lujo con un dise\u00f1o de joyer\u00eda del cuerpo c\u00f3modo de llevar para los clientes que aman las piedras preciosas finas. El Margot Swiss Blue Topaz es una impresionante pieza de artesan\u00eda y color atrevido; este accesorio llama la atenci\u00f3n en la alineaci\u00f3n de cualquier experiencia de piercing.<\/p>","protected":false},"excerpt":{"rendered":"<ul>\n<li>Accesorio pasador<\/li>\n<li>Calibre: 25G<\/li>\n<li>Material: Oro amarillo 14k<\/li>\n<li>Gema: Topacio Azul Suizo + SW Blanco<\/li>\n<\/ul>","protected":false},"featured_media":21287,"comment_status":"closed","ping_status":"closed","template":"","meta":{"_acf_changed":false},"product_brand":[],"product_cat":[400,337,463],"product_tag":[187,188,189,205,206,190,183,184,207],"class_list":{"0":"post-21286","1":"product","2":"type-product","3":"status-publish","4":"has-post-thumbnail","6":"product_cat-tremun","7":"product_cat-gold-jewelry","8":"product_cat-tops-gold-tremun","9":"product_tag-conch","10":"product_tag-ear","11":"product_tag-helix","12":"product_tag-lobe","13":"product_tag-lobulo","14":"product_tag-oreja","15":"product_tag-perforacion","16":"product_tag-piercing","17":"product_tag-tragus","19":"first","20":"instock","21":"taxable","22":"shipping-taxable","23":"purchasable","24":"product-type-simple"},"acf":[],"gallery_images":[29213,29214],"_links":{"self":[{"href":"https:\/\/tremunpiercing.com\/es\/wp-json\/wp\/v2\/product\/21286","targetHints":{"allow":["GET"]}}],"collection":[{"href":"https:\/\/tremunpiercing.com\/es\/wp-json\/wp\/v2\/product"}],"about":[{"href":"https:\/\/tremunpiercing.com\/es\/wp-json\/wp\/v2\/types\/product"}],"replies":[{"embeddable":true,"href":"https:\/\/tremunpiercing.com\/es\/wp-json\/wp\/v2\/comments?post=21286"}],"version-history":[{"count":1,"href":"https:\/\/tremunpiercing.com\/es\/wp-json\/wp\/v2\/product\/21286\/revisions"}],"predecessor-version":[{"id":29215,"href":"https:\/\/tremunpiercing.com\/es\/wp-json\/wp\/v2\/product\/21286\/revisions\/29215"}],"wp:featuredmedia":[{"embeddable":true,"href":"https:\/\/tremunpiercing.com\/es\/wp-json\/wp\/v2\/media\/21287"}],"wp:attachment":[{"href":"https:\/\/tremunpiercing.com\/es\/wp-json\/wp\/v2\/media?parent=21286"}],"wp:term":[{"taxonomy":"product_brand","embeddable":true,"href":"https:\/\/tremunpiercing.com\/es\/wp-json\/wp\/v2\/product_brand?post=21286"},{"taxonomy":"product_cat","embeddable":true,"href":"https:\/\/tremunpiercing.com\/es\/wp-json\/wp\/v2\/product_cat?post=21286"},{"taxonomy":"product_tag","embeddable":true,"href":"https:\/\/tremunpiercing.com\/es\/wp-json\/wp\/v2\/product_tag?post=21286"}],"curies":[{"name":"wp","href":"https:\/\/api.w.org\/{rel}","templated":true}]}}