{"id":21292,"date":"2025-09-08T15:56:07","date_gmt":"2025-09-08T14:56:07","guid":{"rendered":"https:\/\/tremunpiercing.com\/?post_type=product&#038;p=21292"},"modified":"2026-04-09T10:36:05","modified_gmt":"2026-04-09T09:36:05","slug":"margot-tsavorite","status":"publish","type":"product","link":"https:\/\/tremunpiercing.com\/es\/product\/margot-tsavorite\/","title":{"rendered":"Margot - Tsavorita"},"content":{"rendered":"<h2>Margot Tsavorite (Accesorio pasador)<\/h2>\n<p>El accesorio Margot Tsavorite Push Pin combina el lujo del oro amarillo de 14k con el vivo brillo de la tsavorita verde. Con un color vivo de calidad gema, la tsavorita eleva al instante cualquier look de oreja. Combinado con piedras blancas de Swarovski, el pasador Margot combina a la perfecci\u00f3n la audacia con un toque de brillo. El delicado calibre 25G ofrece un uso c\u00f3modo a la vez que una sujeci\u00f3n segura, lo que lo convierte en una excelente opci\u00f3n tanto para piercings nuevos como para los ya cicatrizados. Nuestro sistema de pasador a presi\u00f3n hace que sea f\u00e1cil de llevar, garantiza una sujeci\u00f3n profesional y satisface las exigencias de un estudio de piercing o de un joyero que valora el lujo y la facilidad de uso. El accesorio Margot Push Pin se ha convertido en uno de los favoritos del p\u00fablico para aquellos clientes que buscan una pieza de joyer\u00eda llamativa m\u00e1s all\u00e1 de una esmeralda, pero que al mismo tiempo disfrutan de la seductora sensaci\u00f3n de la joyer\u00eda de alta gama. Con su atractiva simplicidad, sus colores complementarios y su experta artesan\u00eda, Margot es una excelente opci\u00f3n para cualquier tienda profesional.<\/p>","protected":false},"excerpt":{"rendered":"<ul>\n<li>Accesorio pasador<\/li>\n<li>Calibre: 25G<\/li>\n<li>Material: Oro amarillo 14k<\/li>\n<li>Gema: Tsavorita + SW Blanco<\/li>\n<\/ul>","protected":false},"featured_media":21293,"comment_status":"closed","ping_status":"closed","template":"","meta":{"_acf_changed":false},"product_brand":[],"product_cat":[400,337,463],"product_tag":[187,188,189,205,206,190,183,184,207],"class_list":{"0":"post-21292","1":"product","2":"type-product","3":"status-publish","4":"has-post-thumbnail","6":"product_cat-tremun","7":"product_cat-gold-jewelry","8":"product_cat-tops-gold-tremun","9":"product_tag-conch","10":"product_tag-ear","11":"product_tag-helix","12":"product_tag-lobe","13":"product_tag-lobulo","14":"product_tag-oreja","15":"product_tag-perforacion","16":"product_tag-piercing","17":"product_tag-tragus","19":"first","20":"instock","21":"taxable","22":"shipping-taxable","23":"purchasable","24":"product-type-simple"},"acf":[],"gallery_images":[29210,29211],"_links":{"self":[{"href":"https:\/\/tremunpiercing.com\/es\/wp-json\/wp\/v2\/product\/21292","targetHints":{"allow":["GET"]}}],"collection":[{"href":"https:\/\/tremunpiercing.com\/es\/wp-json\/wp\/v2\/product"}],"about":[{"href":"https:\/\/tremunpiercing.com\/es\/wp-json\/wp\/v2\/types\/product"}],"replies":[{"embeddable":true,"href":"https:\/\/tremunpiercing.com\/es\/wp-json\/wp\/v2\/comments?post=21292"}],"version-history":[{"count":1,"href":"https:\/\/tremunpiercing.com\/es\/wp-json\/wp\/v2\/product\/21292\/revisions"}],"predecessor-version":[{"id":29212,"href":"https:\/\/tremunpiercing.com\/es\/wp-json\/wp\/v2\/product\/21292\/revisions\/29212"}],"wp:featuredmedia":[{"embeddable":true,"href":"https:\/\/tremunpiercing.com\/es\/wp-json\/wp\/v2\/media\/21293"}],"wp:attachment":[{"href":"https:\/\/tremunpiercing.com\/es\/wp-json\/wp\/v2\/media?parent=21292"}],"wp:term":[{"taxonomy":"product_brand","embeddable":true,"href":"https:\/\/tremunpiercing.com\/es\/wp-json\/wp\/v2\/product_brand?post=21292"},{"taxonomy":"product_cat","embeddable":true,"href":"https:\/\/tremunpiercing.com\/es\/wp-json\/wp\/v2\/product_cat?post=21292"},{"taxonomy":"product_tag","embeddable":true,"href":"https:\/\/tremunpiercing.com\/es\/wp-json\/wp\/v2\/product_tag?post=21292"}],"curies":[{"name":"wp","href":"https:\/\/api.w.org\/{rel}","templated":true}]}}