{"id":21295,"date":"2025-09-08T16:02:55","date_gmt":"2025-09-08T15:02:55","guid":{"rendered":"https:\/\/tremunpiercing.com\/?post_type=product&#038;p=21295"},"modified":"2026-04-09T10:18:15","modified_gmt":"2026-04-09T09:18:15","slug":"margot-moss-agate","status":"publish","type":"product","link":"https:\/\/tremunpiercing.com\/es\/product\/margot-moss-agate\/","title":{"rendered":"Margot - \u00c1gata musgosa"},"content":{"rendered":"<h2>\u00c1gata Margot Musgo (Accesorio pasador)<\/h2>\n<p>El accesorio Margot Push Pin de \u00e1gata musgosa es una sofisticada pieza de joyer\u00eda corporal elaborada con oro amarillo de 14 quilates, con la intenci\u00f3n de realzar el arte del proceso de perforaci\u00f3n contempor\u00e1neo. La artesan\u00eda resalta la forma org\u00e1nica del \u00e1gata musgosa al tiempo que muestra la belleza org\u00e1nica de la gema: inclusiones verdes naturales que dan car\u00e1cter a la piedra. Yendo un paso m\u00e1s all\u00e1, los detalles de Swarovski White a\u00f1aden la cantidad perfecta de brillo sin dejar de ser suaves y f\u00e1ciles de llevar. Con su calibre de precisi\u00f3n 25G, el accesorio es c\u00f3modo y est\u00e1 hecho para un uso profesional en las distintas posiciones de perforaci\u00f3n de la oreja.<\/p>\n<p>Gracias a caracter\u00edsticas como el cierre de pasador de empuje natural, la pieza ofrece una combinaci\u00f3n ideal de seguridad, mientras que estar seguro de que va a usar todos los d\u00edas sabiendo que va a pasar por los rigores de un accesorio. Es una ofrenda ideal para un estudio de piercing o para la venta al por menor de joyas. El \u00e1gata Margot Moss es el reflejo perfecto del arte lujoso y el encanto org\u00e1nico. Esta oferta har\u00e1 las delicias de sus clientes y se convertir\u00e1 en su primera elecci\u00f3n para ofrecerles una sensaci\u00f3n de sofisticaci\u00f3n terrenal en todo momento. El accesorio encajar\u00e1 dentro de cualquier proyecto de oreja curativa y ofrecer las \u00fanicas para hacer el Margot Moss \u00c1gata Push pin accesorio una adici\u00f3n esencial a cualquier colecci\u00f3n profesional o puesta en escena.<\/p>","protected":false},"excerpt":{"rendered":"<ul>\n<li>Accesorio pasador<\/li>\n<li>Calibre: 25G<\/li>\n<li>Material: Oro amarillo 14k<\/li>\n<li>Gema: \u00c1gata Musgo + SW Blanco<\/li>\n<\/ul>","protected":false},"featured_media":21296,"comment_status":"closed","ping_status":"closed","template":"","meta":{"_acf_changed":false},"product_brand":[],"product_cat":[400,337,463],"product_tag":[187,188,189,205,206,190,183,184,207],"class_list":{"0":"post-21295","1":"product","2":"type-product","3":"status-publish","4":"has-post-thumbnail","6":"product_cat-tremun","7":"product_cat-gold-jewelry","8":"product_cat-tops-gold-tremun","9":"product_tag-conch","10":"product_tag-ear","11":"product_tag-helix","12":"product_tag-lobe","13":"product_tag-lobulo","14":"product_tag-oreja","15":"product_tag-perforacion","16":"product_tag-piercing","17":"product_tag-tragus","19":"first","20":"instock","21":"taxable","22":"shipping-taxable","23":"purchasable","24":"product-type-simple"},"acf":[],"gallery_images":[29207,29208],"_links":{"self":[{"href":"https:\/\/tremunpiercing.com\/es\/wp-json\/wp\/v2\/product\/21295","targetHints":{"allow":["GET"]}}],"collection":[{"href":"https:\/\/tremunpiercing.com\/es\/wp-json\/wp\/v2\/product"}],"about":[{"href":"https:\/\/tremunpiercing.com\/es\/wp-json\/wp\/v2\/types\/product"}],"replies":[{"embeddable":true,"href":"https:\/\/tremunpiercing.com\/es\/wp-json\/wp\/v2\/comments?post=21295"}],"version-history":[{"count":1,"href":"https:\/\/tremunpiercing.com\/es\/wp-json\/wp\/v2\/product\/21295\/revisions"}],"predecessor-version":[{"id":29209,"href":"https:\/\/tremunpiercing.com\/es\/wp-json\/wp\/v2\/product\/21295\/revisions\/29209"}],"wp:featuredmedia":[{"embeddable":true,"href":"https:\/\/tremunpiercing.com\/es\/wp-json\/wp\/v2\/media\/21296"}],"wp:attachment":[{"href":"https:\/\/tremunpiercing.com\/es\/wp-json\/wp\/v2\/media?parent=21295"}],"wp:term":[{"taxonomy":"product_brand","embeddable":true,"href":"https:\/\/tremunpiercing.com\/es\/wp-json\/wp\/v2\/product_brand?post=21295"},{"taxonomy":"product_cat","embeddable":true,"href":"https:\/\/tremunpiercing.com\/es\/wp-json\/wp\/v2\/product_cat?post=21295"},{"taxonomy":"product_tag","embeddable":true,"href":"https:\/\/tremunpiercing.com\/es\/wp-json\/wp\/v2\/product_tag?post=21295"}],"curies":[{"name":"wp","href":"https:\/\/api.w.org\/{rel}","templated":true}]}}