{"id":21956,"date":"2025-09-17T16:26:13","date_gmt":"2025-09-17T15:26:13","guid":{"rendered":"https:\/\/tremunpiercing.com\/?post_type=product&#038;p=21956"},"modified":"2026-04-14T16:47:27","modified_gmt":"2026-04-14T15:47:27","slug":"prong-leaf-light-peony-opal","status":"publish","type":"product","link":"https:\/\/tremunpiercing.com\/es\/product\/prong-leaf-light-peony-opal\/","title":{"rendered":"Prong Leaf Light Peon\u00eda \u00d3palo"},"content":{"rendered":"<p>La joya Prong Leaf Light Peony Opal presenta suaves tonos opalescentes que brillan suavemente bajo cualquier luz. Fabricada con titanio de grado de implante (F-136), esta joya corporal enhebrada a mano tiene caracter\u00edsticas \u00fanicas en forma de hoja y gemas de \u00f3palo peon\u00eda claro que le confieren un estilo natural pero lujoso. Con diferentes tama\u00f1os de bola (4 mm-6 mm y 5 mm-8 mm y 11 mm), permite a los perforadores profesionales crear joyas \u00fanicas para sus clientes y puede llevarse en un piercing de ombligo, h\u00e9lix o concha. La seguridad de su enhebrado, as\u00ed como el tacto de esta joya, garantizan su comodidad al llevarla todos los d\u00edas.<\/p>\n<p>Esta pieza decorativa de joyer\u00eda corporal es el complemento femenino perfecto para cualquier oreja o colecci\u00f3n, y es una petici\u00f3n muy popular entre los estudios de piercing y los minoristas de joyer\u00eda de Europa, Reino Unido y Estados Unidos.<\/p>","protected":false},"excerpt":{"rendered":"<ul>\n<li>Rosca interna<\/li>\n<li>Material: Titanio F-136 para implantes<\/li>\n<li>Tama\u00f1o: 4,5 mm<\/li>\n<li>Galga: 16G<\/li>\n<li>Gema \u00d3palo Peon\u00eda Claro<\/li>\n<\/ul>","protected":false},"featured_media":22290,"comment_status":"closed","ping_status":"closed","template":"","meta":{"_acf_changed":false},"product_brand":[],"product_cat":[340,343],"product_tag":[187,179,180,188,209,189,210,211,212,199,190,183,213,184,214,185,207],"class_list":{"0":"post-21956","1":"product","2":"type-product","3":"status-publish","4":"has-post-thumbnail","6":"product_cat-titanium-jewelry","7":"product_cat-tops-titanium-jewelry","8":"product_tag-conch","9":"product_tag-cristal","10":"product_tag-cz","11":"product_tag-ear","12":"product_tag-faux-rook","13":"product_tag-helix","14":"product_tag-labret","15":"product_tag-lip","16":"product_tag-medusa","17":"product_tag-nostril","18":"product_tag-oreja","19":"product_tag-perforacion","20":"product_tag-philtrum","21":"product_tag-piercing","22":"product_tag-rook","23":"product_tag-shiny","24":"product_tag-tragus","26":"first","27":"instock","28":"taxable","29":"shipping-taxable","30":"purchasable","31":"product-type-simple"},"acf":[],"gallery_images":[27572,27571],"_links":{"self":[{"href":"https:\/\/tremunpiercing.com\/es\/wp-json\/wp\/v2\/product\/21956","targetHints":{"allow":["GET"]}}],"collection":[{"href":"https:\/\/tremunpiercing.com\/es\/wp-json\/wp\/v2\/product"}],"about":[{"href":"https:\/\/tremunpiercing.com\/es\/wp-json\/wp\/v2\/types\/product"}],"replies":[{"embeddable":true,"href":"https:\/\/tremunpiercing.com\/es\/wp-json\/wp\/v2\/comments?post=21956"}],"version-history":[{"count":1,"href":"https:\/\/tremunpiercing.com\/es\/wp-json\/wp\/v2\/product\/21956\/revisions"}],"predecessor-version":[{"id":27575,"href":"https:\/\/tremunpiercing.com\/es\/wp-json\/wp\/v2\/product\/21956\/revisions\/27575"}],"wp:featuredmedia":[{"embeddable":true,"href":"https:\/\/tremunpiercing.com\/es\/wp-json\/wp\/v2\/media\/22290"}],"wp:attachment":[{"href":"https:\/\/tremunpiercing.com\/es\/wp-json\/wp\/v2\/media?parent=21956"}],"wp:term":[{"taxonomy":"product_brand","embeddable":true,"href":"https:\/\/tremunpiercing.com\/es\/wp-json\/wp\/v2\/product_brand?post=21956"},{"taxonomy":"product_cat","embeddable":true,"href":"https:\/\/tremunpiercing.com\/es\/wp-json\/wp\/v2\/product_cat?post=21956"},{"taxonomy":"product_tag","embeddable":true,"href":"https:\/\/tremunpiercing.com\/es\/wp-json\/wp\/v2\/product_tag?post=21956"}],"curies":[{"name":"wp","href":"https:\/\/api.w.org\/{rel}","templated":true}]}}