{"id":21958,"date":"2025-09-17T16:30:55","date_gmt":"2025-09-17T15:30:55","guid":{"rendered":"https:\/\/tremunpiercing.com\/?post_type=product&#038;p=21958"},"modified":"2026-04-18T13:39:21","modified_gmt":"2026-04-18T12:39:21","slug":"trinity-sw","status":"publish","type":"product","link":"https:\/\/tremunpiercing.com\/es\/product\/trinity-sw\/","title":{"rendered":"Trinidad - SW"},"content":{"rendered":"<p>La parte superior de titanio Trinity SW fusiona un minimalismo estructural fresco con un brillo centelleante cl\u00e1sico. Formulado a partir de titanio de grado de implante (F-136), este tope con rosca interna tiene tres brillantes cristales de Swarovski que captan la luz desde todos los \u00e1ngulos. Fabricado para ofrecer comodidad y durabilidad, es una gran opci\u00f3n para una variedad de ubicaciones, como el h\u00e9lix, el tragus, la concha o el l\u00f3bulo.<\/p>\n<p>Adem\u00e1s, todos los cristales est\u00e1n perfectamente alineados para crear un tri\u00e1ngulo chic, que atrae de forma natural un brillo sutil sin restar protagonismo a la oreja. El Trinity-SW est\u00e1 disponible en tama\u00f1os de 2,5 mm, 3,6 mm y 4,5 mm, lo que lo convierte en la opci\u00f3n perfecta para recomendar a un perforador profesional que busque ofrecer una opci\u00f3n hipoalerg\u00e9nica de gama alta que sus clientes adorar\u00e1n durante mucho tiempo.<\/p>","protected":false},"excerpt":{"rendered":"<ul>\n<li>Rosca interna<\/li>\n<li>Material: Titanio F-136 para implantes<\/li>\n<li>Galga: 16G<\/li>\n<li>Gema: Cristal Swarovski<\/li>\n<li>Tama\u00f1os: 2,5mm - 3,6mm - 4,5mm<\/li>\n<\/ul>","protected":false},"featured_media":22104,"comment_status":"closed","ping_status":"closed","template":"","meta":{"_acf_changed":false},"product_brand":[],"product_cat":[442,340,343],"product_tag":[187,188,189,210,205,206,212,190,183,213,184,207],"class_list":{"0":"post-21958","1":"product","2":"type-product","3":"status-publish","4":"has-post-thumbnail","6":"product_cat-sw","7":"product_cat-titanium-jewelry","8":"product_cat-tops-titanium-jewelry","9":"product_tag-conch","10":"product_tag-ear","11":"product_tag-helix","12":"product_tag-labret","13":"product_tag-lobe","14":"product_tag-lobulo","15":"product_tag-medusa","16":"product_tag-oreja","17":"product_tag-perforacion","18":"product_tag-philtrum","19":"product_tag-piercing","20":"product_tag-tragus","22":"first","23":"instock","24":"taxable","25":"shipping-taxable","26":"purchasable","27":"product-type-variable"},"acf":[],"gallery_images":[22105,27627,22106,27624,22107,27626,27625],"_links":{"self":[{"href":"https:\/\/tremunpiercing.com\/es\/wp-json\/wp\/v2\/product\/21958","targetHints":{"allow":["GET"]}}],"collection":[{"href":"https:\/\/tremunpiercing.com\/es\/wp-json\/wp\/v2\/product"}],"about":[{"href":"https:\/\/tremunpiercing.com\/es\/wp-json\/wp\/v2\/types\/product"}],"replies":[{"embeddable":true,"href":"https:\/\/tremunpiercing.com\/es\/wp-json\/wp\/v2\/comments?post=21958"}],"version-history":[{"count":1,"href":"https:\/\/tremunpiercing.com\/es\/wp-json\/wp\/v2\/product\/21958\/revisions"}],"predecessor-version":[{"id":27579,"href":"https:\/\/tremunpiercing.com\/es\/wp-json\/wp\/v2\/product\/21958\/revisions\/27579"}],"wp:featuredmedia":[{"embeddable":true,"href":"https:\/\/tremunpiercing.com\/es\/wp-json\/wp\/v2\/media\/22104"}],"wp:attachment":[{"href":"https:\/\/tremunpiercing.com\/es\/wp-json\/wp\/v2\/media?parent=21958"}],"wp:term":[{"taxonomy":"product_brand","embeddable":true,"href":"https:\/\/tremunpiercing.com\/es\/wp-json\/wp\/v2\/product_brand?post=21958"},{"taxonomy":"product_cat","embeddable":true,"href":"https:\/\/tremunpiercing.com\/es\/wp-json\/wp\/v2\/product_cat?post=21958"},{"taxonomy":"product_tag","embeddable":true,"href":"https:\/\/tremunpiercing.com\/es\/wp-json\/wp\/v2\/product_tag?post=21958"}],"curies":[{"name":"wp","href":"https:\/\/api.w.org\/{rel}","templated":true}]}}