{"id":21997,"date":"2025-09-17T19:41:04","date_gmt":"2025-09-17T18:41:04","guid":{"rendered":"https:\/\/tremunpiercing.com\/?post_type=product&#038;p=21997"},"modified":"2026-03-29T18:28:43","modified_gmt":"2026-03-29T17:28:43","slug":"lena-sw-frosty-mint","status":"publish","type":"product","link":"https:\/\/tremunpiercing.com\/es\/product\/lena-sw-frosty-mint\/","title":{"rendered":"Lena - SW Menta escarchada"},"content":{"rendered":"<p>El Lena - SW Frosty Mint presenta una visi\u00f3n contempor\u00e1nea y refrescante de los piercings tradicionales. El esp\u00e1rrago de rosca interna de 3 mm de grosor (fabricado en titanio F-136 de grado de implante) sujeta un cristal Frosty Mint de Swarovski, que deslumbra con un sutil brillo pastel. Tiene una superficie hipoalerg\u00e9nica y resistente a la corrosi\u00f3n que es ideal para todo tipo de perforaciones de oreja (tragus, labret, helix) para llevar a diario. Creado espec\u00edficamente para profesionales, irradia sencillez y elegancia a la vez que es duradero para los piercings cotidianos. El Frosty Mint ser\u00e1 un ligero estallido de frescura tanto para los estudios como para los clientes.<\/p>","protected":false},"excerpt":{"rendered":"<ul>\n<li>Rosca interna<\/li>\n<li>Material: Titanio F-136 para implantes<\/li>\n<li>Tama\u00f1o: 3 mm<\/li>\n<li>Gema: Cristal Swarovski<\/li>\n<li>Galga: 16G<\/li>\n<\/ul>","protected":false},"featured_media":21999,"comment_status":"closed","ping_status":"closed","template":"","meta":{"_acf_changed":false},"product_brand":[],"product_cat":[442,340,343],"product_tag":[187,188,189,210,211,199,190,183,184],"class_list":{"0":"post-21997","1":"product","2":"type-product","3":"status-publish","4":"has-post-thumbnail","6":"product_cat-sw","7":"product_cat-titanium-jewelry","8":"product_cat-tops-titanium-jewelry","9":"product_tag-conch","10":"product_tag-ear","11":"product_tag-helix","12":"product_tag-labret","13":"product_tag-lip","14":"product_tag-nostril","15":"product_tag-oreja","16":"product_tag-perforacion","17":"product_tag-piercing","19":"first","20":"instock","21":"taxable","22":"shipping-taxable","23":"purchasable","24":"product-type-simple"},"acf":[],"gallery_images":[27497,27496],"_links":{"self":[{"href":"https:\/\/tremunpiercing.com\/es\/wp-json\/wp\/v2\/product\/21997","targetHints":{"allow":["GET"]}}],"collection":[{"href":"https:\/\/tremunpiercing.com\/es\/wp-json\/wp\/v2\/product"}],"about":[{"href":"https:\/\/tremunpiercing.com\/es\/wp-json\/wp\/v2\/types\/product"}],"replies":[{"embeddable":true,"href":"https:\/\/tremunpiercing.com\/es\/wp-json\/wp\/v2\/comments?post=21997"}],"version-history":[{"count":1,"href":"https:\/\/tremunpiercing.com\/es\/wp-json\/wp\/v2\/product\/21997\/revisions"}],"predecessor-version":[{"id":27500,"href":"https:\/\/tremunpiercing.com\/es\/wp-json\/wp\/v2\/product\/21997\/revisions\/27500"}],"wp:featuredmedia":[{"embeddable":true,"href":"https:\/\/tremunpiercing.com\/es\/wp-json\/wp\/v2\/media\/21999"}],"wp:attachment":[{"href":"https:\/\/tremunpiercing.com\/es\/wp-json\/wp\/v2\/media?parent=21997"}],"wp:term":[{"taxonomy":"product_brand","embeddable":true,"href":"https:\/\/tremunpiercing.com\/es\/wp-json\/wp\/v2\/product_brand?post=21997"},{"taxonomy":"product_cat","embeddable":true,"href":"https:\/\/tremunpiercing.com\/es\/wp-json\/wp\/v2\/product_cat?post=21997"},{"taxonomy":"product_tag","embeddable":true,"href":"https:\/\/tremunpiercing.com\/es\/wp-json\/wp\/v2\/product_tag?post=21997"}],"curies":[{"name":"wp","href":"https:\/\/api.w.org\/{rel}","templated":true}]}}