{"id":22004,"date":"2025-09-17T19:46:58","date_gmt":"2025-09-17T18:46:58","guid":{"rendered":"https:\/\/tremunpiercing.com\/?post_type=product&#038;p=22004"},"modified":"2026-04-14T16:47:26","modified_gmt":"2026-04-14T15:47:26","slug":"lena-sw-light-peony","status":"publish","type":"product","link":"https:\/\/tremunpiercing.com\/es\/product\/lena-sw-light-peony\/","title":{"rendered":"Lena - Peon\u00eda Opal Light"},"content":{"rendered":"<p>La Lena-Opal Light Peony est\u00e1 hecha para quienes aman los detalles suaves y femeninos. La piedra Opal Light Peony es bellamente luminosa y la joya Implant Grade Titanium F-136 tiene rosca interna para mayor comodidad y seguridad.<\/p>\n<p>Esta pieza est\u00e1 acentuada por un tama\u00f1o de aproximadamente 3 mm, perfecto para piercings tragus, helix, labret y planos. El brillo pastel del \u00f3palo transmite una suavidad en la forma en que capta la luz, al tiempo que ofrece un delicado destello perfecto para llevar a diario.<\/p>\n<p>Como opci\u00f3n reputada y de confianza entre los estudios de piercing y los profesionales, la Peon\u00eda Lena Opal Light ofrece un encanto superior, biocompatibilidad y una resistencia centrada en el titanio: una joya de alta calidad esencial en cualquier colecci\u00f3n centrada en la elegancia.<\/p>","protected":false},"excerpt":{"rendered":"<ul>\n<li>Rosca interna<\/li>\n<li>Material: Titanio F-136 para implantes<\/li>\n<li>Tama\u00f1o: 3 mm<\/li>\n<li>Gema \u00d3palo Peon\u00eda Claro<\/li>\n<li>Galga: 16G<\/li>\n<\/ul>","protected":false},"featured_media":22005,"comment_status":"closed","ping_status":"closed","template":"","meta":{"_acf_changed":false},"product_brand":[],"product_cat":[340,343],"product_tag":[187,188,189,210,211,199,190,183,184],"class_list":{"0":"post-22004","1":"product","2":"type-product","3":"status-publish","4":"has-post-thumbnail","6":"product_cat-titanium-jewelry","7":"product_cat-tops-titanium-jewelry","8":"product_tag-conch","9":"product_tag-ear","10":"product_tag-helix","11":"product_tag-labret","12":"product_tag-lip","13":"product_tag-nostril","14":"product_tag-oreja","15":"product_tag-perforacion","16":"product_tag-piercing","18":"first","19":"instock","20":"taxable","21":"shipping-taxable","22":"purchasable","23":"product-type-simple"},"acf":[],"gallery_images":[27498,27499],"_links":{"self":[{"href":"https:\/\/tremunpiercing.com\/es\/wp-json\/wp\/v2\/product\/22004","targetHints":{"allow":["GET"]}}],"collection":[{"href":"https:\/\/tremunpiercing.com\/es\/wp-json\/wp\/v2\/product"}],"about":[{"href":"https:\/\/tremunpiercing.com\/es\/wp-json\/wp\/v2\/types\/product"}],"replies":[{"embeddable":true,"href":"https:\/\/tremunpiercing.com\/es\/wp-json\/wp\/v2\/comments?post=22004"}],"version-history":[{"count":1,"href":"https:\/\/tremunpiercing.com\/es\/wp-json\/wp\/v2\/product\/22004\/revisions"}],"predecessor-version":[{"id":27501,"href":"https:\/\/tremunpiercing.com\/es\/wp-json\/wp\/v2\/product\/22004\/revisions\/27501"}],"wp:featuredmedia":[{"embeddable":true,"href":"https:\/\/tremunpiercing.com\/es\/wp-json\/wp\/v2\/media\/22005"}],"wp:attachment":[{"href":"https:\/\/tremunpiercing.com\/es\/wp-json\/wp\/v2\/media?parent=22004"}],"wp:term":[{"taxonomy":"product_brand","embeddable":true,"href":"https:\/\/tremunpiercing.com\/es\/wp-json\/wp\/v2\/product_brand?post=22004"},{"taxonomy":"product_cat","embeddable":true,"href":"https:\/\/tremunpiercing.com\/es\/wp-json\/wp\/v2\/product_cat?post=22004"},{"taxonomy":"product_tag","embeddable":true,"href":"https:\/\/tremunpiercing.com\/es\/wp-json\/wp\/v2\/product_tag?post=22004"}],"curies":[{"name":"wp","href":"https:\/\/api.w.org\/{rel}","templated":true}]}}