{"id":22201,"date":"2025-09-23T19:51:14","date_gmt":"2025-09-23T18:51:14","guid":{"rendered":"https:\/\/tremunpiercing.com\/?post_type=product&#038;p=22201"},"modified":"2026-04-19T10:21:22","modified_gmt":"2026-04-19T09:21:22","slug":"angel-sw-white","status":"publish","type":"product","link":"https:\/\/tremunpiercing.com\/es\/product\/angel-sw-white\/","title":{"rendered":"\u00c1ngel - SW Blanco"},"content":{"rendered":"<p>El Angel SW White irradia lujo con un brillo exquisito, adornado con piedras SW Zirconia. Fabricado con titanio F-136 de grado para implantes, esta pieza es de primera calidad, biocompatible y duradera. El dise\u00f1o de rosca interna 16G es el preferido por los piercers debido a su c\u00f3modo y f\u00e1cil ajuste. El brillante destello es perfecto para piercings en el h\u00e9lix, el l\u00f3bulo y el tragus, por lo que es una gran opci\u00f3n para los clientes que desean un aspecto elegante sin molestias.<\/p>\n<p>Dise\u00f1ada con calidad de estudio, Angel siempre a\u00f1ade sofisticaci\u00f3n a cada colecci\u00f3n de joyas. Cada detalle est\u00e1 hecho para encarnar la precisi\u00f3n, la pureza y el atractivo eterno de las piezas de joyer\u00eda contempor\u00e1nea.<\/p>","protected":false},"excerpt":{"rendered":"<ul>\n<li>Rosca interna<\/li>\n<li>Material: Titanio F-136 para implantes<\/li>\n<li>Galga: 16G<\/li>\n<li>Gema: SW - Circonita Premium<\/li>\n<li>Tama\u00f1o: 3 mm x 6 mm<\/li>\n<\/ul>","protected":false},"featured_media":22202,"comment_status":"closed","ping_status":"closed","template":"","meta":{"_acf_changed":false},"product_brand":[],"product_cat":[442,340,343],"product_tag":[187,179,180,188,209,189,210,211,212,190,183,184,207],"class_list":{"0":"post-22201","1":"product","2":"type-product","3":"status-publish","4":"has-post-thumbnail","6":"product_cat-sw","7":"product_cat-titanium-jewelry","8":"product_cat-tops-titanium-jewelry","9":"product_tag-conch","10":"product_tag-cristal","11":"product_tag-cz","12":"product_tag-ear","13":"product_tag-faux-rook","14":"product_tag-helix","15":"product_tag-labret","16":"product_tag-lip","17":"product_tag-medusa","18":"product_tag-oreja","19":"product_tag-perforacion","20":"product_tag-piercing","21":"product_tag-tragus","23":"first","24":"instock","25":"taxable","26":"shipping-taxable","27":"purchasable","28":"product-type-variable"},"acf":[],"gallery_images":[22203,27419,27420],"_links":{"self":[{"href":"https:\/\/tremunpiercing.com\/es\/wp-json\/wp\/v2\/product\/22201","targetHints":{"allow":["GET"]}}],"collection":[{"href":"https:\/\/tremunpiercing.com\/es\/wp-json\/wp\/v2\/product"}],"about":[{"href":"https:\/\/tremunpiercing.com\/es\/wp-json\/wp\/v2\/types\/product"}],"replies":[{"embeddable":true,"href":"https:\/\/tremunpiercing.com\/es\/wp-json\/wp\/v2\/comments?post=22201"}],"version-history":[{"count":1,"href":"https:\/\/tremunpiercing.com\/es\/wp-json\/wp\/v2\/product\/22201\/revisions"}],"predecessor-version":[{"id":27421,"href":"https:\/\/tremunpiercing.com\/es\/wp-json\/wp\/v2\/product\/22201\/revisions\/27421"}],"wp:featuredmedia":[{"embeddable":true,"href":"https:\/\/tremunpiercing.com\/es\/wp-json\/wp\/v2\/media\/22202"}],"wp:attachment":[{"href":"https:\/\/tremunpiercing.com\/es\/wp-json\/wp\/v2\/media?parent=22201"}],"wp:term":[{"taxonomy":"product_brand","embeddable":true,"href":"https:\/\/tremunpiercing.com\/es\/wp-json\/wp\/v2\/product_brand?post=22201"},{"taxonomy":"product_cat","embeddable":true,"href":"https:\/\/tremunpiercing.com\/es\/wp-json\/wp\/v2\/product_cat?post=22201"},{"taxonomy":"product_tag","embeddable":true,"href":"https:\/\/tremunpiercing.com\/es\/wp-json\/wp\/v2\/product_tag?post=22201"}],"curies":[{"name":"wp","href":"https:\/\/api.w.org\/{rel}","templated":true}]}}