{"id":22207,"date":"2025-09-23T19:59:35","date_gmt":"2025-09-23T18:59:35","guid":{"rendered":"https:\/\/tremunpiercing.com\/?post_type=product&#038;p=22207"},"modified":"2026-04-18T10:58:16","modified_gmt":"2026-04-18T09:58:16","slug":"donna","status":"publish","type":"product","link":"https:\/\/tremunpiercing.com\/es\/product\/donna\/","title":{"rendered":"Donna"},"content":{"rendered":"<p>El Donna es una exquisita pieza de joyer\u00eda corporal dise\u00f1ada con precisi\u00f3n y fabricada con titanio de grado de implante (F-136), que proporciona una biocompatibilidad superior y durabilidad. El dise\u00f1o de rosca interna 16G es f\u00e1cil de instalar de forma segura y sin problemas, lo que es ideal para piercings sensibles. Las piedras de circonita c\u00fabica son llamativas y a\u00f1aden un nivel de brillo sofisticado a esta joya vers\u00e1til, que permite llevarla sola o combinada con otras joyas.<\/p>\n<p>El Donna es perfecto para piercings de cart\u00edlago de oreja, concha o labio, ya que aporta estilo, elegancia y funcionalidad. Es ligero, no se deslustra y es un producto excelente para vender en estudios de piercing y tiendas minoristas para clientes que desean joyas corporales de alta calidad con detalle y brillo.<\/p>","protected":false},"excerpt":{"rendered":"<ul>\n<li>Rosca interna<\/li>\n<li>Material: Titanio F-136 para implantes<\/li>\n<li>Galga: 16G<\/li>\n<li>Gema: Circonita c\u00fabica<\/li>\n<li>Tama\u00f1o: 3,6 mm x 10 mm<\/li>\n<\/ul>","protected":false},"featured_media":22208,"comment_status":"closed","ping_status":"closed","template":"","meta":{"_acf_changed":false},"product_brand":[],"product_cat":[340,343],"product_tag":[187,179,180,188,209,189,210,211,212,190,183,184,207],"class_list":{"0":"post-22207","1":"product","2":"type-product","3":"status-publish","4":"has-post-thumbnail","6":"product_cat-titanium-jewelry","7":"product_cat-tops-titanium-jewelry","8":"product_tag-conch","9":"product_tag-cristal","10":"product_tag-cz","11":"product_tag-ear","12":"product_tag-faux-rook","13":"product_tag-helix","14":"product_tag-labret","15":"product_tag-lip","16":"product_tag-medusa","17":"product_tag-oreja","18":"product_tag-perforacion","19":"product_tag-piercing","20":"product_tag-tragus","22":"first","23":"instock","24":"taxable","25":"shipping-taxable","26":"purchasable","27":"product-type-simple"},"acf":[],"gallery_images":[27415,27416],"_links":{"self":[{"href":"https:\/\/tremunpiercing.com\/es\/wp-json\/wp\/v2\/product\/22207","targetHints":{"allow":["GET"]}}],"collection":[{"href":"https:\/\/tremunpiercing.com\/es\/wp-json\/wp\/v2\/product"}],"about":[{"href":"https:\/\/tremunpiercing.com\/es\/wp-json\/wp\/v2\/types\/product"}],"replies":[{"embeddable":true,"href":"https:\/\/tremunpiercing.com\/es\/wp-json\/wp\/v2\/comments?post=22207"}],"version-history":[{"count":1,"href":"https:\/\/tremunpiercing.com\/es\/wp-json\/wp\/v2\/product\/22207\/revisions"}],"predecessor-version":[{"id":27418,"href":"https:\/\/tremunpiercing.com\/es\/wp-json\/wp\/v2\/product\/22207\/revisions\/27418"}],"wp:featuredmedia":[{"embeddable":true,"href":"https:\/\/tremunpiercing.com\/es\/wp-json\/wp\/v2\/media\/22208"}],"wp:attachment":[{"href":"https:\/\/tremunpiercing.com\/es\/wp-json\/wp\/v2\/media?parent=22207"}],"wp:term":[{"taxonomy":"product_brand","embeddable":true,"href":"https:\/\/tremunpiercing.com\/es\/wp-json\/wp\/v2\/product_brand?post=22207"},{"taxonomy":"product_cat","embeddable":true,"href":"https:\/\/tremunpiercing.com\/es\/wp-json\/wp\/v2\/product_cat?post=22207"},{"taxonomy":"product_tag","embeddable":true,"href":"https:\/\/tremunpiercing.com\/es\/wp-json\/wp\/v2\/product_tag?post=22207"}],"curies":[{"name":"wp","href":"https:\/\/api.w.org\/{rel}","templated":true}]}}