{"id":22213,"date":"2025-09-23T20:06:39","date_gmt":"2025-09-23T19:06:39","guid":{"rendered":"https:\/\/tremunpiercing.com\/?post_type=product&#038;p=22213"},"modified":"2026-04-20T12:16:37","modified_gmt":"2026-04-20T11:16:37","slug":"carmen","status":"publish","type":"product","link":"https:\/\/tremunpiercing.com\/es\/product\/carmen\/","title":{"rendered":"Carmen"},"content":{"rendered":"<p>Este Carmen presenta un encanto radiante en un cuerpo de titanio duradero. Fabricado con titanio F-136 de grado para implantes, proporciona biocompatibilidad y mantiene su brillo. El sistema de rosca interna 16G es f\u00e1cil de trabajar para los perforadores profesionales, y puede estar seguro de que queda bien ajustado. La gema de circonita c\u00fabica destella con un brillo cautivador.<\/p>\n<p>Carmen es ideal para piercings como el h\u00e9lix, el tragus, la nariz o los l\u00f3bulos. Carmen se puede llevar en un estudio de piercing profesional o en tu pieza de joyer\u00eda favorita, y seguro que brilla con belleza y fuerza. Esta pieza est\u00e1 dise\u00f1ada para ofrecer confianza y precisi\u00f3n. Ofrece la mezcla perfecta de moda y funcionalidad.<\/p>","protected":false},"excerpt":{"rendered":"<ul>\n<li>Rosca interna<\/li>\n<li>Material: Titanio F-136 para implantes<\/li>\n<li>Galga: 16G<\/li>\n<li>Gema: Circonita c\u00fabica<\/li>\n<li>Tama\u00f1o: 11,3 mm<\/li>\n<\/ul>","protected":false},"featured_media":22214,"comment_status":"closed","ping_status":"closed","template":"","meta":{"_acf_changed":false},"product_brand":[],"product_cat":[340,343],"product_tag":[187,179,180,188,209,189,210,211,212,190,183,184,207],"class_list":{"0":"post-22213","1":"product","2":"type-product","3":"status-publish","4":"has-post-thumbnail","6":"product_cat-titanium-jewelry","7":"product_cat-tops-titanium-jewelry","8":"product_tag-conch","9":"product_tag-cristal","10":"product_tag-cz","11":"product_tag-ear","12":"product_tag-faux-rook","13":"product_tag-helix","14":"product_tag-labret","15":"product_tag-lip","16":"product_tag-medusa","17":"product_tag-oreja","18":"product_tag-perforacion","19":"product_tag-piercing","20":"product_tag-tragus","22":"first","23":"instock","24":"taxable","25":"shipping-taxable","26":"purchasable","27":"product-type-simple"},"acf":[],"gallery_images":[27407,27408],"_links":{"self":[{"href":"https:\/\/tremunpiercing.com\/es\/wp-json\/wp\/v2\/product\/22213","targetHints":{"allow":["GET"]}}],"collection":[{"href":"https:\/\/tremunpiercing.com\/es\/wp-json\/wp\/v2\/product"}],"about":[{"href":"https:\/\/tremunpiercing.com\/es\/wp-json\/wp\/v2\/types\/product"}],"replies":[{"embeddable":true,"href":"https:\/\/tremunpiercing.com\/es\/wp-json\/wp\/v2\/comments?post=22213"}],"version-history":[{"count":1,"href":"https:\/\/tremunpiercing.com\/es\/wp-json\/wp\/v2\/product\/22213\/revisions"}],"predecessor-version":[{"id":27409,"href":"https:\/\/tremunpiercing.com\/es\/wp-json\/wp\/v2\/product\/22213\/revisions\/27409"}],"wp:featuredmedia":[{"embeddable":true,"href":"https:\/\/tremunpiercing.com\/es\/wp-json\/wp\/v2\/media\/22214"}],"wp:attachment":[{"href":"https:\/\/tremunpiercing.com\/es\/wp-json\/wp\/v2\/media?parent=22213"}],"wp:term":[{"taxonomy":"product_brand","embeddable":true,"href":"https:\/\/tremunpiercing.com\/es\/wp-json\/wp\/v2\/product_brand?post=22213"},{"taxonomy":"product_cat","embeddable":true,"href":"https:\/\/tremunpiercing.com\/es\/wp-json\/wp\/v2\/product_cat?post=22213"},{"taxonomy":"product_tag","embeddable":true,"href":"https:\/\/tremunpiercing.com\/es\/wp-json\/wp\/v2\/product_tag?post=22213"}],"curies":[{"name":"wp","href":"https:\/\/api.w.org\/{rel}","templated":true}]}}