{"id":22226,"date":"2025-09-23T20:18:34","date_gmt":"2025-09-23T19:18:34","guid":{"rendered":"https:\/\/tremunpiercing.com\/?post_type=product&#038;p=22226"},"modified":"2026-04-20T16:10:04","modified_gmt":"2026-04-20T15:10:04","slug":"cecilia-white","status":"publish","type":"product","link":"https:\/\/tremunpiercing.com\/es\/product\/cecilia-white\/","title":{"rendered":"Cecilia - Blanco"},"content":{"rendered":"<p>Toda colecci\u00f3n de joyer\u00eda profesional debe tener un aspecto cl\u00e1sico de circonita blanca, y nuestro labret Cecilia White ofrece la m\u00e1xima calidad. Este labret cuenta con una brillante circonita c\u00fabica de corte ideal que es 100% claro y dise\u00f1ado para captar la luz con cada movimiento. Se presenta en nuestro elegante engaste de garra Cecilia, dise\u00f1ado para maximizar el brillo de la zirconia c\u00fabica a la vez que mantiene un perfil bajo y un ajuste c\u00f3modo.<\/p>\n<p>Fabricado con titanio de grado de implante (F-136) y un s\u00f3lido poste de rosca interna 16G, este labret es una opci\u00f3n segura perfecta para piercings frescos o cicatrizados. Se trata de un elemento b\u00e1sico imprescindible para las clientas que desean un poco de brillo en la fosa nasal, el l\u00f3bulo o el labio, y que pueden cambiar de estilo sin esfuerzo. Compre unos cuantos para mantener abastecida nuestra joya capilar m\u00e1s vendida y sus profesionales siempre tendr\u00e1n lo que necesitan con un brillo cl\u00e1sico.<\/p>","protected":false},"excerpt":{"rendered":"<ul>\n<li>Rosca interna<\/li>\n<li>Material: Titanio F-136 para implantes<\/li>\n<li>Galga: 16G<\/li>\n<li>Gema: Circonita c\u00fabica<\/li>\n<li>Tama\u00f1o: 4 mm x 6,7 mm<\/li>\n<\/ul>","protected":false},"featured_media":22227,"comment_status":"closed","ping_status":"closed","template":"","meta":{"_acf_changed":false},"product_brand":[],"product_cat":[340,343],"product_tag":[187,179,180,188,209,189,210,211,212,190,183,184,207],"class_list":{"0":"post-22226","1":"product","2":"type-product","3":"status-publish","4":"has-post-thumbnail","6":"product_cat-titanium-jewelry","7":"product_cat-tops-titanium-jewelry","8":"product_tag-conch","9":"product_tag-cristal","10":"product_tag-cz","11":"product_tag-ear","12":"product_tag-faux-rook","13":"product_tag-helix","14":"product_tag-labret","15":"product_tag-lip","16":"product_tag-medusa","17":"product_tag-oreja","18":"product_tag-perforacion","19":"product_tag-piercing","20":"product_tag-tragus","22":"first","23":"instock","24":"taxable","25":"shipping-taxable","26":"purchasable","27":"product-type-simple"},"acf":[],"gallery_images":[27393,27392],"_links":{"self":[{"href":"https:\/\/tremunpiercing.com\/es\/wp-json\/wp\/v2\/product\/22226","targetHints":{"allow":["GET"]}}],"collection":[{"href":"https:\/\/tremunpiercing.com\/es\/wp-json\/wp\/v2\/product"}],"about":[{"href":"https:\/\/tremunpiercing.com\/es\/wp-json\/wp\/v2\/types\/product"}],"replies":[{"embeddable":true,"href":"https:\/\/tremunpiercing.com\/es\/wp-json\/wp\/v2\/comments?post=22226"}],"version-history":[{"count":1,"href":"https:\/\/tremunpiercing.com\/es\/wp-json\/wp\/v2\/product\/22226\/revisions"}],"predecessor-version":[{"id":27394,"href":"https:\/\/tremunpiercing.com\/es\/wp-json\/wp\/v2\/product\/22226\/revisions\/27394"}],"wp:featuredmedia":[{"embeddable":true,"href":"https:\/\/tremunpiercing.com\/es\/wp-json\/wp\/v2\/media\/22227"}],"wp:attachment":[{"href":"https:\/\/tremunpiercing.com\/es\/wp-json\/wp\/v2\/media?parent=22226"}],"wp:term":[{"taxonomy":"product_brand","embeddable":true,"href":"https:\/\/tremunpiercing.com\/es\/wp-json\/wp\/v2\/product_brand?post=22226"},{"taxonomy":"product_cat","embeddable":true,"href":"https:\/\/tremunpiercing.com\/es\/wp-json\/wp\/v2\/product_cat?post=22226"},{"taxonomy":"product_tag","embeddable":true,"href":"https:\/\/tremunpiercing.com\/es\/wp-json\/wp\/v2\/product_tag?post=22226"}],"curies":[{"name":"wp","href":"https:\/\/api.w.org\/{rel}","templated":true}]}}