{"id":22229,"date":"2025-09-23T20:23:16","date_gmt":"2025-09-23T19:23:16","guid":{"rendered":"https:\/\/tremunpiercing.com\/?post_type=product&#038;p=22229"},"modified":"2026-04-18T13:47:22","modified_gmt":"2026-04-18T12:47:22","slug":"cecilia-black","status":"publish","type":"product","link":"https:\/\/tremunpiercing.com\/es\/product\/cecilia-black\/","title":{"rendered":"Cecilia - Negro"},"content":{"rendered":"<p>Satisfaga la necesidad de un estilo limpio y moderno con el labret Cecilia Black. Con una circonita negra perfectamente tallada, este labret es una alternativa elegante y moderna a las gemas transparentes tradicionales. Las delicadas garras del engaste Cecilia crean un estilo minimalista que realza la piedra oscura. Fabricado en titanio ImplantGrade (F-136) con un poste roscado interno 16G, este labret garantiza comodidad y seguridad.<\/p>\n<p>La Cecilia es una pieza b\u00e1sica para cualquier estudio, para un cliente que desee un look monocrom\u00e1tico y atrevido para su oreja, o para un piercing \u00fanico. Por su naturaleza cl\u00e1sica y su versatilidad, es un art\u00edculo necesario y muy demandado por los piercers que atienden a una clientela a la moda.<\/p>","protected":false},"excerpt":{"rendered":"<ul>\n<li>Rosca interna<\/li>\n<li>Material: Titanio F-136 para implantes<\/li>\n<li>Galga: 16G<\/li>\n<li>Gema: Circonita c\u00fabica<\/li>\n<\/ul>","protected":false},"featured_media":22230,"comment_status":"closed","ping_status":"closed","template":"","meta":{"_acf_changed":false},"product_brand":[],"product_cat":[340,343],"product_tag":[187,179,180,188,209,189,210,211,212,190,183,184,207],"class_list":{"0":"post-22229","1":"product","2":"type-product","3":"status-publish","4":"has-post-thumbnail","6":"product_cat-titanium-jewelry","7":"product_cat-tops-titanium-jewelry","8":"product_tag-conch","9":"product_tag-cristal","10":"product_tag-cz","11":"product_tag-ear","12":"product_tag-faux-rook","13":"product_tag-helix","14":"product_tag-labret","15":"product_tag-lip","16":"product_tag-medusa","17":"product_tag-oreja","18":"product_tag-perforacion","19":"product_tag-piercing","20":"product_tag-tragus","22":"first","23":"instock","24":"taxable","25":"shipping-taxable","26":"purchasable","27":"product-type-simple"},"acf":[],"gallery_images":[27364,27363],"_links":{"self":[{"href":"https:\/\/tremunpiercing.com\/es\/wp-json\/wp\/v2\/product\/22229","targetHints":{"allow":["GET"]}}],"collection":[{"href":"https:\/\/tremunpiercing.com\/es\/wp-json\/wp\/v2\/product"}],"about":[{"href":"https:\/\/tremunpiercing.com\/es\/wp-json\/wp\/v2\/types\/product"}],"replies":[{"embeddable":true,"href":"https:\/\/tremunpiercing.com\/es\/wp-json\/wp\/v2\/comments?post=22229"}],"version-history":[{"count":1,"href":"https:\/\/tremunpiercing.com\/es\/wp-json\/wp\/v2\/product\/22229\/revisions"}],"predecessor-version":[{"id":27365,"href":"https:\/\/tremunpiercing.com\/es\/wp-json\/wp\/v2\/product\/22229\/revisions\/27365"}],"wp:featuredmedia":[{"embeddable":true,"href":"https:\/\/tremunpiercing.com\/es\/wp-json\/wp\/v2\/media\/22230"}],"wp:attachment":[{"href":"https:\/\/tremunpiercing.com\/es\/wp-json\/wp\/v2\/media?parent=22229"}],"wp:term":[{"taxonomy":"product_brand","embeddable":true,"href":"https:\/\/tremunpiercing.com\/es\/wp-json\/wp\/v2\/product_brand?post=22229"},{"taxonomy":"product_cat","embeddable":true,"href":"https:\/\/tremunpiercing.com\/es\/wp-json\/wp\/v2\/product_cat?post=22229"},{"taxonomy":"product_tag","embeddable":true,"href":"https:\/\/tremunpiercing.com\/es\/wp-json\/wp\/v2\/product_tag?post=22229"}],"curies":[{"name":"wp","href":"https:\/\/api.w.org\/{rel}","templated":true}]}}