{"id":22235,"date":"2025-09-23T20:32:10","date_gmt":"2025-09-23T19:32:10","guid":{"rendered":"https:\/\/tremunpiercing.com\/?post_type=product&#038;p=22235"},"modified":"2026-04-01T14:53:00","modified_gmt":"2026-04-01T13:53:00","slug":"cecilia-emerald","status":"publish","type":"product","link":"https:\/\/tremunpiercing.com\/es\/product\/cecilia-emerald\/","title":{"rendered":"Cecilia - Esmeralda"},"content":{"rendered":"<p>Haga una declaraci\u00f3n audaz y viva con el labret Cecilia Esmeralda. Este labret cuenta con una zirconia c\u00fabica brillante de color verde intenso tallada a la perfecci\u00f3n para garantizar el m\u00e1ximo brillo. La piedra est\u00e1 engastada con el elegante y distintivo engaste Cecilia, que utiliza garras minimalistas que permiten que la luz pase a trav\u00e9s de la piedra para conseguir el m\u00e1ximo brillo.<\/p>\n<p>Toda la pieza est\u00e1 hecha de titanio de grado de implante (F-136) para un uso seguro e hipoalerg\u00e9nico incluso para el cliente m\u00e1s sensible. El poste con rosca interna 16G es seguro y f\u00e1cil de instalar. La gema verde, cl\u00e1sica pero atrevida, gusta a todo el mundo y es perfecta para a\u00f1adir un toque de color cl\u00e1sico a cualquier piercing. Es un art\u00edculo imprescindible para los estudios con clientes a los que les gusta el brillo atemporal y colorido.<\/p>","protected":false},"excerpt":{"rendered":"<ul>\n<li>Rosca interna<\/li>\n<li>Material: Titanio F-136 para implantes<\/li>\n<li>Galga: 16G<\/li>\n<li>Gema: Circonita c\u00fabica<\/li>\n<li>Tama\u00f1o: 4 mm x 6,7 mm<\/li>\n<\/ul>","protected":false},"featured_media":22236,"comment_status":"closed","ping_status":"closed","template":"","meta":{"_acf_changed":false},"product_brand":[],"product_cat":[340,343],"product_tag":[187,179,180,188,209,189,210,211,212,190,183,184,207],"class_list":{"0":"post-22235","1":"product","2":"type-product","3":"status-publish","4":"has-post-thumbnail","6":"product_cat-titanium-jewelry","7":"product_cat-tops-titanium-jewelry","8":"product_tag-conch","9":"product_tag-cristal","10":"product_tag-cz","11":"product_tag-ear","12":"product_tag-faux-rook","13":"product_tag-helix","14":"product_tag-labret","15":"product_tag-lip","16":"product_tag-medusa","17":"product_tag-oreja","18":"product_tag-perforacion","19":"product_tag-piercing","20":"product_tag-tragus","22":"first","23":"instock","24":"taxable","25":"shipping-taxable","26":"purchasable","27":"product-type-simple"},"acf":[],"gallery_images":[27359,27360],"_links":{"self":[{"href":"https:\/\/tremunpiercing.com\/es\/wp-json\/wp\/v2\/product\/22235","targetHints":{"allow":["GET"]}}],"collection":[{"href":"https:\/\/tremunpiercing.com\/es\/wp-json\/wp\/v2\/product"}],"about":[{"href":"https:\/\/tremunpiercing.com\/es\/wp-json\/wp\/v2\/types\/product"}],"replies":[{"embeddable":true,"href":"https:\/\/tremunpiercing.com\/es\/wp-json\/wp\/v2\/comments?post=22235"}],"version-history":[{"count":1,"href":"https:\/\/tremunpiercing.com\/es\/wp-json\/wp\/v2\/product\/22235\/revisions"}],"predecessor-version":[{"id":27362,"href":"https:\/\/tremunpiercing.com\/es\/wp-json\/wp\/v2\/product\/22235\/revisions\/27362"}],"wp:featuredmedia":[{"embeddable":true,"href":"https:\/\/tremunpiercing.com\/es\/wp-json\/wp\/v2\/media\/22236"}],"wp:attachment":[{"href":"https:\/\/tremunpiercing.com\/es\/wp-json\/wp\/v2\/media?parent=22235"}],"wp:term":[{"taxonomy":"product_brand","embeddable":true,"href":"https:\/\/tremunpiercing.com\/es\/wp-json\/wp\/v2\/product_brand?post=22235"},{"taxonomy":"product_cat","embeddable":true,"href":"https:\/\/tremunpiercing.com\/es\/wp-json\/wp\/v2\/product_cat?post=22235"},{"taxonomy":"product_tag","embeddable":true,"href":"https:\/\/tremunpiercing.com\/es\/wp-json\/wp\/v2\/product_tag?post=22235"}],"curies":[{"name":"wp","href":"https:\/\/api.w.org\/{rel}","templated":true}]}}