{"id":22249,"date":"2025-09-23T20:46:07","date_gmt":"2025-09-23T19:46:07","guid":{"rendered":"https:\/\/tremunpiercing.com\/?post_type=product&#038;p=22249"},"modified":"2026-04-16T15:33:52","modified_gmt":"2026-04-16T14:33:52","slug":"clare-light-peony","status":"publish","type":"product","link":"https:\/\/tremunpiercing.com\/es\/product\/clare-light-peony\/","title":{"rendered":"Clare - Peon\u00eda clara"},"content":{"rendered":"<p>Ilumina tu pantalla con un toque de color suave con el labret Clare - Light Peony. Esta pieza exhibe un impresionante \u00f3palo Peon\u00eda Claro tallado en cabuj\u00f3n que presenta un suave juego de rosas y suaves irisaciones. El \u00f3palo se presenta en un bisel suave y c\u00f3modo hecho de titanio grado implante (F-136), por lo que es perfecto para un piercing nuevo o para piel sensible. Su forma ovalada es de 8,7 mm x 3,25 mm, lo que le da un buen tama\u00f1o sin ser abrumador, y es perfecto para colocaciones como la concha o el daith como una pieza caracter\u00edstica.<\/p>\n<p>El mecanismo de rosca interna 16G es f\u00e1cil y fiable. Esta pieza ser\u00e1 un \u00e9xito para cualquiera que desee a\u00f1adir un color femenino suave y construir su repertorio de piezas que se ajustan a este creciente mercado de joyer\u00eda de estilo declaraci\u00f3n m\u00ednima de alta calidad.<\/p>","protected":false},"excerpt":{"rendered":"<ul>\n<li>Rosca interna<\/li>\n<li>Material: Titanio F-136 para implantes<\/li>\n<li>Galga: 16G<\/li>\n<li>Gema \u00d3palo Peon\u00eda Claro<\/li>\n<li>Tama\u00f1o: 8,7 mm x 3,25 mm<\/li>\n<\/ul>","protected":false},"featured_media":22250,"comment_status":"closed","ping_status":"closed","template":"","meta":{"_acf_changed":false},"product_brand":[],"product_cat":[340,343],"product_tag":[187,179,180,188,209,189,210,211,212,190,183,184,207],"class_list":{"0":"post-22249","1":"product","2":"type-product","3":"status-publish","4":"has-post-thumbnail","6":"product_cat-titanium-jewelry","7":"product_cat-tops-titanium-jewelry","8":"product_tag-conch","9":"product_tag-cristal","10":"product_tag-cz","11":"product_tag-ear","12":"product_tag-faux-rook","13":"product_tag-helix","14":"product_tag-labret","15":"product_tag-lip","16":"product_tag-medusa","17":"product_tag-oreja","18":"product_tag-perforacion","19":"product_tag-piercing","20":"product_tag-tragus","22":"first","23":"instock","24":"taxable","25":"shipping-taxable","26":"purchasable","27":"product-type-simple"},"acf":[],"gallery_images":[27404,27403],"_links":{"self":[{"href":"https:\/\/tremunpiercing.com\/es\/wp-json\/wp\/v2\/product\/22249","targetHints":{"allow":["GET"]}}],"collection":[{"href":"https:\/\/tremunpiercing.com\/es\/wp-json\/wp\/v2\/product"}],"about":[{"href":"https:\/\/tremunpiercing.com\/es\/wp-json\/wp\/v2\/types\/product"}],"replies":[{"embeddable":true,"href":"https:\/\/tremunpiercing.com\/es\/wp-json\/wp\/v2\/comments?post=22249"}],"version-history":[{"count":1,"href":"https:\/\/tremunpiercing.com\/es\/wp-json\/wp\/v2\/product\/22249\/revisions"}],"predecessor-version":[{"id":27406,"href":"https:\/\/tremunpiercing.com\/es\/wp-json\/wp\/v2\/product\/22249\/revisions\/27406"}],"wp:featuredmedia":[{"embeddable":true,"href":"https:\/\/tremunpiercing.com\/es\/wp-json\/wp\/v2\/media\/22250"}],"wp:attachment":[{"href":"https:\/\/tremunpiercing.com\/es\/wp-json\/wp\/v2\/media?parent=22249"}],"wp:term":[{"taxonomy":"product_brand","embeddable":true,"href":"https:\/\/tremunpiercing.com\/es\/wp-json\/wp\/v2\/product_brand?post=22249"},{"taxonomy":"product_cat","embeddable":true,"href":"https:\/\/tremunpiercing.com\/es\/wp-json\/wp\/v2\/product_cat?post=22249"},{"taxonomy":"product_tag","embeddable":true,"href":"https:\/\/tremunpiercing.com\/es\/wp-json\/wp\/v2\/product_tag?post=22249"}],"curies":[{"name":"wp","href":"https:\/\/api.w.org\/{rel}","templated":true}]}}