{"id":22252,"date":"2025-09-23T20:52:45","date_gmt":"2025-09-23T19:52:45","guid":{"rendered":"https:\/\/tremunpiercing.com\/?post_type=product&#038;p=22252"},"modified":"2026-03-20T16:09:11","modified_gmt":"2026-03-20T15:09:11","slug":"grace-moss-agate","status":"publish","type":"product","link":"https:\/\/tremunpiercing.com\/es\/product\/grace-moss-agate\/","title":{"rendered":"Grace - \u00c1gata musgosa"},"content":{"rendered":"<p>Introduzca un toque org\u00e1nico de elegancia en su l\u00ednea de joyer\u00eda con el labret de \u00e1gata musgosa Grace. Presenta una impresionante losa natural pulida de aut\u00e9ntica \u00e1gata musgosa, con inclusiones verdes terrosas \u00fanicas que evocan un paisaje diminuto. Est\u00e1 firmemente engarzado en un bisel limpio de perfil bajo, hecho de titanio de grado de implante (F-136) para un alto nivel de biocompatibilidad.<\/p>\n<p>El poste 16G con rosca interna se adapta a sus clientes de forma segura y c\u00f3moda. Con su cara generosa de 8 mm x 4 mm, hace una declaraci\u00f3n org\u00e1nica encantadora en un piercing de concha, l\u00f3bulo o h\u00e9lix. Atraer\u00e1 a los clientes que buscan un look elevado y \u00fanico y es una gran adici\u00f3n a la colecci\u00f3n de cualquier estudio profesional.<\/p>","protected":false},"excerpt":{"rendered":"<ul>\n<li>Rosca interna<\/li>\n<li>Material: Titanio F-136 para implantes<\/li>\n<li>Galga: 16G<\/li>\n<li>Gema: <span data-sheets-root=\"1\">\u00c1gata musgosa<\/span><\/li>\n<li>Tama\u00f1o: 8 mm x 4 mm<\/li>\n<\/ul>","protected":false},"featured_media":22253,"comment_status":"closed","ping_status":"closed","template":"","meta":{"_acf_changed":false},"product_brand":[],"product_cat":[343,340],"product_tag":[187,188,209,189,205,206,190,183,184,207],"class_list":{"0":"post-22252","1":"product","2":"type-product","3":"status-publish","4":"has-post-thumbnail","6":"product_cat-tops-titanium-jewelry","7":"product_cat-titanium-jewelry","8":"product_tag-conch","9":"product_tag-ear","10":"product_tag-faux-rook","11":"product_tag-helix","12":"product_tag-lobe","13":"product_tag-lobulo","14":"product_tag-oreja","15":"product_tag-perforacion","16":"product_tag-piercing","17":"product_tag-tragus","19":"first","20":"instock","21":"taxable","22":"shipping-taxable","23":"purchasable","24":"product-type-simple"},"acf":[],"gallery_images":[27398,27399],"_links":{"self":[{"href":"https:\/\/tremunpiercing.com\/es\/wp-json\/wp\/v2\/product\/22252","targetHints":{"allow":["GET"]}}],"collection":[{"href":"https:\/\/tremunpiercing.com\/es\/wp-json\/wp\/v2\/product"}],"about":[{"href":"https:\/\/tremunpiercing.com\/es\/wp-json\/wp\/v2\/types\/product"}],"replies":[{"embeddable":true,"href":"https:\/\/tremunpiercing.com\/es\/wp-json\/wp\/v2\/comments?post=22252"}],"version-history":[{"count":1,"href":"https:\/\/tremunpiercing.com\/es\/wp-json\/wp\/v2\/product\/22252\/revisions"}],"predecessor-version":[{"id":27400,"href":"https:\/\/tremunpiercing.com\/es\/wp-json\/wp\/v2\/product\/22252\/revisions\/27400"}],"wp:featuredmedia":[{"embeddable":true,"href":"https:\/\/tremunpiercing.com\/es\/wp-json\/wp\/v2\/media\/22253"}],"wp:attachment":[{"href":"https:\/\/tremunpiercing.com\/es\/wp-json\/wp\/v2\/media?parent=22252"}],"wp:term":[{"taxonomy":"product_brand","embeddable":true,"href":"https:\/\/tremunpiercing.com\/es\/wp-json\/wp\/v2\/product_brand?post=22252"},{"taxonomy":"product_cat","embeddable":true,"href":"https:\/\/tremunpiercing.com\/es\/wp-json\/wp\/v2\/product_cat?post=22252"},{"taxonomy":"product_tag","embeddable":true,"href":"https:\/\/tremunpiercing.com\/es\/wp-json\/wp\/v2\/product_tag?post=22252"}],"curies":[{"name":"wp","href":"https:\/\/api.w.org\/{rel}","templated":true}]}}