{"id":22542,"date":"2025-10-03T21:11:18","date_gmt":"2025-10-03T20:11:18","guid":{"rendered":"https:\/\/tremunpiercing.com\/?post_type=product&#038;p=22542"},"modified":"2026-03-17T15:49:38","modified_gmt":"2026-03-17T14:49:38","slug":"akasha","status":"publish","type":"product","link":"https:\/\/tremunpiercing.com\/es\/product\/akasha\/","title":{"rendered":"Akasha"},"content":{"rendered":"<p>Las joyas para piercing Akasha combinan un sofisticado minimalismo con un toque moderno. Fabricado con titanio F-136 de grado para implantes, proporciona la m\u00e1xima compatibilidad y resistencia con la piel. Con una construcci\u00f3n de rosca interna 16G, Akasha se asegura sin problemas y c\u00f3modamente contra la piel al tiempo que minimiza la irritaci\u00f3n asociada con el roscado.<\/p>\n<p>Un brillo sutil y agradable hace de esta pieza un complemento f\u00e1cil para cualquier piercing de lujo, incluidos los piercings tragus, lobulares, helicoidales o helicoidales delanteros. Akasha es ideal para piercers profesionales y propietarios de estudios que buscan una est\u00e9tica limpia y la m\u00e1xima calidad. La sofisticaci\u00f3n atemporal ejemplifica Akasha, ya que la mayor\u00eda de las colecciones de joyer\u00eda destacan la tranquilidad y la claridad. El acabado de titanio de Akasha proporciona un aspecto pulido y un toque moderno, por lo que es ideal para el estilo de oreja diario y curado.<\/p>","protected":false},"excerpt":{"rendered":"<ul>\n<li>Rosca interna<\/li>\n<li>Material: Titanio F-136 para implantes<\/li>\n<li>Galga: 16G<\/li>\n<li>Tama\u00f1o: 8 mm x 7 mm<\/li>\n<\/ul>","protected":false},"featured_media":22582,"comment_status":"closed","ping_status":"closed","template":"","meta":{"_acf_changed":false},"product_brand":[],"product_cat":[340,343],"product_tag":[187,188,209,189,205,206,190,183,184,207],"class_list":{"0":"post-22542","1":"product","2":"type-product","3":"status-publish","4":"has-post-thumbnail","6":"product_cat-titanium-jewelry","7":"product_cat-tops-titanium-jewelry","8":"product_tag-conch","9":"product_tag-ear","10":"product_tag-faux-rook","11":"product_tag-helix","12":"product_tag-lobe","13":"product_tag-lobulo","14":"product_tag-oreja","15":"product_tag-perforacion","16":"product_tag-piercing","17":"product_tag-tragus","19":"first","20":"instock","21":"taxable","22":"shipping-taxable","23":"purchasable","24":"product-type-simple"},"acf":[],"gallery_images":[27336,27335],"_links":{"self":[{"href":"https:\/\/tremunpiercing.com\/es\/wp-json\/wp\/v2\/product\/22542","targetHints":{"allow":["GET"]}}],"collection":[{"href":"https:\/\/tremunpiercing.com\/es\/wp-json\/wp\/v2\/product"}],"about":[{"href":"https:\/\/tremunpiercing.com\/es\/wp-json\/wp\/v2\/types\/product"}],"replies":[{"embeddable":true,"href":"https:\/\/tremunpiercing.com\/es\/wp-json\/wp\/v2\/comments?post=22542"}],"version-history":[{"count":1,"href":"https:\/\/tremunpiercing.com\/es\/wp-json\/wp\/v2\/product\/22542\/revisions"}],"predecessor-version":[{"id":27337,"href":"https:\/\/tremunpiercing.com\/es\/wp-json\/wp\/v2\/product\/22542\/revisions\/27337"}],"wp:featuredmedia":[{"embeddable":true,"href":"https:\/\/tremunpiercing.com\/es\/wp-json\/wp\/v2\/media\/22582"}],"wp:attachment":[{"href":"https:\/\/tremunpiercing.com\/es\/wp-json\/wp\/v2\/media?parent=22542"}],"wp:term":[{"taxonomy":"product_brand","embeddable":true,"href":"https:\/\/tremunpiercing.com\/es\/wp-json\/wp\/v2\/product_brand?post=22542"},{"taxonomy":"product_cat","embeddable":true,"href":"https:\/\/tremunpiercing.com\/es\/wp-json\/wp\/v2\/product_cat?post=22542"},{"taxonomy":"product_tag","embeddable":true,"href":"https:\/\/tremunpiercing.com\/es\/wp-json\/wp\/v2\/product_tag?post=22542"}],"curies":[{"name":"wp","href":"https:\/\/api.w.org\/{rel}","templated":true}]}}