{"id":22544,"date":"2025-10-03T21:16:18","date_gmt":"2025-10-03T20:16:18","guid":{"rendered":"https:\/\/tremunpiercing.com\/?post_type=product&#038;p=22544"},"modified":"2026-04-18T13:47:22","modified_gmt":"2026-04-18T12:47:22","slug":"noir-web","status":"publish","type":"product","link":"https:\/\/tremunpiercing.com\/es\/product\/noir-web\/","title":{"rendered":"Noir Web"},"content":{"rendered":"<p>El Noir Web es un art\u00edculo de elegancia oscura dise\u00f1ado para profesionales que aprecian las piezas atrevidas y \u00fanicas. Fabricado con titanio F-136 de grado para implantes, disfrutar\u00e1 de una durabilidad y biocompatibilidad superiores para un uso seguro y duradero. La construcci\u00f3n con rosca interna (tama\u00f1o 16G) es suave y f\u00e1cil de instalar, lo que la convierte en la joya ideal tanto para piercings nuevos como para piercings cicatrizados.<\/p>\n<p>El detalle inspirado en la telara\u00f1a se presta a una pieza g\u00f3tica y elegante que luce impresionante en perforaciones de oreja en las ubicaciones de h\u00e9lix, concha o l\u00f3bulo. Una gran elecci\u00f3n para los clientes que buscan algo atrevido pero elegante, el Noir Web a\u00f1ade un toque de estilo misterioso a la colecci\u00f3n de su estudio. Hipoalerg\u00e9nica, ligera y fabricada con precisi\u00f3n, esta pieza es una excelente mezcla de arte y artesan\u00eda.<\/p>","protected":false},"excerpt":{"rendered":"<ul>\n<li>Rosca interna<\/li>\n<li>Material: Titanio F-136 para implantes<\/li>\n<li>Galga: 16G<\/li>\n<li>Tama\u00f1o: 7 mm<\/li>\n<\/ul>","protected":false},"featured_media":22621,"comment_status":"closed","ping_status":"closed","template":"","meta":{"_acf_changed":false},"product_brand":[],"product_cat":[340,343],"product_tag":[187,188,209,189,205,206,190,183,184,207],"class_list":{"0":"post-22544","1":"product","2":"type-product","3":"status-publish","4":"has-post-thumbnail","6":"product_cat-titanium-jewelry","7":"product_cat-tops-titanium-jewelry","8":"product_tag-conch","9":"product_tag-ear","10":"product_tag-faux-rook","11":"product_tag-helix","12":"product_tag-lobe","13":"product_tag-lobulo","14":"product_tag-oreja","15":"product_tag-perforacion","16":"product_tag-piercing","17":"product_tag-tragus","19":"first","20":"instock","21":"taxable","22":"shipping-taxable","23":"purchasable","24":"product-type-simple"},"acf":[],"gallery_images":[27328,27329],"_links":{"self":[{"href":"https:\/\/tremunpiercing.com\/es\/wp-json\/wp\/v2\/product\/22544","targetHints":{"allow":["GET"]}}],"collection":[{"href":"https:\/\/tremunpiercing.com\/es\/wp-json\/wp\/v2\/product"}],"about":[{"href":"https:\/\/tremunpiercing.com\/es\/wp-json\/wp\/v2\/types\/product"}],"replies":[{"embeddable":true,"href":"https:\/\/tremunpiercing.com\/es\/wp-json\/wp\/v2\/comments?post=22544"}],"version-history":[{"count":1,"href":"https:\/\/tremunpiercing.com\/es\/wp-json\/wp\/v2\/product\/22544\/revisions"}],"predecessor-version":[{"id":27330,"href":"https:\/\/tremunpiercing.com\/es\/wp-json\/wp\/v2\/product\/22544\/revisions\/27330"}],"wp:featuredmedia":[{"embeddable":true,"href":"https:\/\/tremunpiercing.com\/es\/wp-json\/wp\/v2\/media\/22621"}],"wp:attachment":[{"href":"https:\/\/tremunpiercing.com\/es\/wp-json\/wp\/v2\/media?parent=22544"}],"wp:term":[{"taxonomy":"product_brand","embeddable":true,"href":"https:\/\/tremunpiercing.com\/es\/wp-json\/wp\/v2\/product_brand?post=22544"},{"taxonomy":"product_cat","embeddable":true,"href":"https:\/\/tremunpiercing.com\/es\/wp-json\/wp\/v2\/product_cat?post=22544"},{"taxonomy":"product_tag","embeddable":true,"href":"https:\/\/tremunpiercing.com\/es\/wp-json\/wp\/v2\/product_tag?post=22544"}],"curies":[{"name":"wp","href":"https:\/\/api.w.org\/{rel}","templated":true}]}}