{"id":22550,"date":"2025-10-03T21:29:16","date_gmt":"2025-10-03T20:29:16","guid":{"rendered":"https:\/\/tremunpiercing.com\/?post_type=product&#038;p=22550"},"modified":"2026-03-31T14:29:22","modified_gmt":"2026-03-31T13:29:22","slug":"gamma-black-onyx","status":"publish","type":"product","link":"https:\/\/tremunpiercing.com\/es\/product\/gamma-black-onyx\/","title":{"rendered":"Gamma - \u00d3nice negro"},"content":{"rendered":"<p>La parte superior Gamma-Black Onyx es una pieza audaz y atemporal que tiene un aspecto limpio y profesional. Fabricado en titanio F-136 de grado de implante y con rosca interna 16G, este tope es seguro, resistente a la corrosi\u00f3n y est\u00e1 dise\u00f1ado para el uso diario. La piedra de \u00f3nice negro profundo emana fuerza y confianza y es la elecci\u00f3n perfecta para piercings de oreja, concha o plano. Una pieza imprescindible para los artistas del piercing que desean un top minimalista de piedras preciosas que combine con todos los estilos y arreglos de joyer\u00eda.<\/p>","protected":false},"excerpt":{"rendered":"<ul>\n<li>Rosca interna<\/li>\n<li>Material: Titanio F-136 para implantes<\/li>\n<li>Galga: 16G<\/li>\n<li>Gema \u00d3nix negro<\/li>\n<li>Tama\u00f1o: 6 mm<\/li>\n<\/ul>","protected":false},"featured_media":22585,"comment_status":"closed","ping_status":"closed","template":"","meta":{"_acf_changed":false},"product_brand":[],"product_cat":[340,343],"product_tag":[187,188,209,189,205,206,190,183,184,207],"class_list":{"0":"post-22550","1":"product","2":"type-product","3":"status-publish","4":"has-post-thumbnail","6":"product_cat-titanium-jewelry","7":"product_cat-tops-titanium-jewelry","8":"product_tag-conch","9":"product_tag-ear","10":"product_tag-faux-rook","11":"product_tag-helix","12":"product_tag-lobe","13":"product_tag-lobulo","14":"product_tag-oreja","15":"product_tag-perforacion","16":"product_tag-piercing","17":"product_tag-tragus","19":"first","20":"instock","21":"taxable","22":"shipping-taxable","23":"purchasable","24":"product-type-simple"},"acf":[],"gallery_images":[27341,27342],"_links":{"self":[{"href":"https:\/\/tremunpiercing.com\/es\/wp-json\/wp\/v2\/product\/22550","targetHints":{"allow":["GET"]}}],"collection":[{"href":"https:\/\/tremunpiercing.com\/es\/wp-json\/wp\/v2\/product"}],"about":[{"href":"https:\/\/tremunpiercing.com\/es\/wp-json\/wp\/v2\/types\/product"}],"replies":[{"embeddable":true,"href":"https:\/\/tremunpiercing.com\/es\/wp-json\/wp\/v2\/comments?post=22550"}],"version-history":[{"count":1,"href":"https:\/\/tremunpiercing.com\/es\/wp-json\/wp\/v2\/product\/22550\/revisions"}],"predecessor-version":[{"id":27343,"href":"https:\/\/tremunpiercing.com\/es\/wp-json\/wp\/v2\/product\/22550\/revisions\/27343"}],"wp:featuredmedia":[{"embeddable":true,"href":"https:\/\/tremunpiercing.com\/es\/wp-json\/wp\/v2\/media\/22585"}],"wp:attachment":[{"href":"https:\/\/tremunpiercing.com\/es\/wp-json\/wp\/v2\/media?parent=22550"}],"wp:term":[{"taxonomy":"product_brand","embeddable":true,"href":"https:\/\/tremunpiercing.com\/es\/wp-json\/wp\/v2\/product_brand?post=22550"},{"taxonomy":"product_cat","embeddable":true,"href":"https:\/\/tremunpiercing.com\/es\/wp-json\/wp\/v2\/product_cat?post=22550"},{"taxonomy":"product_tag","embeddable":true,"href":"https:\/\/tremunpiercing.com\/es\/wp-json\/wp\/v2\/product_tag?post=22550"}],"curies":[{"name":"wp","href":"https:\/\/api.w.org\/{rel}","templated":true}]}}