{"id":22558,"date":"2025-10-03T21:33:56","date_gmt":"2025-10-03T20:33:56","guid":{"rendered":"https:\/\/tremunpiercing.com\/?post_type=product&#038;p=22558"},"modified":"2026-04-15T15:30:31","modified_gmt":"2026-04-15T14:30:31","slug":"crystal-web","status":"publish","type":"product","link":"https:\/\/tremunpiercing.com\/es\/product\/crystal-web\/","title":{"rendered":"Web de cristal"},"content":{"rendered":"<p>El Crystal Web a\u00fana arte y artesan\u00eda en un art\u00edculo extraordinario. Este tope de titanio 16G con rosca interna tiene un et\u00e9reo dise\u00f1o de tela de ara\u00f1a con una brillante piedra central de circonita c\u00fabica que refracta la luz maravillosamente. Fabricado en titanio F-136 de grado de implante, la joya se puede llevar con seguridad en todo tipo de pieles y es apropiada para piercings en h\u00e9lix, concha o tragus. Crystal Web se dise\u00f1\u00f3 para estudios de piercing y minoristas que desean joyas exclusivas y \u00fanicas de alta gama. Crystal Web aporta elegancia con un toque g\u00f3tico.<\/p>","protected":false},"excerpt":{"rendered":"<ul>\n<li>Rosca interna<\/li>\n<li>Material: Titanio F-136 para implantes<\/li>\n<li>Galga: 16G<\/li>\n<li>Gema: Circonita c\u00fabica<\/li>\n<li>Tama\u00f1o: 5,3 mm x 8,4 mm<\/li>\n<\/ul>","protected":false},"featured_media":22588,"comment_status":"closed","ping_status":"closed","template":"","meta":{"_acf_changed":false},"product_brand":[],"product_cat":[340,343],"product_tag":[187,188,209,189,205,206,190,183,184,207],"class_list":{"0":"post-22558","1":"product","2":"type-product","3":"status-publish","4":"has-post-thumbnail","6":"product_cat-titanium-jewelry","7":"product_cat-tops-titanium-jewelry","8":"product_tag-conch","9":"product_tag-ear","10":"product_tag-faux-rook","11":"product_tag-helix","12":"product_tag-lobe","13":"product_tag-lobulo","14":"product_tag-oreja","15":"product_tag-perforacion","16":"product_tag-piercing","17":"product_tag-tragus","19":"first","20":"instock","21":"taxable","22":"shipping-taxable","23":"purchasable","24":"product-type-simple"},"acf":[],"gallery_images":[27307,27308],"_links":{"self":[{"href":"https:\/\/tremunpiercing.com\/es\/wp-json\/wp\/v2\/product\/22558","targetHints":{"allow":["GET"]}}],"collection":[{"href":"https:\/\/tremunpiercing.com\/es\/wp-json\/wp\/v2\/product"}],"about":[{"href":"https:\/\/tremunpiercing.com\/es\/wp-json\/wp\/v2\/types\/product"}],"replies":[{"embeddable":true,"href":"https:\/\/tremunpiercing.com\/es\/wp-json\/wp\/v2\/comments?post=22558"}],"version-history":[{"count":1,"href":"https:\/\/tremunpiercing.com\/es\/wp-json\/wp\/v2\/product\/22558\/revisions"}],"predecessor-version":[{"id":27310,"href":"https:\/\/tremunpiercing.com\/es\/wp-json\/wp\/v2\/product\/22558\/revisions\/27310"}],"wp:featuredmedia":[{"embeddable":true,"href":"https:\/\/tremunpiercing.com\/es\/wp-json\/wp\/v2\/media\/22588"}],"wp:attachment":[{"href":"https:\/\/tremunpiercing.com\/es\/wp-json\/wp\/v2\/media?parent=22558"}],"wp:term":[{"taxonomy":"product_brand","embeddable":true,"href":"https:\/\/tremunpiercing.com\/es\/wp-json\/wp\/v2\/product_brand?post=22558"},{"taxonomy":"product_cat","embeddable":true,"href":"https:\/\/tremunpiercing.com\/es\/wp-json\/wp\/v2\/product_cat?post=22558"},{"taxonomy":"product_tag","embeddable":true,"href":"https:\/\/tremunpiercing.com\/es\/wp-json\/wp\/v2\/product_tag?post=22558"}],"curies":[{"name":"wp","href":"https:\/\/api.w.org\/{rel}","templated":true}]}}