{"id":22564,"date":"2025-10-03T21:59:08","date_gmt":"2025-10-03T20:59:08","guid":{"rendered":"https:\/\/tremunpiercing.com\/?post_type=product&#038;p=22564"},"modified":"2026-04-15T15:30:31","modified_gmt":"2026-04-15T14:30:31","slug":"shadow-web","status":"publish","type":"product","link":"https:\/\/tremunpiercing.com\/es\/product\/shadow-web\/","title":{"rendered":"Sombra Web"},"content":{"rendered":"<p>La Shadow Web es un art\u00edculo exquisito para todos los aficionados al g\u00f3tico con un toque moderno. Fabricado con titanio F-136 de grado de implante, este tope 16G con rosca interna ofrece un intrincado dise\u00f1o de tela de ara\u00f1a con un brillante centro de circonita c\u00fabica. La comodidad y la durabilidad est\u00e1n aseguradas con el material muy ligero que mantendr\u00e1 su brillo a trav\u00e9s del uso diario para cualquier piercing de cart\u00edlago, concha o h\u00e9lix. Este art\u00edculo es perfecto para el artista de piercing profesional o tienda que deseen ofrecer una pieza de la declaraci\u00f3n de la prima a su inventario de joyer\u00eda. Shadow Web es ese delicioso equilibrio de misterio y refinamiento.<\/p>","protected":false},"excerpt":{"rendered":"<ul>\n<li>Rosca interna<\/li>\n<li>Material: Titanio F-136 para implantes<\/li>\n<li>Galga: 16G<\/li>\n<li>Gema: Circonita c\u00fabica<\/li>\n<li>Tama\u00f1o: 8,5 mm<\/li>\n<\/ul>","protected":false},"featured_media":22620,"comment_status":"closed","ping_status":"closed","template":"","meta":{"_acf_changed":false},"product_brand":[],"product_cat":[340,343],"product_tag":[187,188,209,189,205,206,190,183,184,207],"class_list":{"0":"post-22564","1":"product","2":"type-product","3":"status-publish","4":"has-post-thumbnail","6":"product_cat-titanium-jewelry","7":"product_cat-tops-titanium-jewelry","8":"product_tag-conch","9":"product_tag-ear","10":"product_tag-faux-rook","11":"product_tag-helix","12":"product_tag-lobe","13":"product_tag-lobulo","14":"product_tag-oreja","15":"product_tag-perforacion","16":"product_tag-piercing","17":"product_tag-tragus","19":"first","20":"instock","21":"taxable","22":"shipping-taxable","23":"purchasable","24":"product-type-simple"},"acf":[],"gallery_images":[27296,27297],"_links":{"self":[{"href":"https:\/\/tremunpiercing.com\/es\/wp-json\/wp\/v2\/product\/22564","targetHints":{"allow":["GET"]}}],"collection":[{"href":"https:\/\/tremunpiercing.com\/es\/wp-json\/wp\/v2\/product"}],"about":[{"href":"https:\/\/tremunpiercing.com\/es\/wp-json\/wp\/v2\/types\/product"}],"replies":[{"embeddable":true,"href":"https:\/\/tremunpiercing.com\/es\/wp-json\/wp\/v2\/comments?post=22564"}],"version-history":[{"count":2,"href":"https:\/\/tremunpiercing.com\/es\/wp-json\/wp\/v2\/product\/22564\/revisions"}],"predecessor-version":[{"id":27300,"href":"https:\/\/tremunpiercing.com\/es\/wp-json\/wp\/v2\/product\/22564\/revisions\/27300"}],"wp:featuredmedia":[{"embeddable":true,"href":"https:\/\/tremunpiercing.com\/es\/wp-json\/wp\/v2\/media\/22620"}],"wp:attachment":[{"href":"https:\/\/tremunpiercing.com\/es\/wp-json\/wp\/v2\/media?parent=22564"}],"wp:term":[{"taxonomy":"product_brand","embeddable":true,"href":"https:\/\/tremunpiercing.com\/es\/wp-json\/wp\/v2\/product_brand?post=22564"},{"taxonomy":"product_cat","embeddable":true,"href":"https:\/\/tremunpiercing.com\/es\/wp-json\/wp\/v2\/product_cat?post=22564"},{"taxonomy":"product_tag","embeddable":true,"href":"https:\/\/tremunpiercing.com\/es\/wp-json\/wp\/v2\/product_tag?post=22564"}],"curies":[{"name":"wp","href":"https:\/\/api.w.org\/{rel}","templated":true}]}}