{"id":22566,"date":"2025-10-03T22:01:06","date_gmt":"2025-10-03T21:01:06","guid":{"rendered":"https:\/\/tremunpiercing.com\/?post_type=product&#038;p=22566"},"modified":"2026-04-14T13:44:25","modified_gmt":"2026-04-14T12:44:25","slug":"coffin-strawberry-quartz","status":"publish","type":"product","link":"https:\/\/tremunpiercing.com\/es\/product\/coffin-strawberry-quartz\/","title":{"rendered":"Ata\u00fad - Cuarzo fresa"},"content":{"rendered":"<p>Dise\u00f1ado para aquellos que aprecian el detalle y el simbolismo, el Coffin - Strawberry Quartz top muestra una gema en forma de ata\u00fad que brilla con suaves tonos rosados. Hecho de titanio de grado de implante (F-136), y roscado internamente con un poste 16G, ofrece un ajuste seguro y c\u00f3modo adecuado para piercings de oreja curados, piercings helicoidales y piercings planos.<\/p>\n<p>El toque de cuarzo fresa a\u00f1ade calidez y una sensaci\u00f3n de calma, y la pieza crea un acabado \u00fanico y hermoso para cualquier conocedor de la joyer\u00eda con piedras preciosas. Esta joya combina un aspecto vanguardista con una biocompatibilidad superior, por lo que es ideal para piercers y estudios que buscan materiales sin n\u00edquel de alta calidad que resistan el paso del tiempo.<\/p>","protected":false},"excerpt":{"rendered":"<ul>\n<li>Rosca interna<\/li>\n<li>Material: Titanio F-136 para implantes<\/li>\n<li>Galga: 16G<\/li>\n<li>Gema Cuarzo Fresa<\/li>\n<li>Tama\u00f1o: 3 mm x 6 mm<\/li>\n<\/ul>","protected":false},"featured_media":22593,"comment_status":"closed","ping_status":"closed","template":"","meta":{"_acf_changed":false},"product_brand":[],"product_cat":[340,343],"product_tag":[187,179,180,188,209,189,210,211,212,190,183,184,207],"class_list":{"0":"post-22566","1":"product","2":"type-product","3":"status-publish","4":"has-post-thumbnail","6":"product_cat-titanium-jewelry","7":"product_cat-tops-titanium-jewelry","8":"product_tag-conch","9":"product_tag-cristal","10":"product_tag-cz","11":"product_tag-ear","12":"product_tag-faux-rook","13":"product_tag-helix","14":"product_tag-labret","15":"product_tag-lip","16":"product_tag-medusa","17":"product_tag-oreja","18":"product_tag-perforacion","19":"product_tag-piercing","20":"product_tag-tragus","22":"first","23":"instock","24":"taxable","25":"shipping-taxable","26":"purchasable","27":"product-type-simple"},"acf":[],"gallery_images":[27319,27318],"_links":{"self":[{"href":"https:\/\/tremunpiercing.com\/es\/wp-json\/wp\/v2\/product\/22566","targetHints":{"allow":["GET"]}}],"collection":[{"href":"https:\/\/tremunpiercing.com\/es\/wp-json\/wp\/v2\/product"}],"about":[{"href":"https:\/\/tremunpiercing.com\/es\/wp-json\/wp\/v2\/types\/product"}],"replies":[{"embeddable":true,"href":"https:\/\/tremunpiercing.com\/es\/wp-json\/wp\/v2\/comments?post=22566"}],"version-history":[{"count":1,"href":"https:\/\/tremunpiercing.com\/es\/wp-json\/wp\/v2\/product\/22566\/revisions"}],"predecessor-version":[{"id":27320,"href":"https:\/\/tremunpiercing.com\/es\/wp-json\/wp\/v2\/product\/22566\/revisions\/27320"}],"wp:featuredmedia":[{"embeddable":true,"href":"https:\/\/tremunpiercing.com\/es\/wp-json\/wp\/v2\/media\/22593"}],"wp:attachment":[{"href":"https:\/\/tremunpiercing.com\/es\/wp-json\/wp\/v2\/media?parent=22566"}],"wp:term":[{"taxonomy":"product_brand","embeddable":true,"href":"https:\/\/tremunpiercing.com\/es\/wp-json\/wp\/v2\/product_brand?post=22566"},{"taxonomy":"product_cat","embeddable":true,"href":"https:\/\/tremunpiercing.com\/es\/wp-json\/wp\/v2\/product_cat?post=22566"},{"taxonomy":"product_tag","embeddable":true,"href":"https:\/\/tremunpiercing.com\/es\/wp-json\/wp\/v2\/product_tag?post=22566"}],"curies":[{"name":"wp","href":"https:\/\/api.w.org\/{rel}","templated":true}]}}