{"id":22568,"date":"2025-10-03T22:02:58","date_gmt":"2025-10-03T21:02:58","guid":{"rendered":"https:\/\/tremunpiercing.com\/?post_type=product&#038;p=22568"},"modified":"2026-04-07T11:40:57","modified_gmt":"2026-04-07T10:40:57","slug":"coffin-red-garnet","status":"publish","type":"product","link":"https:\/\/tremunpiercing.com\/es\/product\/coffin-red-garnet\/","title":{"rendered":"Ata\u00fad - Granate rojo"},"content":{"rendered":"<p>El Ata\u00fad - Granate Rojo infunde un dise\u00f1o g\u00f3tico con un elemento de vitalidad. Esta pieza est\u00e1 hecha de titanio F-136 de grado de implante e incluye un granate rojo intenso de 3 mm x 6 mm cortado en forma de ata\u00fad, con rosca interna para la mayor comodidad y seguridad de uso. Una gran opci\u00f3n para piercings de oreja, h\u00e9lix o labio, que combina f\u00e1cilmente la est\u00e9tica oscura y la atenci\u00f3n al detalle en la artesan\u00eda.<\/p>\n<p>Dise\u00f1ado espec\u00edficamente para piercers, la base de titanio s\u00f3lido permite durabilidad, pulido de larga duraci\u00f3n y sin corrosi\u00f3n, haciendo de esta una gran opci\u00f3n para aquellos interesados en joyer\u00eda g\u00f3tica de alta calidad en un estudio profesional. Una pieza atrevida a la par que art\u00edstica.<\/p>","protected":false},"excerpt":{"rendered":"<ul>\n<li>Rosca interna<\/li>\n<li>Material: Titanio F-136 para implantes<\/li>\n<li>Galga: 16G<\/li>\n<li>Gema Granate rojo<\/li>\n<li>Tama\u00f1o: 3 mm x 6 mm<\/li>\n<\/ul>","protected":false},"featured_media":22591,"comment_status":"closed","ping_status":"closed","template":"","meta":{"_acf_changed":false},"product_brand":[],"product_cat":[340,343],"product_tag":[187,179,180,188,209,189,210,211,212,190,183,184,207],"class_list":{"0":"post-22568","1":"product","2":"type-product","3":"status-publish","4":"has-post-thumbnail","6":"product_cat-titanium-jewelry","7":"product_cat-tops-titanium-jewelry","8":"product_tag-conch","9":"product_tag-cristal","10":"product_tag-cz","11":"product_tag-ear","12":"product_tag-faux-rook","13":"product_tag-helix","14":"product_tag-labret","15":"product_tag-lip","16":"product_tag-medusa","17":"product_tag-oreja","18":"product_tag-perforacion","19":"product_tag-piercing","20":"product_tag-tragus","22":"first","23":"instock","24":"taxable","25":"shipping-taxable","26":"purchasable","27":"product-type-simple"},"acf":[],"gallery_images":[27314,27315],"_links":{"self":[{"href":"https:\/\/tremunpiercing.com\/es\/wp-json\/wp\/v2\/product\/22568","targetHints":{"allow":["GET"]}}],"collection":[{"href":"https:\/\/tremunpiercing.com\/es\/wp-json\/wp\/v2\/product"}],"about":[{"href":"https:\/\/tremunpiercing.com\/es\/wp-json\/wp\/v2\/types\/product"}],"replies":[{"embeddable":true,"href":"https:\/\/tremunpiercing.com\/es\/wp-json\/wp\/v2\/comments?post=22568"}],"version-history":[{"count":1,"href":"https:\/\/tremunpiercing.com\/es\/wp-json\/wp\/v2\/product\/22568\/revisions"}],"predecessor-version":[{"id":27316,"href":"https:\/\/tremunpiercing.com\/es\/wp-json\/wp\/v2\/product\/22568\/revisions\/27316"}],"wp:featuredmedia":[{"embeddable":true,"href":"https:\/\/tremunpiercing.com\/es\/wp-json\/wp\/v2\/media\/22591"}],"wp:attachment":[{"href":"https:\/\/tremunpiercing.com\/es\/wp-json\/wp\/v2\/media?parent=22568"}],"wp:term":[{"taxonomy":"product_brand","embeddable":true,"href":"https:\/\/tremunpiercing.com\/es\/wp-json\/wp\/v2\/product_brand?post=22568"},{"taxonomy":"product_cat","embeddable":true,"href":"https:\/\/tremunpiercing.com\/es\/wp-json\/wp\/v2\/product_cat?post=22568"},{"taxonomy":"product_tag","embeddable":true,"href":"https:\/\/tremunpiercing.com\/es\/wp-json\/wp\/v2\/product_tag?post=22568"}],"curies":[{"name":"wp","href":"https:\/\/api.w.org\/{rel}","templated":true}]}}