{"id":22578,"date":"2025-10-03T22:16:19","date_gmt":"2025-10-03T21:16:19","guid":{"rendered":"https:\/\/tremunpiercing.com\/?post_type=product&#038;p=22578"},"modified":"2026-04-01T16:29:32","modified_gmt":"2026-04-01T15:29:32","slug":"plague-mask","status":"publish","type":"product","link":"https:\/\/tremunpiercing.com\/es\/product\/plague-mask\/","title":{"rendered":"M\u00e1scara de la peste"},"content":{"rendered":"<p>El dise\u00f1o de The Plague Mask es una moderna pieza de piercing con un atrevido estilo g\u00f3tico. Fabricado en titanio F-136 de grado de implante, la joya con rosca interna tiene un elegante acento de circonita c\u00fabica negra que le da un brillo seductor. Inspirada en la m\u00e1scara hist\u00f3rica de un m\u00e9dico de la peste, esta pieza es ideal para clientes que buscan una joya \u00fanica y llamativa.<\/p>\n<p>La joya es adecuada para piercings de oreja, h\u00e9lix y labret, y ofrece un dise\u00f1o vanguardista pero biocompatible. Como pieza de dise\u00f1o para uso profesional, est\u00e1 pulida con durabilidad para un acabado corrosivo y pulido para crear un aspecto dram\u00e1tico de larga duraci\u00f3n.<\/p>","protected":false},"excerpt":{"rendered":"<ul>\n<li>Rosca interna<\/li>\n<li>Material: Titanio F-136 para implantes<\/li>\n<li>Galga: 16G<\/li>\n<li>Gema: Circonita c\u00fabica negra<\/li>\n<li>Tama\u00f1o: 6 mm x 9 mm<\/li>\n<\/ul>","protected":false},"featured_media":22718,"comment_status":"closed","ping_status":"closed","template":"","meta":{"_acf_changed":false},"product_brand":[],"product_cat":[340,343],"product_tag":[187,188,209,189,205,206,190,183,184,207],"class_list":{"0":"post-22578","1":"product","2":"type-product","3":"status-publish","4":"has-post-thumbnail","6":"product_cat-titanium-jewelry","7":"product_cat-tops-titanium-jewelry","8":"product_tag-conch","9":"product_tag-ear","10":"product_tag-faux-rook","11":"product_tag-helix","12":"product_tag-lobe","13":"product_tag-lobulo","14":"product_tag-oreja","15":"product_tag-perforacion","16":"product_tag-piercing","17":"product_tag-tragus","19":"first","20":"instock","21":"taxable","22":"shipping-taxable","23":"purchasable","24":"product-type-simple"},"acf":[],"gallery_images":[27294,27293],"_links":{"self":[{"href":"https:\/\/tremunpiercing.com\/es\/wp-json\/wp\/v2\/product\/22578","targetHints":{"allow":["GET"]}}],"collection":[{"href":"https:\/\/tremunpiercing.com\/es\/wp-json\/wp\/v2\/product"}],"about":[{"href":"https:\/\/tremunpiercing.com\/es\/wp-json\/wp\/v2\/types\/product"}],"replies":[{"embeddable":true,"href":"https:\/\/tremunpiercing.com\/es\/wp-json\/wp\/v2\/comments?post=22578"}],"version-history":[{"count":1,"href":"https:\/\/tremunpiercing.com\/es\/wp-json\/wp\/v2\/product\/22578\/revisions"}],"predecessor-version":[{"id":27295,"href":"https:\/\/tremunpiercing.com\/es\/wp-json\/wp\/v2\/product\/22578\/revisions\/27295"}],"wp:featuredmedia":[{"embeddable":true,"href":"https:\/\/tremunpiercing.com\/es\/wp-json\/wp\/v2\/media\/22718"}],"wp:attachment":[{"href":"https:\/\/tremunpiercing.com\/es\/wp-json\/wp\/v2\/media?parent=22578"}],"wp:term":[{"taxonomy":"product_brand","embeddable":true,"href":"https:\/\/tremunpiercing.com\/es\/wp-json\/wp\/v2\/product_brand?post=22578"},{"taxonomy":"product_cat","embeddable":true,"href":"https:\/\/tremunpiercing.com\/es\/wp-json\/wp\/v2\/product_cat?post=22578"},{"taxonomy":"product_tag","embeddable":true,"href":"https:\/\/tremunpiercing.com\/es\/wp-json\/wp\/v2\/product_tag?post=22578"}],"curies":[{"name":"wp","href":"https:\/\/api.w.org\/{rel}","templated":true}]}}