{"id":22684,"date":"2025-10-06T21:12:49","date_gmt":"2025-10-06T20:12:49","guid":{"rendered":"https:\/\/tremunpiercing.com\/?post_type=product&#038;p=22684"},"modified":"2026-03-17T12:46:07","modified_gmt":"2026-03-17T11:46:07","slug":"kitty-aqua-cz","status":"publish","type":"product","link":"https:\/\/tremunpiercing.com\/es\/product\/kitty-aqua-cz\/","title":{"rendered":"Kitty - Aqua CZ"},"content":{"rendered":"<p>El Kitty Aqua CZ proporciona un brillo refrescante inspirado en el oc\u00e9ano. Fabricado en titanio F-136 de grado de implante, est\u00e1 roscado internamente para garantizar la facilidad de instalaci\u00f3n y la comodidad durante todo el d\u00eda. La gema de circonita c\u00fabica de color aguamarina brilla con tonos fr\u00edos y capta la luz maravillosamente, por lo que es un dise\u00f1o perfecto para piercings de oreja, fosa nasal y cart\u00edlago.<\/p>\n<p>La base de titanio biocompatible garantiza que la pieza ser\u00e1 segura y aguantar\u00e1 el paso del tiempo, incluso para sus clientes m\u00e1s sensibles. Esta pieza es perfecta para su estudio y clientes pieza profesional, y es una gran pieza para a\u00f1adir a cualquier colecci\u00f3n de joyas, y puede hasta un dise\u00f1o de joyer\u00eda simple con su dise\u00f1o limpio y brillante color vibrante.<\/p>","protected":false},"excerpt":{"rendered":"<ul>\n<li>Rosca interna<\/li>\n<li>Material: Titanio F-136 para implantes<\/li>\n<li>Galga: 16G<\/li>\n<li>Gema: Circonita c\u00fabica<\/li>\n<li>Tama\u00f1o: 3,3 mm x 5,7 mm<\/li>\n<\/ul>","protected":false},"featured_media":23014,"comment_status":"closed","ping_status":"closed","template":"","meta":{"_acf_changed":false},"product_brand":[],"product_cat":[340,343],"product_tag":[187,179,180,188,209,189,210,211,212,199,190,183,213,184,214,185,207],"class_list":{"0":"post-22684","1":"product","2":"type-product","3":"status-publish","4":"has-post-thumbnail","6":"product_cat-titanium-jewelry","7":"product_cat-tops-titanium-jewelry","8":"product_tag-conch","9":"product_tag-cristal","10":"product_tag-cz","11":"product_tag-ear","12":"product_tag-faux-rook","13":"product_tag-helix","14":"product_tag-labret","15":"product_tag-lip","16":"product_tag-medusa","17":"product_tag-nostril","18":"product_tag-oreja","19":"product_tag-perforacion","20":"product_tag-philtrum","21":"product_tag-piercing","22":"product_tag-rook","23":"product_tag-shiny","24":"product_tag-tragus","26":"first","27":"instock","28":"taxable","29":"shipping-taxable","30":"purchasable","31":"product-type-simple"},"acf":[],"gallery_images":[27267,27266],"_links":{"self":[{"href":"https:\/\/tremunpiercing.com\/es\/wp-json\/wp\/v2\/product\/22684","targetHints":{"allow":["GET"]}}],"collection":[{"href":"https:\/\/tremunpiercing.com\/es\/wp-json\/wp\/v2\/product"}],"about":[{"href":"https:\/\/tremunpiercing.com\/es\/wp-json\/wp\/v2\/types\/product"}],"replies":[{"embeddable":true,"href":"https:\/\/tremunpiercing.com\/es\/wp-json\/wp\/v2\/comments?post=22684"}],"version-history":[{"count":1,"href":"https:\/\/tremunpiercing.com\/es\/wp-json\/wp\/v2\/product\/22684\/revisions"}],"predecessor-version":[{"id":27268,"href":"https:\/\/tremunpiercing.com\/es\/wp-json\/wp\/v2\/product\/22684\/revisions\/27268"}],"wp:featuredmedia":[{"embeddable":true,"href":"https:\/\/tremunpiercing.com\/es\/wp-json\/wp\/v2\/media\/23014"}],"wp:attachment":[{"href":"https:\/\/tremunpiercing.com\/es\/wp-json\/wp\/v2\/media?parent=22684"}],"wp:term":[{"taxonomy":"product_brand","embeddable":true,"href":"https:\/\/tremunpiercing.com\/es\/wp-json\/wp\/v2\/product_brand?post=22684"},{"taxonomy":"product_cat","embeddable":true,"href":"https:\/\/tremunpiercing.com\/es\/wp-json\/wp\/v2\/product_cat?post=22684"},{"taxonomy":"product_tag","embeddable":true,"href":"https:\/\/tremunpiercing.com\/es\/wp-json\/wp\/v2\/product_tag?post=22684"}],"curies":[{"name":"wp","href":"https:\/\/api.w.org\/{rel}","templated":true}]}}