{"id":22687,"date":"2025-10-06T21:13:54","date_gmt":"2025-10-06T20:13:54","guid":{"rendered":"https:\/\/tremunpiercing.com\/?post_type=product&#038;p=22687"},"modified":"2026-03-17T14:10:22","modified_gmt":"2026-03-17T13:10:22","slug":"kitty-amethyst-cz","status":"publish","type":"product","link":"https:\/\/tremunpiercing.com\/es\/product\/kitty-amethyst-cz\/","title":{"rendered":"Kitty - Amatista CZ"},"content":{"rendered":"<p>El Kitty Amethyst CZ a\u00f1ade un regio toque de p\u00farpura a cualquier piercing y est\u00e1 fabricado con titanio F-136 de grado para implantes, seguro, ligero, altamente valorado e hipoalerg\u00e9nico. El montaje con rosca interna facilita la inserci\u00f3n y se mantiene en su sitio, perfecto para piercings de cart\u00edlago, nariz o labio. La piedra brillante en zirconia c\u00fabica amatista es un toque perfectamente encantador para los clientes. El Kitty-Amethyst CZ es para profesionales que desean una pieza elegante sin perder la precisi\u00f3n del dise\u00f1o. El estilo de lujo est\u00e1 hecho para llevarlo todos los d\u00edas.<\/p>","protected":false},"excerpt":{"rendered":"<ul>\n<li>Rosca interna<\/li>\n<li>Material: Titanio F-136 para implantes<\/li>\n<li>Galga: 16G<\/li>\n<li>Gema: Circonita c\u00fabica<\/li>\n<li>Tama\u00f1o: 3,3 mm x 5,7 mm<\/li>\n<\/ul>","protected":false},"featured_media":23018,"comment_status":"closed","ping_status":"closed","template":"","meta":{"_acf_changed":false},"product_brand":[],"product_cat":[340,343],"product_tag":[187,179,180,188,209,189,210,211,212,199,190,183,213,184,214,185,207],"class_list":{"0":"post-22687","1":"product","2":"type-product","3":"status-publish","4":"has-post-thumbnail","6":"product_cat-titanium-jewelry","7":"product_cat-tops-titanium-jewelry","8":"product_tag-conch","9":"product_tag-cristal","10":"product_tag-cz","11":"product_tag-ear","12":"product_tag-faux-rook","13":"product_tag-helix","14":"product_tag-labret","15":"product_tag-lip","16":"product_tag-medusa","17":"product_tag-nostril","18":"product_tag-oreja","19":"product_tag-perforacion","20":"product_tag-philtrum","21":"product_tag-piercing","22":"product_tag-rook","23":"product_tag-shiny","24":"product_tag-tragus","26":"first","27":"instock","28":"taxable","29":"shipping-taxable","30":"purchasable","31":"product-type-simple"},"acf":[],"gallery_images":[27264,27263],"_links":{"self":[{"href":"https:\/\/tremunpiercing.com\/es\/wp-json\/wp\/v2\/product\/22687","targetHints":{"allow":["GET"]}}],"collection":[{"href":"https:\/\/tremunpiercing.com\/es\/wp-json\/wp\/v2\/product"}],"about":[{"href":"https:\/\/tremunpiercing.com\/es\/wp-json\/wp\/v2\/types\/product"}],"replies":[{"embeddable":true,"href":"https:\/\/tremunpiercing.com\/es\/wp-json\/wp\/v2\/comments?post=22687"}],"version-history":[{"count":1,"href":"https:\/\/tremunpiercing.com\/es\/wp-json\/wp\/v2\/product\/22687\/revisions"}],"predecessor-version":[{"id":27265,"href":"https:\/\/tremunpiercing.com\/es\/wp-json\/wp\/v2\/product\/22687\/revisions\/27265"}],"wp:featuredmedia":[{"embeddable":true,"href":"https:\/\/tremunpiercing.com\/es\/wp-json\/wp\/v2\/media\/23018"}],"wp:attachment":[{"href":"https:\/\/tremunpiercing.com\/es\/wp-json\/wp\/v2\/media?parent=22687"}],"wp:term":[{"taxonomy":"product_brand","embeddable":true,"href":"https:\/\/tremunpiercing.com\/es\/wp-json\/wp\/v2\/product_brand?post=22687"},{"taxonomy":"product_cat","embeddable":true,"href":"https:\/\/tremunpiercing.com\/es\/wp-json\/wp\/v2\/product_cat?post=22687"},{"taxonomy":"product_tag","embeddable":true,"href":"https:\/\/tremunpiercing.com\/es\/wp-json\/wp\/v2\/product_tag?post=22687"}],"curies":[{"name":"wp","href":"https:\/\/api.w.org\/{rel}","templated":true}]}}