{"id":22690,"date":"2025-10-06T21:14:59","date_gmt":"2025-10-06T20:14:59","guid":{"rendered":"https:\/\/tremunpiercing.com\/?post_type=product&#038;p=22690"},"modified":"2026-03-31T20:02:52","modified_gmt":"2026-03-31T19:02:52","slug":"kitty-emerald-cz","status":"publish","type":"product","link":"https:\/\/tremunpiercing.com\/es\/product\/kitty-emerald-cz\/","title":{"rendered":"Kitty - Esmeralda CZ"},"content":{"rendered":"<p>El Kitty Esmeralda CZ ofrece un brillo exquisito y una artesan\u00eda superior. Fabricado con titanio F-136 de grado de implante, est\u00e1 roscado internamente para facilitar y garantizar la seguridad de la instalaci\u00f3n. La impresionante zirconia c\u00fabica verde esmeralda proporciona un brillo vivo y vibrante, por lo que es una opci\u00f3n perfecta para piercings de oreja, h\u00e9lix o fosa nasal.<\/p>\n<p>El Kitty est\u00e1 dise\u00f1ado para su uso en estudios para capturar el destello y el brillo, y como se puede esterilizar una y otra vez, usted y sus clientes tendr\u00e1n la seguridad de su fiabilidad. El Kitty es ideal para estudios que desean ofrecer a sus clientes opciones de primera calidad que tambi\u00e9n sean fiables, con la belleza de las piedras preciosas y la fiabilidad del titanio.<\/p>","protected":false},"excerpt":{"rendered":"<ul>\n<li>Rosca interna<\/li>\n<li>Material: Titanio F-136 para implantes<\/li>\n<li>Galga: 16G<\/li>\n<li>Gema: Circonita c\u00fabica<\/li>\n<li>Tama\u00f1o: 3,3 mm x 5,7 mm<\/li>\n<\/ul>","protected":false},"featured_media":23019,"comment_status":"closed","ping_status":"closed","template":"","meta":{"_acf_changed":false},"product_brand":[],"product_cat":[340,343],"product_tag":[187,179,180,188,209,189,210,211,212,199,190,183,213,184,214,185,207],"class_list":{"0":"post-22690","1":"product","2":"type-product","3":"status-publish","4":"has-post-thumbnail","6":"product_cat-titanium-jewelry","7":"product_cat-tops-titanium-jewelry","8":"product_tag-conch","9":"product_tag-cristal","10":"product_tag-cz","11":"product_tag-ear","12":"product_tag-faux-rook","13":"product_tag-helix","14":"product_tag-labret","15":"product_tag-lip","16":"product_tag-medusa","17":"product_tag-nostril","18":"product_tag-oreja","19":"product_tag-perforacion","20":"product_tag-philtrum","21":"product_tag-piercing","22":"product_tag-rook","23":"product_tag-shiny","24":"product_tag-tragus","26":"first","27":"instock","28":"taxable","29":"shipping-taxable","30":"purchasable","31":"product-type-simple"},"acf":[],"gallery_images":[27261,27260],"_links":{"self":[{"href":"https:\/\/tremunpiercing.com\/es\/wp-json\/wp\/v2\/product\/22690","targetHints":{"allow":["GET"]}}],"collection":[{"href":"https:\/\/tremunpiercing.com\/es\/wp-json\/wp\/v2\/product"}],"about":[{"href":"https:\/\/tremunpiercing.com\/es\/wp-json\/wp\/v2\/types\/product"}],"replies":[{"embeddable":true,"href":"https:\/\/tremunpiercing.com\/es\/wp-json\/wp\/v2\/comments?post=22690"}],"version-history":[{"count":1,"href":"https:\/\/tremunpiercing.com\/es\/wp-json\/wp\/v2\/product\/22690\/revisions"}],"predecessor-version":[{"id":27262,"href":"https:\/\/tremunpiercing.com\/es\/wp-json\/wp\/v2\/product\/22690\/revisions\/27262"}],"wp:featuredmedia":[{"embeddable":true,"href":"https:\/\/tremunpiercing.com\/es\/wp-json\/wp\/v2\/media\/23019"}],"wp:attachment":[{"href":"https:\/\/tremunpiercing.com\/es\/wp-json\/wp\/v2\/media?parent=22690"}],"wp:term":[{"taxonomy":"product_brand","embeddable":true,"href":"https:\/\/tremunpiercing.com\/es\/wp-json\/wp\/v2\/product_brand?post=22690"},{"taxonomy":"product_cat","embeddable":true,"href":"https:\/\/tremunpiercing.com\/es\/wp-json\/wp\/v2\/product_cat?post=22690"},{"taxonomy":"product_tag","embeddable":true,"href":"https:\/\/tremunpiercing.com\/es\/wp-json\/wp\/v2\/product_tag?post=22690"}],"curies":[{"name":"wp","href":"https:\/\/api.w.org\/{rel}","templated":true}]}}