{"id":22720,"date":"2025-10-06T21:43:49","date_gmt":"2025-10-06T20:43:49","guid":{"rendered":"https:\/\/tremunpiercing.com\/?post_type=product&#038;p=22720"},"modified":"2026-04-10T22:41:32","modified_gmt":"2026-04-10T21:41:32","slug":"threadless-barbell-with-sky-blue-opal","status":"publish","type":"product","link":"https:\/\/tremunpiercing.com\/es\/product\/threadless-barbell-with-sky-blue-opal\/","title":{"rendered":"Barbell sin hilo con \u00f3palo azul cielo"},"content":{"rendered":"<p>Utilice nuestra barra sin rosca con \u00f3palo azul cielo para dar nueva vida a su pantalla. El extremo tiene un aut\u00e9ntico \u00f3palo azul cielo de 4 mm, conocido por sus colores tranquilos, como nubes, que cambian ligeramente con la luz. Fabricado con titanio F136 de grado implante, es seguro para piercings recientes y piel sensible.<\/p>\n<p>El barbell 14G viene en tres longitudes est\u00e1ndar (12 mm, 14 mm y 16 mm), por lo que es adecuado para casi todas las colocaciones. Es ideal para llevar en piercings labiales (como Labret y Monroe) y en fosas nasales, donde el color calmante realmente destaca. Este fiable sistema sin rosca proporciona un ajuste c\u00f3modo y al ras, que atraer\u00e1 a los clientes que buscan una belleza relajada y et\u00e9rea.<\/p>","protected":false},"excerpt":{"rendered":"<ul>\n<li>Joyas con pasador<\/li>\n<li>Material: Titanio F-136 para implantes<\/li>\n<li>Calibre: 14G<\/li>\n<li>Longitud: 12 mm, 14 mm, 16 mm<\/li>\n<li>Tama\u00f1o del accesorio: 4 mm<\/li>\n<li>Gema: \u00d3palo azul cielo<\/li>\n<\/ul>","protected":false},"featured_media":22740,"comment_status":"closed","ping_status":"closed","template":"","meta":{"_acf_changed":false},"product_brand":[],"product_cat":[345,340],"product_tag":[298,188,189,190,183,184],"class_list":{"0":"post-22720","1":"product","2":"type-product","3":"status-publish","4":"has-post-thumbnail","6":"product_cat-barbell-titanium-jewelry","7":"product_cat-titanium-jewelry","8":"product_tag-barbell","9":"product_tag-ear","10":"product_tag-helix","11":"product_tag-oreja","12":"product_tag-perforacion","13":"product_tag-piercing","15":"first","16":"instock","17":"taxable","18":"shipping-taxable","19":"purchasable","20":"product-type-variable"},"acf":[],"gallery_images":[27233,27234],"_links":{"self":[{"href":"https:\/\/tremunpiercing.com\/es\/wp-json\/wp\/v2\/product\/22720","targetHints":{"allow":["GET"]}}],"collection":[{"href":"https:\/\/tremunpiercing.com\/es\/wp-json\/wp\/v2\/product"}],"about":[{"href":"https:\/\/tremunpiercing.com\/es\/wp-json\/wp\/v2\/types\/product"}],"replies":[{"embeddable":true,"href":"https:\/\/tremunpiercing.com\/es\/wp-json\/wp\/v2\/comments?post=22720"}],"version-history":[{"count":1,"href":"https:\/\/tremunpiercing.com\/es\/wp-json\/wp\/v2\/product\/22720\/revisions"}],"predecessor-version":[{"id":27235,"href":"https:\/\/tremunpiercing.com\/es\/wp-json\/wp\/v2\/product\/22720\/revisions\/27235"}],"wp:featuredmedia":[{"embeddable":true,"href":"https:\/\/tremunpiercing.com\/es\/wp-json\/wp\/v2\/media\/22740"}],"wp:attachment":[{"href":"https:\/\/tremunpiercing.com\/es\/wp-json\/wp\/v2\/media?parent=22720"}],"wp:term":[{"taxonomy":"product_brand","embeddable":true,"href":"https:\/\/tremunpiercing.com\/es\/wp-json\/wp\/v2\/product_brand?post=22720"},{"taxonomy":"product_cat","embeddable":true,"href":"https:\/\/tremunpiercing.com\/es\/wp-json\/wp\/v2\/product_cat?post=22720"},{"taxonomy":"product_tag","embeddable":true,"href":"https:\/\/tremunpiercing.com\/es\/wp-json\/wp\/v2\/product_tag?post=22720"}],"curies":[{"name":"wp","href":"https:\/\/api.w.org\/{rel}","templated":true}]}}