{"id":22788,"date":"2025-10-07T22:57:35","date_gmt":"2025-10-07T21:57:35","guid":{"rendered":"https:\/\/tremunpiercing.com\/?post_type=product&#038;p=22788"},"modified":"2026-04-20T17:28:21","modified_gmt":"2026-04-20T16:28:21","slug":"crown-spike-moss-agate","status":"publish","type":"product","link":"https:\/\/tremunpiercing.com\/es\/product\/crown-spike-moss-agate\/","title":{"rendered":"Espiga de corona - \u00c1gata musgosa"},"content":{"rendered":"<p>El pendiente Crown Spike Moss Agate refleja una elegancia segura y una belleza realista. Fabricado a mano con titanio F-136 implantado, incorpora una gema natural de \u00e1gata musgosa, que muestra patrones verdes org\u00e1nicos y es apreciada por su energ\u00eda enraizadora. El engaste en forma de corona le da un toque de realeza, mientras que el detalle de la espiga confiere a la pieza un aire moderno y art\u00edstico.<\/p>\n<p>Disponible en 16G-14G para adaptarse a cualquier persona con piercings de estilo preferido y un car\u00e1cter amante de las declaraciones, ejemplifica una toma art\u00edstica en un elegante pendiente de perno. Al igual que con todas las joyas Pierce, es roscado internamente para facilitar su uso y funcionalmente serio sobre la comodidad y la seguridad. Esta pieza combina la naturaleza en bruto con la belleza del acabado y es ideal para reunir un aspecto inigualable y distintivo de joyer\u00eda elevada.<\/p>","protected":false},"excerpt":{"rendered":"<ul>\n<li>Rosca interna<\/li>\n<li>Material: Titanio F-136 para implantes<\/li>\n<li>Gema: <span data-sheets-root=\"1\">\u00c1gata musgosa<\/span><\/li>\n<li>Calibre: 16G - 14G<\/li>\n<li>Tama\u00f1o: 4 mm x 4 mm<\/li>\n<\/ul>","protected":false},"featured_media":23004,"comment_status":"closed","ping_status":"closed","template":"","meta":{"_acf_changed":false},"product_brand":[],"product_cat":[340,343],"product_tag":[187,188,189,205,206,212,190,183,213,184,207],"class_list":{"0":"post-22788","1":"product","2":"type-product","3":"status-publish","4":"has-post-thumbnail","6":"product_cat-titanium-jewelry","7":"product_cat-tops-titanium-jewelry","8":"product_tag-conch","9":"product_tag-ear","10":"product_tag-helix","11":"product_tag-lobe","12":"product_tag-lobulo","13":"product_tag-medusa","14":"product_tag-oreja","15":"product_tag-perforacion","16":"product_tag-philtrum","17":"product_tag-piercing","18":"product_tag-tragus","20":"first","21":"instock","22":"taxable","23":"shipping-taxable","24":"purchasable","25":"product-type-variable"},"acf":[],"gallery_images":[27217,27218],"_links":{"self":[{"href":"https:\/\/tremunpiercing.com\/es\/wp-json\/wp\/v2\/product\/22788","targetHints":{"allow":["GET"]}}],"collection":[{"href":"https:\/\/tremunpiercing.com\/es\/wp-json\/wp\/v2\/product"}],"about":[{"href":"https:\/\/tremunpiercing.com\/es\/wp-json\/wp\/v2\/types\/product"}],"replies":[{"embeddable":true,"href":"https:\/\/tremunpiercing.com\/es\/wp-json\/wp\/v2\/comments?post=22788"}],"version-history":[{"count":1,"href":"https:\/\/tremunpiercing.com\/es\/wp-json\/wp\/v2\/product\/22788\/revisions"}],"predecessor-version":[{"id":27219,"href":"https:\/\/tremunpiercing.com\/es\/wp-json\/wp\/v2\/product\/22788\/revisions\/27219"}],"wp:featuredmedia":[{"embeddable":true,"href":"https:\/\/tremunpiercing.com\/es\/wp-json\/wp\/v2\/media\/23004"}],"wp:attachment":[{"href":"https:\/\/tremunpiercing.com\/es\/wp-json\/wp\/v2\/media?parent=22788"}],"wp:term":[{"taxonomy":"product_brand","embeddable":true,"href":"https:\/\/tremunpiercing.com\/es\/wp-json\/wp\/v2\/product_brand?post=22788"},{"taxonomy":"product_cat","embeddable":true,"href":"https:\/\/tremunpiercing.com\/es\/wp-json\/wp\/v2\/product_cat?post=22788"},{"taxonomy":"product_tag","embeddable":true,"href":"https:\/\/tremunpiercing.com\/es\/wp-json\/wp\/v2\/product_tag?post=22788"}],"curies":[{"name":"wp","href":"https:\/\/api.w.org\/{rel}","templated":true}]}}