{"id":23034,"date":"2025-10-10T23:11:41","date_gmt":"2025-10-10T22:11:41","guid":{"rendered":"https:\/\/tremunpiercing.com\/?post_type=product&#038;p=23034"},"modified":"2026-04-02T14:43:22","modified_gmt":"2026-04-02T13:43:22","slug":"natalie-peridot-cz","status":"publish","type":"product","link":"https:\/\/tremunpiercing.com\/es\/product\/natalie-peridot-cz\/","title":{"rendered":"Natalie - Peridoto CZ"},"content":{"rendered":"<p>Fresco, alegre y lleno de vida, el CZ Natalie Peridot es la mejor opci\u00f3n para a\u00f1adir un toque de verde a su look. La brillante gema peridoto resplandece con brillo natural y refleja renovaci\u00f3n y optimismo. Fabricado en titanio F-136 de grado implante, ofrece un brillo duradero, un confort seguro para la piel y resistencia a la corrosi\u00f3n; para las usuarias sensibles, esto es imprescindible.<\/p>\n<p>Su dise\u00f1o de rosca interna garantiza que sea suave y seguro, en el que conf\u00edan tanto los profesionales como los aficionados a la joyer\u00eda. El Peridoto Natalie queda muy bien en un piercing helicoidal, en el l\u00f3bulo o en el tragus, y es ideal como pieza minimalista o como parte de un grupo de joyas. Con esta piedra verde brillante, puede a\u00f1adir un refrescante toque de color y calidad atemporal a su estilo.<\/p>","protected":false},"excerpt":{"rendered":"<ul>\n<li>Rosca interna<\/li>\n<li>Material: Titanio F-136 para implantes<\/li>\n<li>Gema Peridoto<\/li>\n<li>Galga: 16G<\/li>\n<\/ul>","protected":false},"featured_media":23035,"comment_status":"closed","ping_status":"closed","template":"","meta":{"_acf_changed":false},"product_brand":[],"product_cat":[340,343],"product_tag":[187,188,189,205,206,212,190,183,213,184,207],"class_list":{"0":"post-23034","1":"product","2":"type-product","3":"status-publish","4":"has-post-thumbnail","6":"product_cat-titanium-jewelry","7":"product_cat-tops-titanium-jewelry","8":"product_tag-conch","9":"product_tag-ear","10":"product_tag-helix","11":"product_tag-lobe","12":"product_tag-lobulo","13":"product_tag-medusa","14":"product_tag-oreja","15":"product_tag-perforacion","16":"product_tag-philtrum","17":"product_tag-piercing","18":"product_tag-tragus","20":"first","21":"instock","22":"taxable","23":"shipping-taxable","24":"purchasable","25":"product-type-simple"},"acf":[],"gallery_images":[27119,27118],"_links":{"self":[{"href":"https:\/\/tremunpiercing.com\/es\/wp-json\/wp\/v2\/product\/23034","targetHints":{"allow":["GET"]}}],"collection":[{"href":"https:\/\/tremunpiercing.com\/es\/wp-json\/wp\/v2\/product"}],"about":[{"href":"https:\/\/tremunpiercing.com\/es\/wp-json\/wp\/v2\/types\/product"}],"replies":[{"embeddable":true,"href":"https:\/\/tremunpiercing.com\/es\/wp-json\/wp\/v2\/comments?post=23034"}],"version-history":[{"count":1,"href":"https:\/\/tremunpiercing.com\/es\/wp-json\/wp\/v2\/product\/23034\/revisions"}],"predecessor-version":[{"id":27120,"href":"https:\/\/tremunpiercing.com\/es\/wp-json\/wp\/v2\/product\/23034\/revisions\/27120"}],"wp:featuredmedia":[{"embeddable":true,"href":"https:\/\/tremunpiercing.com\/es\/wp-json\/wp\/v2\/media\/23035"}],"wp:attachment":[{"href":"https:\/\/tremunpiercing.com\/es\/wp-json\/wp\/v2\/media?parent=23034"}],"wp:term":[{"taxonomy":"product_brand","embeddable":true,"href":"https:\/\/tremunpiercing.com\/es\/wp-json\/wp\/v2\/product_brand?post=23034"},{"taxonomy":"product_cat","embeddable":true,"href":"https:\/\/tremunpiercing.com\/es\/wp-json\/wp\/v2\/product_cat?post=23034"},{"taxonomy":"product_tag","embeddable":true,"href":"https:\/\/tremunpiercing.com\/es\/wp-json\/wp\/v2\/product_tag?post=23034"}],"curies":[{"name":"wp","href":"https:\/\/api.w.org\/{rel}","templated":true}]}}