{"id":23038,"date":"2025-10-10T23:15:27","date_gmt":"2025-10-10T22:15:27","guid":{"rendered":"https:\/\/tremunpiercing.com\/?post_type=product&#038;p=23038"},"modified":"2026-03-31T00:29:57","modified_gmt":"2026-03-30T23:29:57","slug":"natalie-champagne-cz","status":"publish","type":"product","link":"https:\/\/tremunpiercing.com\/es\/product\/natalie-champagne-cz\/","title":{"rendered":"Natalie - Champ\u00e1n CZ"},"content":{"rendered":"<p>Sutil, c\u00e1lida e irresistiblemente refinada, Natalie Champagne CZ a\u00f1ade un lujo discreto a su colecci\u00f3n de joyas piercing. El suave tono dorado de la gema de circonita c\u00fabica brilla suavemente con una sofisticaci\u00f3n que resulta hermosa con cualquier tono de piel. Fabricada en titanio F-136, esta gema para piercing es extremadamente resistente, ligera, hipoalerg\u00e9nica y c\u00f3moda.<\/p>\n<p>El dise\u00f1o de rosca interna facilita su colocaci\u00f3n y fijaci\u00f3n, por lo que a los profesionales les encanta usarlo. Puedes lucirlo formalmente para eventos especiales o para el d\u00eda a d\u00eda. Natalie Champagne a\u00f1ade un acabado atemporal a tus piercings. Comb\u00ednala con cualquier pieza de oro y\/u otras joyas de plata en contraste para crear un look lujoso sin esfuerzo.<\/p>","protected":false},"excerpt":{"rendered":"<ul>\n<li>Rosca interna<\/li>\n<li>Material: Titanio F-136 para implantes<\/li>\n<li>Gema: Circonita c\u00fabica<\/li>\n<li>Galga: 16G<\/li>\n<\/ul>","protected":false},"featured_media":23039,"comment_status":"closed","ping_status":"closed","template":"","meta":{"_acf_changed":false},"product_brand":[],"product_cat":[340,343],"product_tag":[187,188,189,205,206,212,190,183,213,184,207],"class_list":{"0":"post-23038","1":"product","2":"type-product","3":"status-publish","4":"has-post-thumbnail","6":"product_cat-titanium-jewelry","7":"product_cat-tops-titanium-jewelry","8":"product_tag-conch","9":"product_tag-ear","10":"product_tag-helix","11":"product_tag-lobe","12":"product_tag-lobulo","13":"product_tag-medusa","14":"product_tag-oreja","15":"product_tag-perforacion","16":"product_tag-philtrum","17":"product_tag-piercing","18":"product_tag-tragus","20":"first","21":"instock","22":"taxable","23":"shipping-taxable","24":"purchasable","25":"product-type-simple"},"acf":[],"gallery_images":[27115,27116],"_links":{"self":[{"href":"https:\/\/tremunpiercing.com\/es\/wp-json\/wp\/v2\/product\/23038","targetHints":{"allow":["GET"]}}],"collection":[{"href":"https:\/\/tremunpiercing.com\/es\/wp-json\/wp\/v2\/product"}],"about":[{"href":"https:\/\/tremunpiercing.com\/es\/wp-json\/wp\/v2\/types\/product"}],"replies":[{"embeddable":true,"href":"https:\/\/tremunpiercing.com\/es\/wp-json\/wp\/v2\/comments?post=23038"}],"version-history":[{"count":1,"href":"https:\/\/tremunpiercing.com\/es\/wp-json\/wp\/v2\/product\/23038\/revisions"}],"predecessor-version":[{"id":27117,"href":"https:\/\/tremunpiercing.com\/es\/wp-json\/wp\/v2\/product\/23038\/revisions\/27117"}],"wp:featuredmedia":[{"embeddable":true,"href":"https:\/\/tremunpiercing.com\/es\/wp-json\/wp\/v2\/media\/23039"}],"wp:attachment":[{"href":"https:\/\/tremunpiercing.com\/es\/wp-json\/wp\/v2\/media?parent=23038"}],"wp:term":[{"taxonomy":"product_brand","embeddable":true,"href":"https:\/\/tremunpiercing.com\/es\/wp-json\/wp\/v2\/product_brand?post=23038"},{"taxonomy":"product_cat","embeddable":true,"href":"https:\/\/tremunpiercing.com\/es\/wp-json\/wp\/v2\/product_cat?post=23038"},{"taxonomy":"product_tag","embeddable":true,"href":"https:\/\/tremunpiercing.com\/es\/wp-json\/wp\/v2\/product_tag?post=23038"}],"curies":[{"name":"wp","href":"https:\/\/api.w.org\/{rel}","templated":true}]}}