{"id":23046,"date":"2025-10-10T23:18:29","date_gmt":"2025-10-10T22:18:29","guid":{"rendered":"https:\/\/tremunpiercing.com\/?post_type=product&#038;p=23046"},"modified":"2026-03-31T14:24:08","modified_gmt":"2026-03-31T13:24:08","slug":"natalie-vitrial-cz","status":"publish","type":"product","link":"https:\/\/tremunpiercing.com\/es\/product\/natalie-vitrial-cz\/","title":{"rendered":"Natalie - Vitrial CZ"},"content":{"rendered":"<p>Infunde un poco de fabuloso color a tu colecci\u00f3n de piercings con el CZ Natalie Vitrial. Esta magn\u00edfica pieza cuenta con una zirconia c\u00fabica multitonal, una hermosa piedra que tiene incre\u00edbles destellos de color rosa, p\u00farpura y verde que brillan y resplandecen en cualquier luz. El Natalie est\u00e1 fabricado en titanio F-136 de grado m\u00e9dico, que es ligero, resistente a la corrosi\u00f3n y excepcionalmente c\u00f3modo para un uso prolongado. El dise\u00f1o de rosca interna asegura un ajuste c\u00f3modo y suave para sus piercings de esp\u00edritu libre o piercings curados.<\/p>\n<p>El Natalie quedar\u00e1 precioso en tu l\u00f3bulo, h\u00e9lix o concha. Ll\u00e9velo con salud y a\u00f1ada su propio toque de individualidad. Amada por los artistas del piercing y los entusiastas de la joyer\u00eda, esta joya garantiza unos est\u00e1ndares de seguridad de nivel profesional y un lujo visual, porque te mereces un brillo lujoso que dure.<\/p>","protected":false},"excerpt":{"rendered":"<ul>\n<li>Rosca interna<\/li>\n<li>Material: Titanio F-136 para implantes<\/li>\n<li>Gema: Circonita c\u00fabica<\/li>\n<li>Galga: 16G<\/li>\n<\/ul>","protected":false},"featured_media":23047,"comment_status":"closed","ping_status":"closed","template":"","meta":{"_acf_changed":false},"product_brand":[],"product_cat":[340,343],"product_tag":[187,188,189,205,206,212,190,183,213,184,207],"class_list":{"0":"post-23046","1":"product","2":"type-product","3":"status-publish","4":"has-post-thumbnail","6":"product_cat-titanium-jewelry","7":"product_cat-tops-titanium-jewelry","8":"product_tag-conch","9":"product_tag-ear","10":"product_tag-helix","11":"product_tag-lobe","12":"product_tag-lobulo","13":"product_tag-medusa","14":"product_tag-oreja","15":"product_tag-perforacion","16":"product_tag-philtrum","17":"product_tag-piercing","18":"product_tag-tragus","20":"first","21":"instock","22":"taxable","23":"shipping-taxable","24":"purchasable","25":"product-type-simple"},"acf":[],"gallery_images":[27109,27110],"_links":{"self":[{"href":"https:\/\/tremunpiercing.com\/es\/wp-json\/wp\/v2\/product\/23046","targetHints":{"allow":["GET"]}}],"collection":[{"href":"https:\/\/tremunpiercing.com\/es\/wp-json\/wp\/v2\/product"}],"about":[{"href":"https:\/\/tremunpiercing.com\/es\/wp-json\/wp\/v2\/types\/product"}],"replies":[{"embeddable":true,"href":"https:\/\/tremunpiercing.com\/es\/wp-json\/wp\/v2\/comments?post=23046"}],"version-history":[{"count":1,"href":"https:\/\/tremunpiercing.com\/es\/wp-json\/wp\/v2\/product\/23046\/revisions"}],"predecessor-version":[{"id":27111,"href":"https:\/\/tremunpiercing.com\/es\/wp-json\/wp\/v2\/product\/23046\/revisions\/27111"}],"wp:featuredmedia":[{"embeddable":true,"href":"https:\/\/tremunpiercing.com\/es\/wp-json\/wp\/v2\/media\/23047"}],"wp:attachment":[{"href":"https:\/\/tremunpiercing.com\/es\/wp-json\/wp\/v2\/media?parent=23046"}],"wp:term":[{"taxonomy":"product_brand","embeddable":true,"href":"https:\/\/tremunpiercing.com\/es\/wp-json\/wp\/v2\/product_brand?post=23046"},{"taxonomy":"product_cat","embeddable":true,"href":"https:\/\/tremunpiercing.com\/es\/wp-json\/wp\/v2\/product_cat?post=23046"},{"taxonomy":"product_tag","embeddable":true,"href":"https:\/\/tremunpiercing.com\/es\/wp-json\/wp\/v2\/product_tag?post=23046"}],"curies":[{"name":"wp","href":"https:\/\/api.w.org\/{rel}","templated":true}]}}