{"id":23135,"date":"2025-10-14T19:10:09","date_gmt":"2025-10-14T18:10:09","guid":{"rendered":"https:\/\/tremunpiercing.com\/?post_type=product&#038;p=23135"},"modified":"2026-03-24T17:57:51","modified_gmt":"2026-03-24T16:57:51","slug":"bowie-and-dick-test-package","status":"publish","type":"product","link":"https:\/\/tremunpiercing.com\/es\/product\/bowie-and-dick-test-package\/","title":{"rendered":"Paquete de prueba Bowie y Dick"},"content":{"rendered":"<p data-start=\"0\" data-end=\"257\">Los paquetes de prueba Bowie &amp; Dick permiten verificar la correcta eliminaci\u00f3n del aire de la c\u00e1mara de esterilizaci\u00f3n y la completa penetraci\u00f3n del vapor en las cargas porosas.<\/p>\n<p data-start=\"0\" data-end=\"257\"><br data-start=\"163\" data-end=\"166\" \/>La prueba Bowie &amp; Dick simula el funcionamiento del aparato y eval\u00faa espec\u00edficamente:<\/p>\n<ul data-start=\"259\" data-end=\"450\" data-is-last-node=\"\" data-is-only-node=\"\">\n<li data-start=\"259\" data-end=\"361\">\n<p data-start=\"261\" data-end=\"361\">La eficacia del ciclo de prevac\u00edo y, por tanto, la penetraci\u00f3n del vapor en el interior de las cavidades;<\/p>\n<\/li>\n<li data-start=\"362\" data-end=\"450\" data-is-last-node=\"\">\n<p data-start=\"364\" data-end=\"450\" data-is-last-node=\"\">Los valores de temperatura y presi\u00f3n del vapor saturado durante la fase de esterilizaci\u00f3n.<\/p>\n<\/li>\n<\/ul>\n<p><strong data-start=\"0\" data-end=\"22\" data-is-only-node=\"\">Caracter\u00edsticas t\u00e9cnicas<\/strong><\/p>\n<p><br data-start=\"22\" data-end=\"25\" \/>Embalaje exterior: caja de cart\u00f3n con indicador de proceso para ciclos de vapor.<\/p>\n<p><br data-start=\"98\" data-end=\"101\" \/>En su interior, el paquete consta de dos capas filtrantes de celulosa, con una tarjeta de prueba que contiene el indicador Bowie &amp; Dick colocada en el centro.<\/p>\n<p><br data-start=\"246\" data-end=\"249\" \/>El indicador no suelta tinta, ya que est\u00e1 recubierto de una pel\u00edcula de pl\u00e1stico.<\/p>\n<p><br data-start=\"321\" data-end=\"324\" \/>El embalaje del paquete EC.STEAM 98 S garantiza una compacidad constante del paquete interno, lo que permite una correcta permeaci\u00f3n del vapor a trav\u00e9s de los poros del propio papel, en lugar de a trav\u00e9s de los posibles huecos que podr\u00edan formarse entre las hojas individuales.<\/p>\n<p><br data-start=\"572\" data-end=\"575\" \/>Todos los materiales utilizados en el envase son aptos para uso m\u00e9dico.<\/p>\n<p><br data-start=\"635\" data-end=\"638\" \/>El envase est\u00e1 equipado externamente con un indicador de proceso que se vuelve gris\/negro tras el procesado, lo que permite identificar f\u00e1cilmente los envases procesados y los no procesados.<\/p>","protected":false},"excerpt":{"rendered":"<ul>\n<li data-start=\"72\" data-end=\"102\">\n<p data-start=\"74\" data-end=\"102\"><strong data-start=\"74\" data-end=\"100\">Prueba de penetraci\u00f3n de vapor<\/strong><\/p>\n<\/li>\n<li data-start=\"103\" data-end=\"134\">\n<p data-start=\"105\" data-end=\"134\"><strong data-start=\"105\" data-end=\"132\">Verificaci\u00f3n previa a la aspiraci\u00f3n<\/strong><\/p>\n<\/li>\n<li data-start=\"135\" data-end=\"165\">\n<p data-start=\"137\" data-end=\"165\"><strong data-start=\"137\" data-end=\"163\">Tarjeta indicadora de proceso<\/strong><\/p>\n<\/li>\n<li data-start=\"166\" data-end=\"197\">\n<p data-start=\"168\" data-end=\"197\"><strong data-start=\"168\" data-end=\"195\">Materiales de grado m\u00e9dico<\/strong><\/p>\n<\/li>\n<li data-start=\"198\" data-end=\"234\">\n<p data-start=\"200\" data-end=\"234\"><strong data-start=\"200\" data-end=\"232\">Envases compactos coherentes<\/strong><\/p>\n<\/li>\n<li data-start=\"235\" data-end=\"267\" data-is-last-node=\"\">\n<p data-start=\"237\" data-end=\"267\" data-is-last-node=\"\"><strong data-start=\"237\" data-end=\"267\" data-is-last-node=\"\">F\u00e1cil identificaci\u00f3n de resultados<\/strong><\/p>\n<\/li>\n<\/ul>","protected":false},"featured_media":23136,"comment_status":"closed","ping_status":"closed","template":"","meta":{"_acf_changed":false},"product_brand":[],"product_cat":[376],"product_tag":[192,193,202,179,180,194,188,189,195,196,226,190,183,184,197,198],"class_list":{"0":"post-23135","1":"product","2":"type-product","3":"status-publish","4":"has-post-thumbnail","6":"product_cat-medical-supplies","7":"product_tag-anillo","8":"product_tag-argolla","9":"product_tag-clicker","10":"product_tag-cristal","11":"product_tag-cz","12":"product_tag-daith","13":"product_tag-ear","14":"product_tag-helix","15":"product_tag-hinged-ring","16":"product_tag-nariz","17":"product_tag-opal","18":"product_tag-oreja","19":"product_tag-perforacion","20":"product_tag-piercing","21":"product_tag-ring","22":"product_tag-septum","24":"first","25":"instock","26":"taxable","27":"shipping-taxable","28":"purchasable","29":"product-type-simple"},"acf":[],"gallery_images":[],"_links":{"self":[{"href":"https:\/\/tremunpiercing.com\/es\/wp-json\/wp\/v2\/product\/23135","targetHints":{"allow":["GET"]}}],"collection":[{"href":"https:\/\/tremunpiercing.com\/es\/wp-json\/wp\/v2\/product"}],"about":[{"href":"https:\/\/tremunpiercing.com\/es\/wp-json\/wp\/v2\/types\/product"}],"replies":[{"embeddable":true,"href":"https:\/\/tremunpiercing.com\/es\/wp-json\/wp\/v2\/comments?post=23135"}],"version-history":[{"count":0,"href":"https:\/\/tremunpiercing.com\/es\/wp-json\/wp\/v2\/product\/23135\/revisions"}],"wp:featuredmedia":[{"embeddable":true,"href":"https:\/\/tremunpiercing.com\/es\/wp-json\/wp\/v2\/media\/23136"}],"wp:attachment":[{"href":"https:\/\/tremunpiercing.com\/es\/wp-json\/wp\/v2\/media?parent=23135"}],"wp:term":[{"taxonomy":"product_brand","embeddable":true,"href":"https:\/\/tremunpiercing.com\/es\/wp-json\/wp\/v2\/product_brand?post=23135"},{"taxonomy":"product_cat","embeddable":true,"href":"https:\/\/tremunpiercing.com\/es\/wp-json\/wp\/v2\/product_cat?post=23135"},{"taxonomy":"product_tag","embeddable":true,"href":"https:\/\/tremunpiercing.com\/es\/wp-json\/wp\/v2\/product_tag?post=23135"}],"curies":[{"name":"wp","href":"https:\/\/api.w.org\/{rel}","templated":true}]}}