{"id":23362,"date":"2025-10-21T19:35:56","date_gmt":"2025-10-21T18:35:56","guid":{"rendered":"https:\/\/tremunpiercing.com\/?post_type=product&#038;p=23362"},"modified":"2026-04-16T14:19:01","modified_gmt":"2026-04-16T13:19:01","slug":"ellie-amethyst","status":"publish","type":"product","link":"https:\/\/tremunpiercing.com\/es\/product\/ellie-amethyst\/","title":{"rendered":"Ellie Amatista"},"content":{"rendered":"<p>El Ellie Amethyst es una muestra cl\u00e1sica de lujo, con un cuerpo de oro amarillo de 14 quilates que encierra una amatista de color violeta intenso como pieza central. Perfectamente adecuado para los profesionales que aprecian la elegancia sutil, esta pieza de 14G con rosca interna es una opci\u00f3n duradera y c\u00f3moda para el uso diario. La lujosa superficie de oro permite que la luz natural de la amatista brille a trav\u00e9s de ella, a la vez que infunde color y estilo a cualquier piercing.<\/p>\n<p>El Ellie Amethyst funciona bien en cualquier piercing de ombligo, pez\u00f3n o industrial, mientras que su roscado seguro se inserta f\u00e1cilmente y proporciona una soluci\u00f3n segura y ajustada. El Ellie Amethyst combina una artesan\u00eda lujosa con una sofisticaci\u00f3n discreta, proporcionando a sus clientes una pieza \u00fanica de la que hablar con sus amigos. Esta pieza de joyer\u00eda no s\u00f3lo atraer\u00eda a los estudios de piercing de gama alta, sino tambi\u00e9n a los minoristas de joyer\u00eda de gama alta que desean ofrecer algo especial a sus clientes.<\/p>","protected":false},"excerpt":{"rendered":"<ul>\n<li>Rosca interna<\/li>\n<li>Calibre: 14G<\/li>\n<li>Material: Oro amarillo 14k<\/li>\n<li>Gema Amatista<\/li>\n<\/ul>","protected":false},"featured_media":23363,"comment_status":"closed","ping_status":"closed","template":"","meta":{"_acf_changed":false},"product_brand":[],"product_cat":[400,337,463],"product_tag":[187,188,189,205,206,190,183,184,207],"class_list":{"0":"post-23362","1":"product","2":"type-product","3":"status-publish","4":"has-post-thumbnail","6":"product_cat-tremun","7":"product_cat-gold-jewelry","8":"product_cat-tops-gold-tremun","9":"product_tag-conch","10":"product_tag-ear","11":"product_tag-helix","12":"product_tag-lobe","13":"product_tag-lobulo","14":"product_tag-oreja","15":"product_tag-perforacion","16":"product_tag-piercing","17":"product_tag-tragus","19":"first","20":"instock","21":"taxable","22":"shipping-taxable","23":"purchasable","24":"product-type-simple"},"acf":[],"gallery_images":[29199,29198],"_links":{"self":[{"href":"https:\/\/tremunpiercing.com\/es\/wp-json\/wp\/v2\/product\/23362","targetHints":{"allow":["GET"]}}],"collection":[{"href":"https:\/\/tremunpiercing.com\/es\/wp-json\/wp\/v2\/product"}],"about":[{"href":"https:\/\/tremunpiercing.com\/es\/wp-json\/wp\/v2\/types\/product"}],"replies":[{"embeddable":true,"href":"https:\/\/tremunpiercing.com\/es\/wp-json\/wp\/v2\/comments?post=23362"}],"version-history":[{"count":1,"href":"https:\/\/tremunpiercing.com\/es\/wp-json\/wp\/v2\/product\/23362\/revisions"}],"predecessor-version":[{"id":29200,"href":"https:\/\/tremunpiercing.com\/es\/wp-json\/wp\/v2\/product\/23362\/revisions\/29200"}],"wp:featuredmedia":[{"embeddable":true,"href":"https:\/\/tremunpiercing.com\/es\/wp-json\/wp\/v2\/media\/23363"}],"wp:attachment":[{"href":"https:\/\/tremunpiercing.com\/es\/wp-json\/wp\/v2\/media?parent=23362"}],"wp:term":[{"taxonomy":"product_brand","embeddable":true,"href":"https:\/\/tremunpiercing.com\/es\/wp-json\/wp\/v2\/product_brand?post=23362"},{"taxonomy":"product_cat","embeddable":true,"href":"https:\/\/tremunpiercing.com\/es\/wp-json\/wp\/v2\/product_cat?post=23362"},{"taxonomy":"product_tag","embeddable":true,"href":"https:\/\/tremunpiercing.com\/es\/wp-json\/wp\/v2\/product_tag?post=23362"}],"curies":[{"name":"wp","href":"https:\/\/api.w.org\/{rel}","templated":true}]}}